{"id":160662,"date":"2025-12-19T01:18:24","date_gmt":"2025-12-18T22:18:24","guid":{"rendered":"https:\/\/baldumarket.lt\/product\/szafka-kuchenna-dolna-1-drzwiowa-langen-grey-d45-p-l\/"},"modified":"2026-02-18T11:27:19","modified_gmt":"2026-02-18T08:27:19","slug":"szafka-kuchenna-dolna-1-drzwiowa-langen-grey-d45-p-l","status":"publish","type":"product","link":"https:\/\/baldumarket.lt\/lt\/product\/szafka-kuchenna-dolna-1-drzwiowa-langen-grey-d45-p-l\/","title":{"rendered":"Apatin\u0117 virtuv\u0117s spintel\u0117 1 dur\u0173 Langen Gray D45 P\/L"},"content":{"rendered":"<p>Su \u201eLangen Grey D45\u201c apatine spintele suteikite savo virtuvei modernaus stiliaus ir funkcionalumo. Tai puikus bet kurios virtuv\u0117s papildymas, kurioje svarbus ir dizainas, ir prakti\u0161kumas. Prislopinta matinio fasado pilka spalva dera su \u0161iltu \u201eArtisan Oak\u201c \u0105\u017euolo atspalviu, sukurdama eleganti\u0161k\u0105 ir jauk\u0173 interjer\u0105.<\/p>\n<p>Kiekviena \u0161ios spintel\u0117s detal\u0117 sukurta galvojant apie kasdien\u012f komfort\u0105. Reguliuojamos kojel\u0117s leid\u017eia idealiai reguliuoti auk\u0161t\u012f pagal j\u016bs\u0173 virtuv\u0117s poreikius, tod\u0117l ji tinka tiek moderniam, tiek tradiciniam interjerui. Auk\u0161tos kokyb\u0117s med\u017eiagos garantuoja patvarum\u0105 ir atsparum\u0105 kasdieniam naudojimui, tod\u0117l tai ilgalaik\u0117 investicija.<\/p>\n<p>Pasirink\u0119 minimalistin\u0119 juod\u0105 ranken\u0117l\u0119 arba moderni\u0105, be ranken\u0117li\u0173 veikian\u010di\u0105 atidarymo spustel\u0117jus sistem\u0105, galite laisvai susikurti virtuv\u0119 pagal savo skon\u012f. Nepriklausomai nuo j\u016bs\u0173 pasirinkimo, \u0161ie sprendimai pabr\u0117\u017eia \u0161iuolaiki\u0161k\u0105 virtuv\u0117s charakter\u012f, kur funkcionalumas ir estetika dera tarpusavyje.<\/p>\n<p>Savaranki\u0161kas surinkimas leid\u017eia greitai ir lengvai sukurti tobul\u0105 daikt\u0173 laikymo erdv\u0119 \u2013 tai privalumas tiems, kurie vertina patogum\u0105 ir individualum\u0105. \u201eLangen Grey\u201c spintel\u0117 yra ne tik eleganti\u0161ka, bet ir prakti\u0161ka, apjungianti visas \u0161ias savybes viename stilingame gaminyje.<\/p>","protected":false},"excerpt":{"rendered":"<p>Plotis (cm): 45<br \/>\n\u016agis (cm): 82<br \/>\nGylis (cm): 47<\/p>","protected":false},"featured_media":160663,"comment_status":"open","ping_status":"open","template":"","meta":[],"product_brand":[],"product_cat":[9442,4106],"product_tag":[],"class_list":{"0":"post-160662","1":"product","2":"type-product","3":"status-publish","4":"has-post-thumbnail","6":"product_cat-kitchen-system-langen-dab-artisan","7":"product_cat-gala-meble","9":"first","10":"instock","11":"purchasable","12":"product-type-simple"},"_links":{"self":[{"href":"https:\/\/baldumarket.lt\/lt\/wp-json\/wp\/v2\/product\/160662","targetHints":{"allow":["GET"]}}],"collection":[{"href":"https:\/\/baldumarket.lt\/lt\/wp-json\/wp\/v2\/product"}],"about":[{"href":"https:\/\/baldumarket.lt\/lt\/wp-json\/wp\/v2\/types\/product"}],"replies":[{"embeddable":true,"href":"https:\/\/baldumarket.lt\/lt\/wp-json\/wp\/v2\/comments?post=160662"}],"wp:featuredmedia":[{"embeddable":true,"href":"https:\/\/baldumarket.lt\/lt\/wp-json\/wp\/v2\/media\/160663"}],"wp:attachment":[{"href":"https:\/\/baldumarket.lt\/lt\/wp-json\/wp\/v2\/media?parent=160662"}],"wp:term":[{"taxonomy":"product_brand","embeddable":true,"href":"https:\/\/baldumarket.lt\/lt\/wp-json\/wp\/v2\/product_brand?post=160662"},{"taxonomy":"product_cat","embeddable":true,"href":"https:\/\/baldumarket.lt\/lt\/wp-json\/wp\/v2\/product_cat?post=160662"},{"taxonomy":"product_tag","embeddable":true,"href":"https:\/\/baldumarket.lt\/lt\/wp-json\/wp\/v2\/product_tag?post=160662"}],"curies":[{"name":"wp","href":"https:\/\/api.w.org\/{rel}","templated":true}]}}