{"id":160658,"date":"2025-12-19T01:18:16","date_gmt":"2025-12-18T22:18:16","guid":{"rendered":"https:\/\/baldumarket.lt\/product\/szafka-kuchenna-dolna-1-drzwiowa-lewa-d30-l-aspen-grey-szary-polysk\/"},"modified":"2026-02-06T19:54:21","modified_gmt":"2026-02-06T16:54:21","slug":"szafka-kuchenna-dolna-1-drzwiowa-lewa-d30-l-aspen-grey-szary-polysk","status":"publish","type":"product","link":"https:\/\/baldumarket.lt\/lt\/product\/szafka-kuchenna-dolna-1-drzwiowa-lewa-d30-l-aspen-grey-szary-polysk\/","title":{"rendered":"Apatin\u0117 virtuv\u0117s spintel\u0117, 1 dur\u0173, kair\u0117, D30-L, drebul\u0117s pilka, blizgi, dengta"},"content":{"rendered":"<p>Pakelkite savo interjero estetik\u0105 \u012f kit\u0105 lyg\u012f su \u201eAspen Grey\u201c apatine virtuv\u0117s spintele i\u0161 \u201eGa\u0142a Meble\u201c. Jos blizgus pilkas priekis meistri\u0161kai kontrastuoja su matin\u0117s baltos spalvos korpusu, suteikdamas j\u016bs\u0173 interjerui klas\u0117s ir modernaus elegancijos. Tai puikus pasirinkimas tiems, kurie vertina skandinavi\u0161ko minimalizmo estetik\u0105, kur funkcionalumas dera su rafinuotu dizainu.<\/p>\n<p>Nors spintel\u0117 yra tik 30 cm plo\u010dio, jos apgalvotas dizainas u\u017etikrina maksimal\u0173 erdv\u0117s i\u0161naudojim\u0105 j\u016bs\u0173 virtuv\u0117je. Ji idealiai tinka laikyti ma\u017eus virtuv\u0117s daiktus, u\u017etikrinant, kad kiekvienas daiktas tur\u0117t\u0173 savo viet\u0105. Funkcionalumas dera su subtilumu, prisidedant prie tvarkingo ir harmoningo interjero.<\/p>\n<p>D\u0117l reguliuojam\u0173 kojeli\u0173 spintel\u0117s auk\u0161t\u012f galite puikiai pritaikyti savo poreikiams, tod\u0117l ji tampa dar universalesn\u0117 ir prakti\u0161kesn\u0117. \u0160is sprendimas visada bus po ranka, kad ir kokia besikei\u010dianti ir dinami\u0161ka tapt\u0173 j\u016bs\u0173 virtuv\u0117s erdv\u0117. Savaime u\u017esidaranti sistema taip pat u\u017etikrina paprast\u0105 naudojim\u0105, u\u017etikrindama tyl\u0173 ir \u0161veln\u0173 dureli\u0173 u\u017edarym\u0105.<\/p>\n<p>Savaranki\u0161kas surinkimas yra intuityvus ir paprastas, tod\u0117l j\u012f lengva valdyti be papildomos pagalbos. Gaminys pagamintas i\u0161 tvirtos MDF ir laminuotos plok\u0161t\u0117s, u\u017etikrinan\u010dios patvarum\u0105 ir atsparum\u0105 kasdieniam d\u0117v\u0117jimuisi. \u201eAspen Grey\u201c virtuv\u0117s apatin\u0117 spintel\u0117 yra funkcionalumo ir stiliaus \u012fsik\u016bnijimas, tapsiantis j\u016bs\u0173 virtuv\u0117s interjero \u0161irdimi.<\/p>","protected":false},"excerpt":{"rendered":"<p>Plotis (cm): 30<br \/>\n\u016agis (cm): 82<br \/>\nGylis (cm): 47<\/p>","protected":false},"featured_media":160659,"comment_status":"open","ping_status":"open","template":"","meta":[],"product_brand":[],"product_cat":[9451,4106,9118],"product_tag":[],"class_list":{"0":"post-160658","1":"product","2":"type-product","3":"status-publish","4":"has-post-thumbnail","6":"product_cat-kitchen-system-aspen-grey","7":"product_cat-gala-meble","8":"product_cat-kitchen-cabinets","10":"first","11":"instock","12":"purchasable","13":"product-type-simple"},"_links":{"self":[{"href":"https:\/\/baldumarket.lt\/lt\/wp-json\/wp\/v2\/product\/160658","targetHints":{"allow":["GET"]}}],"collection":[{"href":"https:\/\/baldumarket.lt\/lt\/wp-json\/wp\/v2\/product"}],"about":[{"href":"https:\/\/baldumarket.lt\/lt\/wp-json\/wp\/v2\/types\/product"}],"replies":[{"embeddable":true,"href":"https:\/\/baldumarket.lt\/lt\/wp-json\/wp\/v2\/comments?post=160658"}],"wp:featuredmedia":[{"embeddable":true,"href":"https:\/\/baldumarket.lt\/lt\/wp-json\/wp\/v2\/media\/160659"}],"wp:attachment":[{"href":"https:\/\/baldumarket.lt\/lt\/wp-json\/wp\/v2\/media?parent=160658"}],"wp:term":[{"taxonomy":"product_brand","embeddable":true,"href":"https:\/\/baldumarket.lt\/lt\/wp-json\/wp\/v2\/product_brand?post=160658"},{"taxonomy":"product_cat","embeddable":true,"href":"https:\/\/baldumarket.lt\/lt\/wp-json\/wp\/v2\/product_cat?post=160658"},{"taxonomy":"product_tag","embeddable":true,"href":"https:\/\/baldumarket.lt\/lt\/wp-json\/wp\/v2\/product_tag?post=160658"}],"curies":[{"name":"wp","href":"https:\/\/api.w.org\/{rel}","templated":true}]}}