{"id":160654,"date":"2025-12-19T01:18:08","date_gmt":"2025-12-18T22:18:08","guid":{"rendered":"https:\/\/baldumarket.lt\/product\/szafka-kuchenna-dolna-1-drzwiowa-lewa-d30-l-aspen-white-bialy-polysk\/"},"modified":"2026-02-08T11:24:36","modified_gmt":"2026-02-08T08:24:36","slug":"szafka-kuchenna-dolna-1-drzwiowa-lewa-d30-l-aspen-white-bialy-polysk","status":"publish","type":"product","link":"https:\/\/baldumarket.lt\/lt\/product\/szafka-kuchenna-dolna-1-drzwiowa-lewa-d30-l-aspen-white-bialy-polysk\/","title":{"rendered":"Apatin\u0117 virtuv\u0117s spintel\u0117, 1 dur\u0173, kair\u0117, D30-L, drebul\u0117s baltumo, blizgiai balta"},"content":{"rendered":"<p>Pristatome i\u0161skirtin\u0119 \u201eAspen White\u201c spalvos virtuv\u0117s spintel\u0119 su unikaliu dizainu, kuris j\u016bs\u0173 virtuvei suteiks eleganti\u0161ko blizgesio ir modernumo. Jos blizgi balta priekin\u0117 dalis puikiai kontrastuoja su matiniu korpuso pavir\u0161iumi, sukurdama harmoning\u0105, ta\u010diau dinami\u0161k\u0105 vizualin\u0119 kompozicij\u0105. \u0160is subtilus akcentas suteiks interjerui unikal\u0173 charakter\u012f ir stiling\u0105 i\u0161vaizd\u0105.<\/p>\n<p>\u0160io baldo funkcionalumas prad\u017eiugins kiekvien\u0105 vartotoj\u0105. D\u0117l suprojektuotos konstrukcijos spintel\u0117 idealiai tinka tiek ma\u017eoms, tiek erdvioms virtuv\u0117ms, nes suteikia papildomos vietos kasdieniams virtuv\u0117s reikmenims laikyti. Reguliuojamos kojel\u0117s leid\u017eia puikiai reguliuoti auk\u0161t\u012f pagal individualius poreikius, u\u017etikrinant patog\u0173 naudojim\u0105, nepriklausomai nuo s\u0105lyg\u0173.<\/p>\n<p>MDF plok\u0161t\u0117s panaudojimas priekin\u0117je dalyje pabr\u0117\u017eia auk\u0161\u010diausi\u0105 gaminio kokyb\u0119 ir ilgaam\u017ei\u0161kum\u0105, i\u0161laikant lengv\u0105 dizain\u0105. Laminuotos plok\u0161t\u0117s korpusas savo ruo\u017etu garantuoja atsparum\u0105 dr\u0117gmei ir besikei\u010dian\u010dioms virtuv\u0117s s\u0105lygoms, u\u017etikrindamas, kad spintel\u0117 tarnaut\u0173 ilgus metus, i\u0161laikant originali\u0105 i\u0161vaizd\u0105.<\/p>\n<p>D\u0117l moderni\u0173 savaime u\u017esidaran\u010di\u0173 vyri\u0173 spintele naudotis tampa ne\u012ftik\u0117tinai patogu. Durel\u0117s u\u017esidaro tyliai ir skland\u017eiai, ne tik padidindamos nam\u0173 jaukum\u0105, bet ir apsaugodamos baldus nuo nereikalingo nusid\u0117v\u0117jimo. Savaranki\u0161kas surinkimas yra paprastas ir intuityvus, tod\u0117l netrukus gal\u0117site m\u0117gautis savo naujuoju virtuv\u0117s priedu.<\/p>","protected":false},"excerpt":{"rendered":"<p>Plotis (cm): 30<br \/>\n\u016agis (cm): 82<br \/>\nGylis (cm): 47<\/p>","protected":false},"featured_media":160655,"comment_status":"open","ping_status":"open","template":"","meta":[],"product_brand":[],"product_cat":[9445,4106,9118],"product_tag":[],"class_list":{"0":"post-160654","1":"product","2":"type-product","3":"status-publish","4":"has-post-thumbnail","6":"product_cat-kitchen-system-aspen-white","7":"product_cat-gala-meble","8":"product_cat-kitchen-cabinets","10":"first","11":"instock","12":"purchasable","13":"product-type-simple"},"_links":{"self":[{"href":"https:\/\/baldumarket.lt\/lt\/wp-json\/wp\/v2\/product\/160654","targetHints":{"allow":["GET"]}}],"collection":[{"href":"https:\/\/baldumarket.lt\/lt\/wp-json\/wp\/v2\/product"}],"about":[{"href":"https:\/\/baldumarket.lt\/lt\/wp-json\/wp\/v2\/types\/product"}],"replies":[{"embeddable":true,"href":"https:\/\/baldumarket.lt\/lt\/wp-json\/wp\/v2\/comments?post=160654"}],"wp:featuredmedia":[{"embeddable":true,"href":"https:\/\/baldumarket.lt\/lt\/wp-json\/wp\/v2\/media\/160655"}],"wp:attachment":[{"href":"https:\/\/baldumarket.lt\/lt\/wp-json\/wp\/v2\/media?parent=160654"}],"wp:term":[{"taxonomy":"product_brand","embeddable":true,"href":"https:\/\/baldumarket.lt\/lt\/wp-json\/wp\/v2\/product_brand?post=160654"},{"taxonomy":"product_cat","embeddable":true,"href":"https:\/\/baldumarket.lt\/lt\/wp-json\/wp\/v2\/product_cat?post=160654"},{"taxonomy":"product_tag","embeddable":true,"href":"https:\/\/baldumarket.lt\/lt\/wp-json\/wp\/v2\/product_tag?post=160654"}],"curies":[{"name":"wp","href":"https:\/\/api.w.org\/{rel}","templated":true}]}}