{"id":160649,"date":"2025-12-19T01:17:57","date_gmt":"2025-12-18T22:17:57","guid":{"rendered":"https:\/\/baldumarket.lt\/product\/szafka-kuchenna-dolna-1-drzwiowa-lewa-d30-l-prowansja-sosna-andersen-bialy-mat\/"},"modified":"2026-02-06T13:08:29","modified_gmt":"2026-02-06T10:08:29","slug":"szafka-kuchenna-dolna-1-drzwiowa-lewa-d30-l-prowansja-sosna-andersen-bialy-mat","status":"publish","type":"product","link":"https:\/\/baldumarket.lt\/lt\/product\/szafka-kuchenna-dolna-1-drzwiowa-lewa-d30-l-prowansja-sosna-andersen-bialy-mat\/","title":{"rendered":"Apatin\u0117 virtuv\u0117s spintel\u0117, 1 dur\u0173, kair\u0117, D30-L, provanso pu\u0161is, Anderseno balta matin\u0117"},"content":{"rendered":"<p>Atraskite elegancij\u0105 ir stili\u0173 savo virtuv\u0117je su apatine vien\u0173 dur\u0173 kairine virtuv\u0117s spintele D30-L i\u0161 \u201eProwansja\u201c kolekcijos, kuri\u0105 suk\u016br\u0117 \u201eGa\u0142a Meble\u201c. Andersen pu\u0161ies dizaino sodrumas dera su subtilia matine balta spalva, sukurdamas ry\u0161k\u0173 kontrast\u0105, kuris neabejotinai atgaivins j\u016bs\u0173 nam\u0173 \u0161ird\u012f. Tai puikus sprendimas norint suteikti j\u016bs\u0173 interjerui unikal\u0173 ir eleganti\u0161k\u0105 charakter\u012f. \u0160i spintel\u0117 suteiks j\u016bs\u0173 virtuv\u0117s erdvei unikalaus \u017eavesio ir funkcionalumo. Subtilios linijos ir nat\u016bralios spalvos susijungia, sukurdamos darni\u0105 visum\u0105, kuri papildo bet kok\u012f interjero dizain\u0105. \u0160is baldas ne tik d\u017eiugina ak\u012f, bet ir suteikia komforto, palengvindamas b\u016btiniausi\u0173 maisto produkt\u0173 ir virtuv\u0117s reikmen\u0173 organizavim\u0105. \u0160is baldas skirtas prakti\u0161k\u0173 sprendim\u0173, kur estetika dera su funkcionalumu, m\u0117g\u0117jams. Auk\u0161tos kokyb\u0117s MDF fasadai ir patvarus laminuotos plok\u0161t\u0117s korpusas u\u017etikrina patvarum\u0105 kasdieniame naudojime. Metalin\u0117s rankenos ir savaime u\u017esidarantys vyriai u\u017etikrina itin patog\u0173 ir skland\u0173 valdym\u0105.<\/p>","protected":false},"excerpt":{"rendered":"<p>Plotis (cm): 30<br \/>\n\u016agis (cm): 82<br \/>\nGylis (cm): 47<\/p>","protected":false},"featured_media":160650,"comment_status":"open","ping_status":"open","template":"","meta":[],"product_brand":[],"product_cat":[9444,9441,4106,9118],"product_tag":[],"class_list":{"0":"post-160649","1":"product","2":"type-product","3":"status-publish","4":"has-post-thumbnail","6":"product_cat-kitchen-system-prowansja-sosna-andersen","7":"product_cat-white","8":"product_cat-gala-meble","9":"product_cat-kitchen-cabinets","11":"first","12":"instock","13":"purchasable","14":"product-type-simple"},"_links":{"self":[{"href":"https:\/\/baldumarket.lt\/lt\/wp-json\/wp\/v2\/product\/160649","targetHints":{"allow":["GET"]}}],"collection":[{"href":"https:\/\/baldumarket.lt\/lt\/wp-json\/wp\/v2\/product"}],"about":[{"href":"https:\/\/baldumarket.lt\/lt\/wp-json\/wp\/v2\/types\/product"}],"replies":[{"embeddable":true,"href":"https:\/\/baldumarket.lt\/lt\/wp-json\/wp\/v2\/comments?post=160649"}],"wp:featuredmedia":[{"embeddable":true,"href":"https:\/\/baldumarket.lt\/lt\/wp-json\/wp\/v2\/media\/160650"}],"wp:attachment":[{"href":"https:\/\/baldumarket.lt\/lt\/wp-json\/wp\/v2\/media?parent=160649"}],"wp:term":[{"taxonomy":"product_brand","embeddable":true,"href":"https:\/\/baldumarket.lt\/lt\/wp-json\/wp\/v2\/product_brand?post=160649"},{"taxonomy":"product_cat","embeddable":true,"href":"https:\/\/baldumarket.lt\/lt\/wp-json\/wp\/v2\/product_cat?post=160649"},{"taxonomy":"product_tag","embeddable":true,"href":"https:\/\/baldumarket.lt\/lt\/wp-json\/wp\/v2\/product_tag?post=160649"}],"curies":[{"name":"wp","href":"https:\/\/api.w.org\/{rel}","templated":true}]}}