{"id":160645,"date":"2025-12-19T01:17:50","date_gmt":"2025-12-18T22:17:50","guid":{"rendered":"https:\/\/baldumarket.lt\/product\/szafka-kuchenna-dolna-1-drzwiowa-lewa-d30-l-sycylia-andersen\/"},"modified":"2026-02-06T12:46:36","modified_gmt":"2026-02-06T09:46:36","slug":"szafka-kuchenna-dolna-1-drzwiowa-lewa-d30-l-sycylia-andersen","status":"publish","type":"product","link":"https:\/\/baldumarket.lt\/lt\/product\/szafka-kuchenna-dolna-1-drzwiowa-lewa-d30-l-sycylia-andersen\/","title":{"rendered":"Apatin\u0117 virtuv\u0117s spintel\u0117, vienv\u0117r\u0117, kair\u0117, D30-L, Sicily Andersen"},"content":{"rendered":"<p>Pakelkite savo virtuv\u0119 \u012f kit\u0105 lyg\u012f, \u012fsirengdami \u201eAndersen Sicylia\u201c apatin\u0119 virtuv\u0117s spintel\u0119 su vienomis durel\u0117mis. \u0160i eleganti\u0161ka spintel\u0117 \u2013 tai tobulas stiliaus ir funkcionalumo derinys, kuris pakeis j\u016bs\u0173 erdv\u0119. Klasikinis \u201eAndersen\u201c pu\u0161ies dizainas suteikia \u0161ilumos ir jaukumo, sukurdamas tobul\u0105 atmosfer\u0105 maisto gaminimui ir laiko leidimui su artimaisiais.<\/p>\n<p>Atraskite, kaip prakti\u0161kumas gali der\u0117ti su estetika. D\u0117l kompakti\u0161ko 30 cm plo\u010dio m\u016bs\u0173 spintel\u0117 puikiai tinka bet kuriai virtuvei ir efektyviai i\u0161naudoja erdv\u0119. Nepaisant ma\u017eo dyd\u017eio, ji suteikia daug vietos svarbiausiems virtuv\u0117s priedams, tod\u0117l virtuv\u0117je palaikoma tvarka ir harmonija.<\/p>\n<p>\u201eAndersen\u201c pu\u0161ies spalvos MDF fasadai dera su matin\u0117s baltos spalvos korpusu, suteikdami spintelei modern\u0173, ta\u010diau nesenstant\u012f vaizd\u0105. Sidabrin\u0117s plastikin\u0117s ranken\u0117l\u0117s pabr\u0117\u017eia visos konstrukcijos elegancij\u0105, suteikdamos subtilaus blizgesio. \u0160is sprendimas tikrai patenkins t\u0173, kurie vertina subalansuot\u0105 estetik\u0105 ir funkcionalum\u0105, poreikius.<\/p>\n<p>\u201eAndersen Sycylia\u201c virtuv\u0117s spintel\u0117 puikiai tiks tiek moderniose, tiek klasikin\u0117se virtuv\u0117se d\u0117l savo universalaus stiliaus. J\u0105 lengva surinkti net pradedantiesiems \u201epasidaryk pats\u201c entuziastams. Tai puikus pasirinkimas ie\u0161kantiems prakti\u0161k\u0173 sprendim\u0173, kurie i\u0161skirt\u0173 j\u0173 virtuv\u0119 ir supaprastint\u0173 kasdienes u\u017eduotis.<\/p>","protected":false},"excerpt":{"rendered":"<p>Plotis (cm): 30<br \/>\n\u016agis (cm): 82<br \/>\nGylis (cm): 47<\/p>","protected":false},"featured_media":160646,"comment_status":"open","ping_status":"open","template":"","meta":[],"product_brand":[],"product_cat":[9440,9441,4106,9118],"product_tag":[],"class_list":{"0":"post-160645","1":"product","2":"type-product","3":"status-publish","4":"has-post-thumbnail","6":"product_cat-kitchen-system-sycylia-sosna-andersen","7":"product_cat-white","8":"product_cat-gala-meble","9":"product_cat-kitchen-cabinets","11":"first","12":"instock","13":"purchasable","14":"product-type-simple"},"_links":{"self":[{"href":"https:\/\/baldumarket.lt\/lt\/wp-json\/wp\/v2\/product\/160645","targetHints":{"allow":["GET"]}}],"collection":[{"href":"https:\/\/baldumarket.lt\/lt\/wp-json\/wp\/v2\/product"}],"about":[{"href":"https:\/\/baldumarket.lt\/lt\/wp-json\/wp\/v2\/types\/product"}],"replies":[{"embeddable":true,"href":"https:\/\/baldumarket.lt\/lt\/wp-json\/wp\/v2\/comments?post=160645"}],"wp:featuredmedia":[{"embeddable":true,"href":"https:\/\/baldumarket.lt\/lt\/wp-json\/wp\/v2\/media\/160646"}],"wp:attachment":[{"href":"https:\/\/baldumarket.lt\/lt\/wp-json\/wp\/v2\/media?parent=160645"}],"wp:term":[{"taxonomy":"product_brand","embeddable":true,"href":"https:\/\/baldumarket.lt\/lt\/wp-json\/wp\/v2\/product_brand?post=160645"},{"taxonomy":"product_cat","embeddable":true,"href":"https:\/\/baldumarket.lt\/lt\/wp-json\/wp\/v2\/product_cat?post=160645"},{"taxonomy":"product_tag","embeddable":true,"href":"https:\/\/baldumarket.lt\/lt\/wp-json\/wp\/v2\/product_tag?post=160645"}],"curies":[{"name":"wp","href":"https:\/\/api.w.org\/{rel}","templated":true}]}}