{"id":160641,"date":"2025-12-19T01:17:41","date_gmt":"2025-12-18T22:17:41","guid":{"rendered":"https:\/\/baldumarket.lt\/product\/szafka-kuchenna-dolna-1-drzwiowa-lewa-d30-l-sycylia-orzech\/"},"modified":"2026-02-06T14:32:26","modified_gmt":"2026-02-06T11:32:26","slug":"szafka-kuchenna-dolna-1-drzwiowa-lewa-d30-l-sycylia-orzech","status":"publish","type":"product","link":"https:\/\/baldumarket.lt\/lt\/product\/szafka-kuchenna-dolna-1-drzwiowa-lewa-d30-l-sycylia-orzech\/","title":{"rendered":"Apatin\u0117 virtuv\u0117s spintel\u0117, 1 dur\u0173, kair\u0117, D30-L, Sicily Walnut"},"content":{"rendered":"<p>Pakelkite savo virtuv\u0119 \u012f auk\u0161tesn\u012f elegancijos lyg\u012f su kairi\u0105ja apatine virtuv\u0117s spintele i\u0161 \u201eSicylia\u201c kolekcijos, kuri\u0105 suk\u016br\u0117 \u201eGa\u0142a Meble\u201c. \u0160is baldas puikiai dera prie \u0161iuolaikini\u0173 dizaino tendencij\u0173, pabr\u0117\u017edamas interjero \u0161ilum\u0105 ir jaukum\u0105. Milano rie\u0161uto apdaila suteikia jam unikal\u0173 charakter\u012f, kuris harmoningai papildo bet koki\u0105 virtuv\u0117s erdv\u0119, suteikdamas jai klas\u0117s ir stiliaus.<\/p>\n<p>Be estetinio patrauklumo, \u0161i spintel\u0117 i\u0161siskiria savo funkcionalumu, kur\u012f \u012fvertins kiekvienas kasdien naudodamasis. Optimal\u016bs 30 cm plo\u010dio ir 82 cm auk\u0161\u010dio matmenys idealiai tinka tiek ma\u017eoms, tiek didesn\u0117ms virtuv\u0117ms, nes suteikia papildomos vietos svarbiausiems virtuv\u0117s priedams laikyti. \u0160is funkcionalumas leid\u017eia efektyviai i\u0161naudoti erdv\u0119, i\u0161laikant estetin\u012f kambario patrauklum\u0105.<\/p>\n<p>\u201eGa\u0142a Meble\u201c \u2013 prek\u0117s \u017eenklas, \u017einomas d\u0117l savo d\u0117mesio detal\u0117ms ir auk\u0161tos kokyb\u0117s gamybos. MDF fasadai u\u017etikrina patvarum\u0105 ir atsparum\u0105 pa\u017eeidimams, o laminuota korpuso apdaila \u2013 lengv\u0105 valym\u0105. D\u0117l to spintel\u0117 yra ne tik maloni akiai, bet ir prakti\u0161ka bei patogi naudoti.<\/p>\n<p>Surinkimas? Nieko negali b\u016bti papras\u010diau! \u0160i spintel\u0117 sukurta taip, kad j\u0105 b\u016bt\u0173 galima surinkti savaranki\u0161kai, tod\u0117l galite pritaikyti jos montavim\u0105 pagal savo poreikius ir galimybes. Sidabrin\u0117s plastikin\u0117s ranken\u0117l\u0117s suteikia eleganti\u0161k\u0105, modern\u0173 akcent\u0105, tuo pa\u010diu u\u017etikrindamos, kad durel\u0117s lengvai atsidaryt\u0173 ir u\u017esidaryt\u0173. \u0160i spintel\u0117 yra ne tik baldas, bet ir investicija \u012f stiling\u0105 bei funkcionali\u0105 virtuv\u0119.<\/p>","protected":false},"excerpt":{"rendered":"<p>Plotis (cm): 30<br \/>\n\u016agis (cm): 82<br \/>\nGylis (cm): 47<\/p>","protected":false},"featured_media":160642,"comment_status":"open","ping_status":"open","template":"","meta":[],"product_brand":[],"product_cat":[9450,4106,9118],"product_tag":[],"class_list":{"0":"post-160641","1":"product","2":"type-product","3":"status-publish","4":"has-post-thumbnail","6":"product_cat-kitchen-system-sycylia-orzech-milano","7":"product_cat-gala-meble","8":"product_cat-kitchen-cabinets","10":"first","11":"instock","12":"purchasable","13":"product-type-simple"},"_links":{"self":[{"href":"https:\/\/baldumarket.lt\/lt\/wp-json\/wp\/v2\/product\/160641","targetHints":{"allow":["GET"]}}],"collection":[{"href":"https:\/\/baldumarket.lt\/lt\/wp-json\/wp\/v2\/product"}],"about":[{"href":"https:\/\/baldumarket.lt\/lt\/wp-json\/wp\/v2\/types\/product"}],"replies":[{"embeddable":true,"href":"https:\/\/baldumarket.lt\/lt\/wp-json\/wp\/v2\/comments?post=160641"}],"wp:featuredmedia":[{"embeddable":true,"href":"https:\/\/baldumarket.lt\/lt\/wp-json\/wp\/v2\/media\/160642"}],"wp:attachment":[{"href":"https:\/\/baldumarket.lt\/lt\/wp-json\/wp\/v2\/media?parent=160641"}],"wp:term":[{"taxonomy":"product_brand","embeddable":true,"href":"https:\/\/baldumarket.lt\/lt\/wp-json\/wp\/v2\/product_brand?post=160641"},{"taxonomy":"product_cat","embeddable":true,"href":"https:\/\/baldumarket.lt\/lt\/wp-json\/wp\/v2\/product_cat?post=160641"},{"taxonomy":"product_tag","embeddable":true,"href":"https:\/\/baldumarket.lt\/lt\/wp-json\/wp\/v2\/product_tag?post=160641"}],"curies":[{"name":"wp","href":"https:\/\/api.w.org\/{rel}","templated":true}]}}