{"id":160636,"date":"2025-12-19T01:17:31","date_gmt":"2025-12-18T22:17:31","guid":{"rendered":"https:\/\/baldumarket.lt\/product\/szafka-kuchenna-dolna-1-drzwiowa-lewa-d40-l-aspen-grey-szary-polysk\/"},"modified":"2026-02-06T19:54:21","modified_gmt":"2026-02-06T16:54:21","slug":"szafka-kuchenna-dolna-1-drzwiowa-lewa-d40-l-aspen-grey-szary-polysk","status":"publish","type":"product","link":"https:\/\/baldumarket.lt\/lt\/product\/szafka-kuchenna-dolna-1-drzwiowa-lewa-d40-l-aspen-grey-szary-polysk\/","title":{"rendered":"Apatin\u0117 virtuv\u0117s spintel\u0117, 1 dur\u0173, kair\u0117, D40-L, drebul\u0117s pilka, blizgi"},"content":{"rendered":"<p>Suteikite savo virtuvei modernumo su \u0161ia apatine spintele, kurios blizgios pilkos ir matin\u0117s baltos spalv\u0173 derinys suteiks elegancijos ir rafinuotumo bet kokiam interjerui. Stilinga i\u0161vaizda puikiai atitinka dabartines dizaino tendencijas ir yra pakankamai universali, kad papildyt\u0173 \u012fvairius virtuv\u0117s dizaino stilius. MDF fasadai sukuria prabangos efekt\u0105, kuris pakels vis\u0105 kambar\u012f \u012f auk\u0161t\u012f. Optimalus \u0161ios apatin\u0117s spintel\u0117s auk\u0161tis ir plotis (82 cm auk\u0161\u010dio ir 40 cm plo\u010dio) u\u017etikrina, kad ji tilps net ir ma\u017eesn\u0117se virtuv\u0117se neprarandant funkcionalumo. Ergonomi\u0161kas dizainas leid\u017eia lengvai laikyti ir sutvarkyti kasdienius virtuv\u0117s reikmenis, tod\u0117l maisto ruo\u0161imas tampa daug lengvesnis. Savaime u\u017esidarantys vyriai suteikia komforto \u2013 durel\u0117s u\u017esidaro tyliai ir lengvai. Reguliuojamos kojel\u0117s leid\u017eia reguliuoti apatin\u0117s spintel\u0117s auk\u0161t\u012f, u\u017etikrinant stabilum\u0105 ir pusiausvyr\u0105 ant bet kokio virtuv\u0117s pavir\u0161iaus. Reguliuojamas auk\u0161tis nuo 10 cm iki 12,5 cm leid\u017eia lengvai derinti j\u0105 su kitais kambario baldais, i\u0161laikant vientis\u0105 estetik\u0105 visoje virtuv\u0117je. Tai ypa\u010d naudinga nelygioms grindims, kur estetika ir prakti\u0161kumas yra neatsiejami.<\/p>","protected":false},"excerpt":{"rendered":"<p>Plotis (cm): 40<br \/>\n\u016agis (cm): 82<br \/>\nGylis (cm): 47<\/p>","protected":false},"featured_media":160637,"comment_status":"open","ping_status":"open","template":"","meta":[],"product_brand":[],"product_cat":[9451,4106,9118],"product_tag":[],"class_list":{"0":"post-160636","1":"product","2":"type-product","3":"status-publish","4":"has-post-thumbnail","6":"product_cat-kitchen-system-aspen-grey","7":"product_cat-gala-meble","8":"product_cat-kitchen-cabinets","10":"first","11":"instock","12":"purchasable","13":"product-type-simple"},"_links":{"self":[{"href":"https:\/\/baldumarket.lt\/lt\/wp-json\/wp\/v2\/product\/160636","targetHints":{"allow":["GET"]}}],"collection":[{"href":"https:\/\/baldumarket.lt\/lt\/wp-json\/wp\/v2\/product"}],"about":[{"href":"https:\/\/baldumarket.lt\/lt\/wp-json\/wp\/v2\/types\/product"}],"replies":[{"embeddable":true,"href":"https:\/\/baldumarket.lt\/lt\/wp-json\/wp\/v2\/comments?post=160636"}],"wp:featuredmedia":[{"embeddable":true,"href":"https:\/\/baldumarket.lt\/lt\/wp-json\/wp\/v2\/media\/160637"}],"wp:attachment":[{"href":"https:\/\/baldumarket.lt\/lt\/wp-json\/wp\/v2\/media?parent=160636"}],"wp:term":[{"taxonomy":"product_brand","embeddable":true,"href":"https:\/\/baldumarket.lt\/lt\/wp-json\/wp\/v2\/product_brand?post=160636"},{"taxonomy":"product_cat","embeddable":true,"href":"https:\/\/baldumarket.lt\/lt\/wp-json\/wp\/v2\/product_cat?post=160636"},{"taxonomy":"product_tag","embeddable":true,"href":"https:\/\/baldumarket.lt\/lt\/wp-json\/wp\/v2\/product_tag?post=160636"}],"curies":[{"name":"wp","href":"https:\/\/api.w.org\/{rel}","templated":true}]}}