{"id":160633,"date":"2025-12-19T01:17:25","date_gmt":"2025-12-18T22:17:25","guid":{"rendered":"https:\/\/baldumarket.lt\/product\/szafka-kuchenna-dolna-1-drzwiowa-lewa-d40-l-aspen-white-bialy-polysk\/"},"modified":"2026-02-08T11:24:36","modified_gmt":"2026-02-08T08:24:36","slug":"szafka-kuchenna-dolna-1-drzwiowa-lewa-d40-l-aspen-white-bialy-polysk","status":"publish","type":"product","link":"https:\/\/baldumarket.lt\/lt\/product\/szafka-kuchenna-dolna-1-drzwiowa-lewa-d40-l-aspen-white-bialy-polysk\/","title":{"rendered":"Apatin\u0117 virtuv\u0117s spintel\u0117, 1 dur\u0173, kair\u0117, D40-L, drebul\u0117s baltumo, blizgiai balta"},"content":{"rendered":"<p>Atraskite minimalizmo elegancij\u0105 su \u201eAspen White\u201c virtuv\u0117s spintele i\u0161 \u201eGa\u0142a Meble\u201c, kuri \u017eavi moderniu dizainu ir blizgia balta priekine dalimi. \u0160is harmoningas stiliaus ir funkcionalumo derinys suteikia bet kuriai virtuvei gaivumo ir modernumo. \u0160i spintel\u0117 puikiai tinka tiems, kurie vertina paprast\u0105, bet rafinuot\u0105 estetik\u0105, puikiai papildys bet kok\u012f interjer\u0105, suteikdama \u0161viesos ir spindesio.<\/p>\n<p>Pagaminta i\u0161 auk\u0161tos kokyb\u0117s med\u017eiag\u0173, toki\u0173 kaip MDF priekin\u0117 dalis ir laminuota korpuso konstrukcija, \u201eAspen White\u201c spintel\u0117 sujungia patvarum\u0105 ir patikimum\u0105 su unikalia i\u0161vaizda. Matin\u0117 balta korpuso apdaila kartu su blizgia priekine dalimi sukuria subtil\u0173 kontrast\u0105, kuris patraukia d\u0117mes\u012f neu\u017ego\u017edamas erdv\u0117s. Tai puikus pasirinkimas tiems, kurie vertina ir estetik\u0105, ir funkcionalum\u0105.<\/p>\n<p>\u201eAspen White\u201c virtuv\u0117s spintel\u0117 \u017eavi ne tik savo i\u0161vaizda, bet ir prakti\u0161kumu. D\u0117l reguliuojam\u0173 kojeli\u0173 galite lengvai pritaikyti jos auk\u0161t\u012f prie savo poreiki\u0173, tod\u0117l ji puikiai dera prie kit\u0173 virtuv\u0117s element\u0173. Savaime u\u017esiveriantys vyriai padidina komfort\u0105, tod\u0117l kasdien\u0117s u\u017eduotys tampa dar patogesn\u0117s.<\/p>\n<p>Projektuojant svajoni\u0173 virtuv\u0119, verta rinktis sprendimus, kurie tarnaus ilgus metus. \u201eAspen White\u201c spintel\u0117 yra puikus to pavyzdys \u2013 unikalus stilius, auk\u0161tos kokyb\u0117s apdaila ir gerai apgalvotas dizainas paver\u010dia j\u0105 investicija, pateisinan\u010dia net ir reikliausi\u0173 klient\u0173 l\u016bkes\u010dius. Lengvas surinkimas leid\u017eia greitai ir lengvai pastatyti spintel\u0119 norimoje vietoje.<\/p>\n<p>Pabr\u0117\u017ekite unikal\u0173 savo virtuv\u0117s charakter\u012f ir pasinerkite \u012f gryniausi\u0105 gro\u017e\u012f su \u201eAspen White\u201c apatine spintele. Stilinga balta spalva suteikia interjerui maloni\u0105 atmosfer\u0105, o prakti\u0161ki sprendimai neabejotinai prisid\u0117s prie didesnio komforto bet kuriuose moderniuose namuose.<\/p>","protected":false},"excerpt":{"rendered":"<p>Plotis (cm): 40<br \/>\n\u016agis (cm): 82<br \/>\nGylis (cm): 47<\/p>","protected":false},"featured_media":160634,"comment_status":"open","ping_status":"open","template":"","meta":[],"product_brand":[],"product_cat":[9445,4106,9118],"product_tag":[],"class_list":{"0":"post-160633","1":"product","2":"type-product","3":"status-publish","4":"has-post-thumbnail","6":"product_cat-kitchen-system-aspen-white","7":"product_cat-gala-meble","8":"product_cat-kitchen-cabinets","10":"first","11":"instock","12":"purchasable","13":"product-type-simple"},"_links":{"self":[{"href":"https:\/\/baldumarket.lt\/lt\/wp-json\/wp\/v2\/product\/160633","targetHints":{"allow":["GET"]}}],"collection":[{"href":"https:\/\/baldumarket.lt\/lt\/wp-json\/wp\/v2\/product"}],"about":[{"href":"https:\/\/baldumarket.lt\/lt\/wp-json\/wp\/v2\/types\/product"}],"replies":[{"embeddable":true,"href":"https:\/\/baldumarket.lt\/lt\/wp-json\/wp\/v2\/comments?post=160633"}],"wp:featuredmedia":[{"embeddable":true,"href":"https:\/\/baldumarket.lt\/lt\/wp-json\/wp\/v2\/media\/160634"}],"wp:attachment":[{"href":"https:\/\/baldumarket.lt\/lt\/wp-json\/wp\/v2\/media?parent=160633"}],"wp:term":[{"taxonomy":"product_brand","embeddable":true,"href":"https:\/\/baldumarket.lt\/lt\/wp-json\/wp\/v2\/product_brand?post=160633"},{"taxonomy":"product_cat","embeddable":true,"href":"https:\/\/baldumarket.lt\/lt\/wp-json\/wp\/v2\/product_cat?post=160633"},{"taxonomy":"product_tag","embeddable":true,"href":"https:\/\/baldumarket.lt\/lt\/wp-json\/wp\/v2\/product_tag?post=160633"}],"curies":[{"name":"wp","href":"https:\/\/api.w.org\/{rel}","templated":true}]}}