{"id":160628,"date":"2025-12-19T01:17:15","date_gmt":"2025-12-18T22:17:15","guid":{"rendered":"https:\/\/baldumarket.lt\/product\/szafka-kuchenna-dolna-1-drzwiowa-lewa-d40-l-prowansja-sosna-andersen-bialy-mat\/"},"modified":"2026-02-06T14:45:48","modified_gmt":"2026-02-06T11:45:48","slug":"szafka-kuchenna-dolna-1-drzwiowa-lewa-d40-l-prowansja-sosna-andersen-bialy-mat","status":"publish","type":"product","link":"https:\/\/baldumarket.lt\/lt\/product\/szafka-kuchenna-dolna-1-drzwiowa-lewa-d40-l-prowansja-sosna-andersen-bialy-mat\/","title":{"rendered":"Apatin\u0117 virtuv\u0117s spintel\u0117, 1 dur\u0173, kair\u0117, D40-L, provanso pu\u0161is, Andersen balta matin\u0117"},"content":{"rendered":"<p>Atraskite unikal\u0173 eleganti\u0161kos Anderseno pu\u0161ies atspalvio Provanso stiliaus apatin\u0117s virtuv\u0117s spintel\u0117s \u017eaves\u012f. Subtilus jos dizainas primena Provanso stili\u0173 \u2013 jaukumo ir harmonijos simbol\u012f. Ji puikiai dera su \u0161viesi\u0173 spalv\u0173 interjeru, sukurdama gaivi\u0105, ta\u010diau jauki\u0105 virtuv\u0117s aplink\u0105, kurioje kiekvienas valgis tampa estetikos \u0161vente. Kruop\u0161\u010diai atkreipus d\u0117mes\u012f \u012f detales, Provanso stiliaus virtuv\u0117s spintel\u0117 \u017eavi ne tik savo i\u0161vaizda, bet ir funkcionalumu. Reguliuojamos kojel\u0117s leid\u017eia reguliuoti jos auk\u0161t\u012f nuo 10 cm iki 12,5 cm \u2013 tai itin prakti\u0161kas sprendimas bet kuriuose namuose, kuriuose norite pritaikyti baldus pagal savo poreikius. Tai leid\u017eia m\u0117gautis ne tik gro\u017eiu, bet ir kasdieniu komfortu. Anderseno pu\u0161ies spalvos MDF fasadas suteikia j\u016bs\u0173 interjerui nat\u016bralumo ir gaivumo. Subtili tekst\u016bra efektyviai kontrastuoja su matin\u0117s baltos spalvos korpusu, suteikdama baldams modern\u0173, ta\u010diau kartu ir klasikin\u012f charakter\u012f. Tai puikus sprendimas tiems, kurie nori savo virtuv\u0117je derinti estetik\u0105 su prakti\u0161kumu.<\/p>","protected":false},"excerpt":{"rendered":"<p>Plotis (cm): 40<br \/>\n\u016agis (cm): 82<br \/>\nGylis (cm): 47<\/p>","protected":false},"featured_media":160629,"comment_status":"open","ping_status":"open","template":"","meta":[],"product_brand":[],"product_cat":[9444,4106,9118],"product_tag":[],"class_list":{"0":"post-160628","1":"product","2":"type-product","3":"status-publish","4":"has-post-thumbnail","6":"product_cat-kitchen-system-prowansja-sosna-andersen","7":"product_cat-gala-meble","8":"product_cat-kitchen-cabinets","10":"first","11":"instock","12":"purchasable","13":"product-type-simple"},"_links":{"self":[{"href":"https:\/\/baldumarket.lt\/lt\/wp-json\/wp\/v2\/product\/160628","targetHints":{"allow":["GET"]}}],"collection":[{"href":"https:\/\/baldumarket.lt\/lt\/wp-json\/wp\/v2\/product"}],"about":[{"href":"https:\/\/baldumarket.lt\/lt\/wp-json\/wp\/v2\/types\/product"}],"replies":[{"embeddable":true,"href":"https:\/\/baldumarket.lt\/lt\/wp-json\/wp\/v2\/comments?post=160628"}],"wp:featuredmedia":[{"embeddable":true,"href":"https:\/\/baldumarket.lt\/lt\/wp-json\/wp\/v2\/media\/160629"}],"wp:attachment":[{"href":"https:\/\/baldumarket.lt\/lt\/wp-json\/wp\/v2\/media?parent=160628"}],"wp:term":[{"taxonomy":"product_brand","embeddable":true,"href":"https:\/\/baldumarket.lt\/lt\/wp-json\/wp\/v2\/product_brand?post=160628"},{"taxonomy":"product_cat","embeddable":true,"href":"https:\/\/baldumarket.lt\/lt\/wp-json\/wp\/v2\/product_cat?post=160628"},{"taxonomy":"product_tag","embeddable":true,"href":"https:\/\/baldumarket.lt\/lt\/wp-json\/wp\/v2\/product_tag?post=160628"}],"curies":[{"name":"wp","href":"https:\/\/api.w.org\/{rel}","templated":true}]}}