{"id":160624,"date":"2025-12-19T01:17:08","date_gmt":"2025-12-18T22:17:08","guid":{"rendered":"https:\/\/baldumarket.lt\/product\/szafka-kuchenna-dolna-1-drzwiowa-lewa-d40-l-sycylia-andersen\/"},"modified":"2026-02-06T12:46:36","modified_gmt":"2026-02-06T09:46:36","slug":"szafka-kuchenna-dolna-1-drzwiowa-lewa-d40-l-sycylia-andersen","status":"publish","type":"product","link":"https:\/\/baldumarket.lt\/lt\/product\/szafka-kuchenna-dolna-1-drzwiowa-lewa-d40-l-sycylia-andersen\/","title":{"rendered":"Apatin\u0117 virtuv\u0117s spintel\u0117, vienv\u0117r\u0117, kair\u0117, D40-L, Sicily Andersen"},"content":{"rendered":"<p>Kiekvienos virtuv\u0117s \u0161irdyje slypi unikal\u016bs baldai, kurie ne tik d\u017eiugina ak\u012f, bet ir pasi\u017eymi i\u0161skirtiniu funkcionalumu. Apatin\u0117 vien\u0173 dur\u0173 kair\u0117 virtuv\u0117s spintel\u0117 D40-L i\u0161 \u201eAndersen Sicily\u201c kolekcijos yra puikus pasirinkimas tiems, kurie ie\u0161ko modernaus dizaino ir nat\u016brali\u0173 atspalvi\u0173 \u0161ilumos derinio. Unikali jos i\u0161vaizda, \u012fkv\u0117pta nat\u016bralios \u201eAndersen\u201c pu\u0161ies apdailos, harmoningai dera prie bet kokio interjero, suteikdama jai unikal\u0173 charakter\u012f.<\/p>\n<p>Unikali \u0161ios spintel\u0117s estetika paremta kontrastais: subtili, matin\u0117 balta korpuso apdaila puikiai dera su \u201eAndersen Pine\u201c spalvos fasadais. D\u0117l subtili\u0173 akcent\u0173 ir eleganti\u0161k\u0173 sidabrini\u0173 plastikini\u0173 ranken\u0117li\u0173 \u0161is baldas tampa ne tik prakti\u0161ku priedu, bet ir tikra j\u016bs\u0173 virtuv\u0117s puo\u0161mena. Padidinkite savo interjero \u017eaves\u012f derindami modernum\u0105 su klasikinio stiliaus prisilietimu.<\/p>\n<p>\u0160i spintel\u0117 buvo sukurta galvojant apie kasdien\u012f komfort\u0105. Tvirta MDF konstrukcija ir laminuotas korpusas garantuoja ne tik ilgaam\u017ei\u0161kum\u0105, bet ir lengv\u0105 valym\u0105. Nesvarbu, ar laikote ma\u017eus virtuv\u0117s reikmenis, ar didesnius puodus, prieiga prie vidaus yra paprasta ir patogi. Kiekvienas spintel\u0117s elementas pasi\u017eymi precizi\u0161ku meistri\u0161kumu, demonstruodamas auk\u0161t\u0105 \u201eGa\u0142a Meble\u201c bald\u0173 kokyb\u0119.<\/p>\n<p>Vertinantiems nepriklausomyb\u0119 ir lankstum\u0105, \u0161i virtuv\u0117s spintel\u0117 lengvai surenkama. D\u0117l ai\u0161ki\u0173 instrukcij\u0173 surinkimas yra lengvas net ir ma\u017eiau patyrusiems \u201epasidaryk pats\u201c entuziastams. I\u0161laisvinkite savo k\u016brybi\u0161kum\u0105, pritaikydami virtuv\u0119 pagal savo individualius poreikius ir m\u0117gaudamiesi baldais, kurie yra ir vizualiai patraukl\u016bs, ir si\u016blo prakti\u0161kus sprendimus.<\/p>","protected":false},"excerpt":{"rendered":"<p>Plotis (cm): 40<br \/>\n\u016agis (cm): 82<br \/>\nGylis (cm): 47<\/p>","protected":false},"featured_media":160625,"comment_status":"open","ping_status":"open","template":"","meta":[],"product_brand":[],"product_cat":[9440,9441,4106,9118],"product_tag":[],"class_list":{"0":"post-160624","1":"product","2":"type-product","3":"status-publish","4":"has-post-thumbnail","6":"product_cat-kitchen-system-sycylia-sosna-andersen","7":"product_cat-white","8":"product_cat-gala-meble","9":"product_cat-kitchen-cabinets","11":"first","12":"instock","13":"purchasable","14":"product-type-simple"},"_links":{"self":[{"href":"https:\/\/baldumarket.lt\/lt\/wp-json\/wp\/v2\/product\/160624","targetHints":{"allow":["GET"]}}],"collection":[{"href":"https:\/\/baldumarket.lt\/lt\/wp-json\/wp\/v2\/product"}],"about":[{"href":"https:\/\/baldumarket.lt\/lt\/wp-json\/wp\/v2\/types\/product"}],"replies":[{"embeddable":true,"href":"https:\/\/baldumarket.lt\/lt\/wp-json\/wp\/v2\/comments?post=160624"}],"wp:featuredmedia":[{"embeddable":true,"href":"https:\/\/baldumarket.lt\/lt\/wp-json\/wp\/v2\/media\/160625"}],"wp:attachment":[{"href":"https:\/\/baldumarket.lt\/lt\/wp-json\/wp\/v2\/media?parent=160624"}],"wp:term":[{"taxonomy":"product_brand","embeddable":true,"href":"https:\/\/baldumarket.lt\/lt\/wp-json\/wp\/v2\/product_brand?post=160624"},{"taxonomy":"product_cat","embeddable":true,"href":"https:\/\/baldumarket.lt\/lt\/wp-json\/wp\/v2\/product_cat?post=160624"},{"taxonomy":"product_tag","embeddable":true,"href":"https:\/\/baldumarket.lt\/lt\/wp-json\/wp\/v2\/product_tag?post=160624"}],"curies":[{"name":"wp","href":"https:\/\/api.w.org\/{rel}","templated":true}]}}