{"id":160620,"date":"2025-12-19T01:17:00","date_gmt":"2025-12-18T22:17:00","guid":{"rendered":"https:\/\/baldumarket.lt\/product\/szafka-kuchenna-dolna-1-drzwiowa-lewa-d40-l-sycylia-orzech\/"},"modified":"2026-02-06T14:32:26","modified_gmt":"2026-02-06T11:32:26","slug":"szafka-kuchenna-dolna-1-drzwiowa-lewa-d40-l-sycylia-orzech","status":"publish","type":"product","link":"https:\/\/baldumarket.lt\/lt\/product\/szafka-kuchenna-dolna-1-drzwiowa-lewa-d40-l-sycylia-orzech\/","title":{"rendered":"Apatin\u0117 virtuv\u0117s spintel\u0117, 1 dur\u0173, kair\u0117, D40-L, Sicily Walnut"},"content":{"rendered":"<p>Suteikite savo virtuvei elegancijos ir funkcionalumo su \u201eSicily\u201c serijos apatine spintele. Milano rie\u0161uto apdaila suteikia \u0161iai spintelei \u017eavesio, \u012fne\u0161dama \u0161ilumos ir klasikinio stiliaus \u012f bet kok\u012f interjer\u0105. \u0160i spintel\u0117 idealiai tinka tiems, kurie vertina ne tik i\u0161vaizd\u0105, bet ir prakti\u0161kum\u0105, tai puikus sprendimas virtuv\u0117s erdv\u0117s organizavimui.<\/p>\n<p>Pagaminta i\u0161 auk\u0161tos kokyb\u0117s med\u017eiag\u0173, \u0161i spintel\u0117 sujungia MDF gro\u017e\u012f su laminuoto korpuso patvarumu. Jos ai\u0161kios, modernios linijos ir subtil\u016bs blizg\u016bs fasadai suteikia unikali\u0105 estetik\u0105, kuri pritrauks kiekvieno j\u016bs\u0173 nam\u0173 sve\u010dio ak\u012f. Milano rie\u0161uto atspalvis i\u0161ry\u0161kina nat\u016bral\u0173 med\u017eio apdailos \u017eaves\u012f, tod\u0117l \u0161i spintel\u0117 harmoningai \u012fsilies \u012f bet kok\u012f virtuv\u0117s dizain\u0105.<\/p>\n<p>Funkcionalumas yra raktas \u012f s\u0117kming\u0105 virtuv\u0117s erdv\u0119, o m\u016bs\u0173 spintel\u0117 pateisina \u0161iuos l\u016bkes\u010dius d\u0117l savo apgalvoto dizaino. Savaranki\u0161kas surinkimas leid\u017eia pritaikyti j\u0105 pagal savo poreikius ir erdvines galimybes, suteikiant didesn\u0119 dizaino laisv\u0119. Vien\u0173 dureli\u0173 kairioji apatin\u0117 spintel\u0117 si\u016blo ne tik vietos daiktams susid\u0117ti, bet ir supaprastina kasdienes virtuv\u0117s u\u017eduotis.<\/p>\n<p>Taip pat verta pabr\u0117\u017eti stilingas sidabrines ranken\u0117les, kurios kiekvienam fasadui suteikia unikalaus charakterio. Jos pagamintos i\u0161 plastiko, yra patvarios ir skirtos intensyviam kasdieniam naudojimui. Sukurkite erdv\u0119, kurioje maisto ruo\u0161imas tapt\u0173 malonumu, pasitelkdami modernius ir apgalvotus sprendimus, kuriuos si\u016blo \u201eSicily Milano Walnut\u201c apatin\u0117 spintel\u0117.<\/p>","protected":false},"excerpt":{"rendered":"<p>Plotis (cm): 40<br \/>\n\u016agis (cm): 82<br \/>\nGylis (cm): 47<\/p>","protected":false},"featured_media":160621,"comment_status":"open","ping_status":"open","template":"","meta":[],"product_brand":[],"product_cat":[9450,4106,9118],"product_tag":[],"class_list":{"0":"post-160620","1":"product","2":"type-product","3":"status-publish","4":"has-post-thumbnail","6":"product_cat-kitchen-system-sycylia-orzech-milano","7":"product_cat-gala-meble","8":"product_cat-kitchen-cabinets","10":"first","11":"instock","12":"purchasable","13":"product-type-simple"},"_links":{"self":[{"href":"https:\/\/baldumarket.lt\/lt\/wp-json\/wp\/v2\/product\/160620","targetHints":{"allow":["GET"]}}],"collection":[{"href":"https:\/\/baldumarket.lt\/lt\/wp-json\/wp\/v2\/product"}],"about":[{"href":"https:\/\/baldumarket.lt\/lt\/wp-json\/wp\/v2\/types\/product"}],"replies":[{"embeddable":true,"href":"https:\/\/baldumarket.lt\/lt\/wp-json\/wp\/v2\/comments?post=160620"}],"wp:featuredmedia":[{"embeddable":true,"href":"https:\/\/baldumarket.lt\/lt\/wp-json\/wp\/v2\/media\/160621"}],"wp:attachment":[{"href":"https:\/\/baldumarket.lt\/lt\/wp-json\/wp\/v2\/media?parent=160620"}],"wp:term":[{"taxonomy":"product_brand","embeddable":true,"href":"https:\/\/baldumarket.lt\/lt\/wp-json\/wp\/v2\/product_brand?post=160620"},{"taxonomy":"product_cat","embeddable":true,"href":"https:\/\/baldumarket.lt\/lt\/wp-json\/wp\/v2\/product_cat?post=160620"},{"taxonomy":"product_tag","embeddable":true,"href":"https:\/\/baldumarket.lt\/lt\/wp-json\/wp\/v2\/product_tag?post=160620"}],"curies":[{"name":"wp","href":"https:\/\/api.w.org\/{rel}","templated":true}]}}