{"id":160615,"date":"2025-12-19T01:16:50","date_gmt":"2025-12-18T22:16:50","guid":{"rendered":"https:\/\/baldumarket.lt\/product\/szafka-kuchenna-dolna-1-drzwiowa-lewa-d60-l-aspen-grey-szary-polysk\/"},"modified":"2026-02-08T10:19:36","modified_gmt":"2026-02-08T07:19:36","slug":"szafka-kuchenna-dolna-1-drzwiowa-lewa-d60-l-aspen-grey-szary-polysk","status":"publish","type":"product","link":"https:\/\/baldumarket.lt\/lt\/product\/szafka-kuchenna-dolna-1-drzwiowa-lewa-d60-l-aspen-grey-szary-polysk\/","title":{"rendered":"Apatin\u0117 virtuv\u0117s spintel\u0117, vienv\u0117r\u0117, kair\u0117, D60-L, drebul\u0117s pilkumo, blizgi"},"content":{"rendered":"<p>Suteikite savo virtuvei modernaus elegancijos su D60-L Aspen Grey vien\u0173 dureli\u0173 kairi\u0105ja apatine virtuv\u0117s spintele. Blizgus pilkas priekis sukuria ne\u012ftik\u0117tinai patraukl\u0173 kontrast\u0105 su matin\u0117s baltos spalvos korpusu, suteikdamas erdvei modern\u0173 ir stiling\u0105 charakter\u012f. Tai puikus sprendimas tiems, kurie nori pagyvinti savo interjer\u0105 ak\u012f traukian\u010diu, ta\u010diau diskreti\u0161ku elementu. \u0160i eleganti\u0161ka spintel\u0117 buvo sukurta atsi\u017evelgiant \u012f prakti\u0161kum\u0105 ir estetik\u0105. Priekin\u0117 dalis, pagaminta i\u0161 auk\u0161tos kokyb\u0117s MDF, u\u017etikrina patvarum\u0105 ir atsparum\u0105 kasdieniam naudojimui, kartu suteikdama jai rafinuot\u0105 i\u0161vaizd\u0105. Reguliuojamos kojel\u0117s leid\u017eia lengvai reguliuoti spintel\u0117s auk\u0161t\u012f pagal savo poreikius, tod\u0117l ji tampa dar funkcionalesniu bet kurios virtuv\u0117s elementu. Lygios linijos ir moderni apdaila prisideda prie harmoningo interjero dizaino, o savaime u\u017esidarantys vyriai padidina komfort\u0105, u\u017etikrindami tyl\u0173 ir skland\u0173 dureli\u0173 atidarym\u0105. Kairioji spintel\u0117 leid\u017eia lengvai organizuoti virtuv\u0117s erdv\u0119, i\u0161laikant ergonomi\u0161k\u0105 jud\u0117jim\u0105 ir tvark\u0105 j\u016bs\u0173 virtuv\u0117je.<\/p>","protected":false},"excerpt":{"rendered":"<p>Plotis (cm): 60<br \/>\n\u016agis (cm): 82<br \/>\nGylis (cm): 47<\/p>","protected":false},"featured_media":160616,"comment_status":"open","ping_status":"open","template":"","meta":[],"product_brand":[],"product_cat":[9451,4106,9118],"product_tag":[],"class_list":{"0":"post-160615","1":"product","2":"type-product","3":"status-publish","4":"has-post-thumbnail","6":"product_cat-kitchen-system-aspen-grey","7":"product_cat-gala-meble","8":"product_cat-kitchen-cabinets","10":"first","11":"instock","12":"purchasable","13":"product-type-simple"},"_links":{"self":[{"href":"https:\/\/baldumarket.lt\/lt\/wp-json\/wp\/v2\/product\/160615","targetHints":{"allow":["GET"]}}],"collection":[{"href":"https:\/\/baldumarket.lt\/lt\/wp-json\/wp\/v2\/product"}],"about":[{"href":"https:\/\/baldumarket.lt\/lt\/wp-json\/wp\/v2\/types\/product"}],"replies":[{"embeddable":true,"href":"https:\/\/baldumarket.lt\/lt\/wp-json\/wp\/v2\/comments?post=160615"}],"wp:featuredmedia":[{"embeddable":true,"href":"https:\/\/baldumarket.lt\/lt\/wp-json\/wp\/v2\/media\/160616"}],"wp:attachment":[{"href":"https:\/\/baldumarket.lt\/lt\/wp-json\/wp\/v2\/media?parent=160615"}],"wp:term":[{"taxonomy":"product_brand","embeddable":true,"href":"https:\/\/baldumarket.lt\/lt\/wp-json\/wp\/v2\/product_brand?post=160615"},{"taxonomy":"product_cat","embeddable":true,"href":"https:\/\/baldumarket.lt\/lt\/wp-json\/wp\/v2\/product_cat?post=160615"},{"taxonomy":"product_tag","embeddable":true,"href":"https:\/\/baldumarket.lt\/lt\/wp-json\/wp\/v2\/product_tag?post=160615"}],"curies":[{"name":"wp","href":"https:\/\/api.w.org\/{rel}","templated":true}]}}