{"id":160612,"date":"2025-12-19T01:16:45","date_gmt":"2025-12-18T22:16:45","guid":{"rendered":"https:\/\/baldumarket.lt\/product\/szafka-kuchenna-dolna-1-drzwiowa-lewa-d60-l-aspen-white-bialy-polysk\/"},"modified":"2026-02-06T13:20:11","modified_gmt":"2026-02-06T10:20:11","slug":"szafka-kuchenna-dolna-1-drzwiowa-lewa-d60-l-aspen-white-bialy-polysk","status":"publish","type":"product","link":"https:\/\/baldumarket.lt\/lt\/product\/szafka-kuchenna-dolna-1-drzwiowa-lewa-d60-l-aspen-white-bialy-polysk\/","title":{"rendered":"Apatin\u0117 virtuv\u0117s spintel\u0117, 1 dur\u0173, kair\u0117, D60-L, drebul\u0117s balta, blizgi balta"},"content":{"rendered":"<p>Atraskite elegancij\u0105 ir modernum\u0105 su \u201eAspen White\u201c serijos virtuv\u0117s spintele i\u0161 \u201eGa\u0142a Meble\u201c. \u0160i unikali, blizgi balta spintel\u0117 neabejotinai suteiks spindesio bet kuriai virtuvei, sukurdama \u0161viesi\u0105 ir stiling\u0105 erdv\u0119. Minimalistinis dizainas subtiliai dera prie \u0161iuolaikinio interjero, si\u016blydamas ne tik estetin\u012f patrauklum\u0105, bet ir funkcionalum\u0105, kurio jums reikia kasdieniam naudojimui.<\/p>\n<p>D\u0117l auk\u0161tos kokyb\u0117s MDF panaudojimo priekinei daliai \u0161i spintel\u0117 pasi\u017eymi patvarumu ir patrauklia i\u0161vaizda. Tos pa\u010dios spalvos matinis korpusas pary\u0161kina vienod\u0105 spintel\u0117s stili\u0173, tod\u0117l ji puikiai dera prie kit\u0173 virtuv\u0117s bald\u0173. Tai idealus sprendimas tiems, kurie vertina harmoning\u0105 interjer\u0105.<\/p>\n<p>\u0160i spintel\u0117 buvo sukurta atsi\u017evelgiant \u012f maksimal\u0173 prakti\u0161kum\u0105 ir patogum\u0105. Reguliuojamos kojel\u0117s leid\u017eia pritaikyti spintel\u0119 pagal individualius poreikius, o tai ypa\u010d svarbu ant nelygi\u0173 grind\u0173. Be to, savaime u\u017esidarantys vyriai garantuoja tyl\u0173 ir patikim\u0105 u\u017edarym\u0105, padidindami komfort\u0105 kiekviename \u017eingsnyje.<\/p>\n<p>\u201eAspen White\u201c apatin\u0117 spintel\u0117 yra tiksliai suprojektuota taip, kad b\u016bt\u0173 lengva surinkti patiems, tod\u0117l tai puikus pasirinkimas tiems, kurie vertina lankstum\u0105 ir galimyb\u0119 suasmeninti savo interjer\u0105. Pasitik\u0117kite garsiu \u201eGa\u0142a Meble\u201c prek\u0117s \u017eenklu ir rinkit\u0117s gamin\u012f, kuris derina estetik\u0105 ir funkcionalum\u0105, paversdamas j\u016bs\u0173 virtuv\u0119 erdve, kurioje norite leisti laik\u0105.<\/p>","protected":false},"excerpt":{"rendered":"<p>Plotis (cm): 60<br \/>\n\u016agis (cm): 82<br \/>\nGylis (cm): 47<\/p>","protected":false},"featured_media":160613,"comment_status":"open","ping_status":"open","template":"","meta":[],"product_brand":[],"product_cat":[9445,4106,9118],"product_tag":[],"class_list":{"0":"post-160612","1":"product","2":"type-product","3":"status-publish","4":"has-post-thumbnail","6":"product_cat-kitchen-system-aspen-white","7":"product_cat-gala-meble","8":"product_cat-kitchen-cabinets","10":"first","11":"instock","12":"purchasable","13":"product-type-simple"},"_links":{"self":[{"href":"https:\/\/baldumarket.lt\/lt\/wp-json\/wp\/v2\/product\/160612","targetHints":{"allow":["GET"]}}],"collection":[{"href":"https:\/\/baldumarket.lt\/lt\/wp-json\/wp\/v2\/product"}],"about":[{"href":"https:\/\/baldumarket.lt\/lt\/wp-json\/wp\/v2\/types\/product"}],"replies":[{"embeddable":true,"href":"https:\/\/baldumarket.lt\/lt\/wp-json\/wp\/v2\/comments?post=160612"}],"wp:featuredmedia":[{"embeddable":true,"href":"https:\/\/baldumarket.lt\/lt\/wp-json\/wp\/v2\/media\/160613"}],"wp:attachment":[{"href":"https:\/\/baldumarket.lt\/lt\/wp-json\/wp\/v2\/media?parent=160612"}],"wp:term":[{"taxonomy":"product_brand","embeddable":true,"href":"https:\/\/baldumarket.lt\/lt\/wp-json\/wp\/v2\/product_brand?post=160612"},{"taxonomy":"product_cat","embeddable":true,"href":"https:\/\/baldumarket.lt\/lt\/wp-json\/wp\/v2\/product_cat?post=160612"},{"taxonomy":"product_tag","embeddable":true,"href":"https:\/\/baldumarket.lt\/lt\/wp-json\/wp\/v2\/product_tag?post=160612"}],"curies":[{"name":"wp","href":"https:\/\/api.w.org\/{rel}","templated":true}]}}