{"id":160607,"date":"2025-12-19T01:16:35","date_gmt":"2025-12-18T22:16:35","guid":{"rendered":"https:\/\/baldumarket.lt\/product\/szafka-kuchenna-dolna-1-drzwiowa-lewa-d601d-l-prowansja-sosna-andersen-bialy-mat\/"},"modified":"2026-02-06T13:08:29","modified_gmt":"2026-02-06T10:08:29","slug":"szafka-kuchenna-dolna-1-drzwiowa-lewa-d601d-l-prowansja-sosna-andersen-bialy-mat","status":"publish","type":"product","link":"https:\/\/baldumarket.lt\/lt\/product\/szafka-kuchenna-dolna-1-drzwiowa-lewa-d601d-l-prowansja-sosna-andersen-bialy-mat\/","title":{"rendered":"Apatin\u0117 virtuv\u0117s spintel\u0117, 1 dur\u0173, kair\u0117, D601D-L, provanso pu\u0161is, Anderseno balta matin\u0117 spalva"},"content":{"rendered":"<p>Paverskite savo virtuv\u0119 \u0161ilumos ir \u017eavesio erdve su eleganti\u0161ka \u201eProven\u00e7al\u201c serijos apatine spintele. \u0160is nesenstantis dizainas derina klasikin\u012f dizain\u0105 su modernia apdaila, tod\u0117l puikiai tinka Provanso stiliaus interjerui. Subtili strukt\u016bra ir subtilios linijos paver\u010dia \u0161i\u0105 spintel\u0119 pagrindiniu dekoratyviniu elementu j\u016bs\u0173 interjere. \u201eAndersen\u201c pu\u0161ies spintel\u0117 kartu su matin\u0117s baltos spalvos korpusu sukuria unikaliai harmoning\u0105 kompozicij\u0105, i\u0161ry\u0161kinan\u010di\u0105 nat\u016bral\u0173 baldo gro\u017e\u012f. \u0160ios spalvos ne tik malonios akiai, bet ir lengvai integruojamos su kitais baldais. Jos suteikia interjerui lengvumo ir erdvumo poj\u016bt\u012f, puikiai papildydamos jaukios virtuv\u0117s atmosfer\u0105, kur kiekviena maisto ruo\u0161imo akimirka bus tikras malonumas. Funkcionalumo pasaulyje \u0161i spintel\u0117 suteikia universalumo, kurio reikia kiekvienam maisto gaminimo entuziastui. Erdvi ni\u0161a paver\u010dia j\u0105 puikia vieta laikyti visus j\u016bs\u0173 virtuv\u0117s reikmenis \u2013 nuo puod\u0173 iki duben\u0117li\u0173. Savaime u\u017esiver\u017eiantys vyriai u\u017etikrina skland\u0173 ir tyl\u0173 dureli\u0173 atidarym\u0105, o tai ne tik padidina komfort\u0105, bet ir baldo patvarum\u0105. Tai palengvina ir palengvina kasdien\u0119 veikl\u0105.<\/p>","protected":false},"excerpt":{"rendered":"<p>Plotis (cm): 60<br \/>\n\u016agis (cm): 82<br \/>\nGylis (cm): 47<\/p>","protected":false},"featured_media":160608,"comment_status":"open","ping_status":"open","template":"","meta":[],"product_brand":[],"product_cat":[9444,9441,4106,9118],"product_tag":[],"class_list":{"0":"post-160607","1":"product","2":"type-product","3":"status-publish","4":"has-post-thumbnail","6":"product_cat-kitchen-system-prowansja-sosna-andersen","7":"product_cat-white","8":"product_cat-gala-meble","9":"product_cat-kitchen-cabinets","11":"first","12":"instock","13":"purchasable","14":"product-type-simple"},"_links":{"self":[{"href":"https:\/\/baldumarket.lt\/lt\/wp-json\/wp\/v2\/product\/160607","targetHints":{"allow":["GET"]}}],"collection":[{"href":"https:\/\/baldumarket.lt\/lt\/wp-json\/wp\/v2\/product"}],"about":[{"href":"https:\/\/baldumarket.lt\/lt\/wp-json\/wp\/v2\/types\/product"}],"replies":[{"embeddable":true,"href":"https:\/\/baldumarket.lt\/lt\/wp-json\/wp\/v2\/comments?post=160607"}],"wp:featuredmedia":[{"embeddable":true,"href":"https:\/\/baldumarket.lt\/lt\/wp-json\/wp\/v2\/media\/160608"}],"wp:attachment":[{"href":"https:\/\/baldumarket.lt\/lt\/wp-json\/wp\/v2\/media?parent=160607"}],"wp:term":[{"taxonomy":"product_brand","embeddable":true,"href":"https:\/\/baldumarket.lt\/lt\/wp-json\/wp\/v2\/product_brand?post=160607"},{"taxonomy":"product_cat","embeddable":true,"href":"https:\/\/baldumarket.lt\/lt\/wp-json\/wp\/v2\/product_cat?post=160607"},{"taxonomy":"product_tag","embeddable":true,"href":"https:\/\/baldumarket.lt\/lt\/wp-json\/wp\/v2\/product_tag?post=160607"}],"curies":[{"name":"wp","href":"https:\/\/api.w.org\/{rel}","templated":true}]}}