{"id":160602,"date":"2025-12-19T01:16:25","date_gmt":"2025-12-18T22:16:25","guid":{"rendered":"https:\/\/baldumarket.lt\/product\/szafka-kuchenna-dolna-1-drzwiowa-lewa-d60z-l-prowansja-sosna-andersen-bialy-mat\/"},"modified":"2026-02-06T13:08:29","modified_gmt":"2026-02-06T10:08:29","slug":"szafka-kuchenna-dolna-1-drzwiowa-lewa-d60z-l-prowansja-sosna-andersen-bialy-mat","status":"publish","type":"product","link":"https:\/\/baldumarket.lt\/lt\/product\/szafka-kuchenna-dolna-1-drzwiowa-lewa-d60z-l-prowansja-sosna-andersen-bialy-mat\/","title":{"rendered":"Apatin\u0117 virtuv\u0117s spintel\u0117, 1 dur\u0173, kair\u0117, D60Z-L, provanso pu\u0161is, Anderseno balta matin\u0117"},"content":{"rendered":"<p>Atgaivinkite savo virtuv\u0119 eleganti\u0161ka Provanso stiliaus apatine spintele. Tobulai suderinti Anderseno pu\u0161ies ir matin\u0117s baltos spalvos atspalviai sukuria harmoning\u0105 visum\u0105, suteikian\u010di\u0105 interjerui gaivumo ir elegancijos. \u0160is spalv\u0173 derinys ne tik atspindi \u0161vies\u0105, prid\u0117damas erdv\u0117s, bet ir suteikia nesenstant\u012f stili\u0173, kuris traukia ak\u012f ir suteikia charakterio bet kokiai virtuv\u0117s i\u0161d\u0117stymui. \u0160i funkcionali 60 cm plo\u010dio apatin\u0117 spintel\u0117 yra puikus sprendimas b\u016btiniausiems kasdieniams daiktams laikyti. Unikalus \u012f kair\u0119 atsidaran\u010di\u0173 dureli\u0173 dizainas leid\u017eia patogiai juos pastatyti net sunkiai pasiekiamose vietose. Prakti\u0161kas sprendimas, puikiai tiksntis bet kurioje virtuv\u0117je, jums pravers erdvus interjeras, kuriame tvarkingai susitvarkysite savo virtuv\u0117s reikmenis. Tokie elementai kaip eleganti\u0161kos juodo metalo rankenos suteikia subtil\u0173 modern\u0173 akcent\u0105, suteikiant\u012f spintelei prakti\u0161ko charakterio. MDF apdaila yra atspari kasdieniam d\u0117v\u0117jimuisi, o patikrinta laminato konstrukcija u\u017etikrina patvarum\u0105 ir stabilum\u0105. Kartu su reguliuojamomis kojel\u0117mis, kurios prisitaiko prie nelygi\u0173 grind\u0173, \u0161is baldas lengvai taps patikimu j\u016bs\u0173 virtuv\u0117s s\u0105jungininku.<\/p>","protected":false},"excerpt":{"rendered":"<p>Plotis (cm): 60<br \/>\n\u016agis (cm): 82<br \/>\nGylis (cm): 47<\/p>","protected":false},"featured_media":160603,"comment_status":"open","ping_status":"open","template":"","meta":[],"product_brand":[],"product_cat":[9444,9441,4106,9118],"product_tag":[],"class_list":{"0":"post-160602","1":"product","2":"type-product","3":"status-publish","4":"has-post-thumbnail","6":"product_cat-kitchen-system-prowansja-sosna-andersen","7":"product_cat-white","8":"product_cat-gala-meble","9":"product_cat-kitchen-cabinets","11":"first","12":"instock","13":"purchasable","14":"product-type-simple"},"_links":{"self":[{"href":"https:\/\/baldumarket.lt\/lt\/wp-json\/wp\/v2\/product\/160602","targetHints":{"allow":["GET"]}}],"collection":[{"href":"https:\/\/baldumarket.lt\/lt\/wp-json\/wp\/v2\/product"}],"about":[{"href":"https:\/\/baldumarket.lt\/lt\/wp-json\/wp\/v2\/types\/product"}],"replies":[{"embeddable":true,"href":"https:\/\/baldumarket.lt\/lt\/wp-json\/wp\/v2\/comments?post=160602"}],"wp:featuredmedia":[{"embeddable":true,"href":"https:\/\/baldumarket.lt\/lt\/wp-json\/wp\/v2\/media\/160603"}],"wp:attachment":[{"href":"https:\/\/baldumarket.lt\/lt\/wp-json\/wp\/v2\/media?parent=160602"}],"wp:term":[{"taxonomy":"product_brand","embeddable":true,"href":"https:\/\/baldumarket.lt\/lt\/wp-json\/wp\/v2\/product_brand?post=160602"},{"taxonomy":"product_cat","embeddable":true,"href":"https:\/\/baldumarket.lt\/lt\/wp-json\/wp\/v2\/product_cat?post=160602"},{"taxonomy":"product_tag","embeddable":true,"href":"https:\/\/baldumarket.lt\/lt\/wp-json\/wp\/v2\/product_tag?post=160602"}],"curies":[{"name":"wp","href":"https:\/\/api.w.org\/{rel}","templated":true}]}}