{"id":160597,"date":"2025-12-19T01:16:15","date_gmt":"2025-12-18T22:16:15","guid":{"rendered":"https:\/\/baldumarket.lt\/product\/szafka-kuchenna-dolna-1-drzwiowa-prawa-d30-p-aspen-grey-szary-polysk\/"},"modified":"2026-02-06T19:54:21","modified_gmt":"2026-02-06T16:54:21","slug":"szafka-kuchenna-dolna-1-drzwiowa-prawa-d30-p-aspen-grey-szary-polysk","status":"publish","type":"product","link":"https:\/\/baldumarket.lt\/lt\/product\/szafka-kuchenna-dolna-1-drzwiowa-prawa-d30-p-aspen-grey-szary-polysk\/","title":{"rendered":"Apatin\u0117 virtuv\u0117s spintel\u0117, vienv\u0117r\u0117, de\u0161inin\u0117, D30-P, drebul\u0117s pilka, blizgi, 1 vnt"},"content":{"rendered":"<p>Paverskite savo virtuv\u0119 tikru meno k\u016briniu su eleganti\u0161ka \u201eAspen Grey\u201c apatine spintele i\u0161 garsaus prek\u0117s \u017eenklo \u201eGa\u0142a Meble\u201c. Darnus stilingos pilkos blizgesio ir klasikin\u0117s matin\u0117s baltos apdailos derinys paver\u010dia \u0161i\u0105 spintel\u0119 modernaus dizaino kvintesencija, lengvai pritaikoma bet kurioje virtuv\u0117s erdv\u0117je. Nesvarbu, ar j\u016bs\u0173 virtuv\u0117 erdvi, ar kompakti\u0161ka, \u0161i spintel\u0117 suteiks klas\u0117s ir elegancijos. Unikalus \u201eAspen Grey\u201c apatin\u0117s spintel\u0117s estetinis charakteris pagr\u012fstas subtiliu pilkos MDF priekin\u0117s dalies ir laminuotos plok\u0161t\u0117s korpuso kontrastu. \u0160is med\u017eiag\u0173 derinys ne tik malonus akiai, bet ir parodo baldo tvirtum\u0105 bei ilgaam\u017ei\u0161kum\u0105. Tai puikus sprendimas tiems, kurie ie\u0161ko modernumo savo interjere. \u0160io baldo funkcionalumas dera su estetika. Prad\u0117kite savo dien\u0105 virtuv\u0117je, kurioje kiekviena detal\u0117 sukurta atsi\u017evelgiant \u012f naudojimo paprastum\u0105. Savaime u\u017esidarantys vyriai u\u017etikrina skland\u0173 ir tyl\u0173 dur\u0173 u\u017esidarym\u0105, tod\u0117l kasdienis maisto gaminimas tampa patogesnis. Be to, d\u0117l reguliuojam\u0173 kojeli\u0173 spintel\u0117 puikiai prisitaiko prie grind\u0173 lygio, u\u017etikrindama stabilum\u0105, nepaisant j\u0173 nelygum\u0173.<\/p>","protected":false},"excerpt":{"rendered":"<p>Plotis (cm): 30<br \/>\n\u016agis (cm): 82<br \/>\nGylis (cm): 47<\/p>","protected":false},"featured_media":160598,"comment_status":"open","ping_status":"open","template":"","meta":[],"product_brand":[],"product_cat":[9451,4106,9118],"product_tag":[],"class_list":{"0":"post-160597","1":"product","2":"type-product","3":"status-publish","4":"has-post-thumbnail","6":"product_cat-kitchen-system-aspen-grey","7":"product_cat-gala-meble","8":"product_cat-kitchen-cabinets","10":"first","11":"instock","12":"purchasable","13":"product-type-simple"},"_links":{"self":[{"href":"https:\/\/baldumarket.lt\/lt\/wp-json\/wp\/v2\/product\/160597","targetHints":{"allow":["GET"]}}],"collection":[{"href":"https:\/\/baldumarket.lt\/lt\/wp-json\/wp\/v2\/product"}],"about":[{"href":"https:\/\/baldumarket.lt\/lt\/wp-json\/wp\/v2\/types\/product"}],"replies":[{"embeddable":true,"href":"https:\/\/baldumarket.lt\/lt\/wp-json\/wp\/v2\/comments?post=160597"}],"wp:featuredmedia":[{"embeddable":true,"href":"https:\/\/baldumarket.lt\/lt\/wp-json\/wp\/v2\/media\/160598"}],"wp:attachment":[{"href":"https:\/\/baldumarket.lt\/lt\/wp-json\/wp\/v2\/media?parent=160597"}],"wp:term":[{"taxonomy":"product_brand","embeddable":true,"href":"https:\/\/baldumarket.lt\/lt\/wp-json\/wp\/v2\/product_brand?post=160597"},{"taxonomy":"product_cat","embeddable":true,"href":"https:\/\/baldumarket.lt\/lt\/wp-json\/wp\/v2\/product_cat?post=160597"},{"taxonomy":"product_tag","embeddable":true,"href":"https:\/\/baldumarket.lt\/lt\/wp-json\/wp\/v2\/product_tag?post=160597"}],"curies":[{"name":"wp","href":"https:\/\/api.w.org\/{rel}","templated":true}]}}