{"id":160593,"date":"2025-12-19T01:16:07","date_gmt":"2025-12-18T22:16:07","guid":{"rendered":"https:\/\/baldumarket.lt\/product\/szafka-kuchenna-dolna-1-drzwiowa-prawa-d30-p-aspen-white-bialy-polysk\/"},"modified":"2026-02-06T13:20:11","modified_gmt":"2026-02-06T10:20:11","slug":"szafka-kuchenna-dolna-1-drzwiowa-prawa-d30-p-aspen-white-bialy-polysk","status":"publish","type":"product","link":"https:\/\/baldumarket.lt\/lt\/product\/szafka-kuchenna-dolna-1-drzwiowa-prawa-d30-p-aspen-white-bialy-polysk\/","title":{"rendered":"Apatin\u0117 virtuv\u0117s spintel\u0117, 1 dur\u0173, de\u0161inin\u0117, D30-P, drebul\u0117s balta, blizgi balta"},"content":{"rendered":"<p>Atraskite modernumo \u017eaves\u012f su m\u016bs\u0173 \u201eAspen White\u201c virtuv\u0117s spintele, kuri akinan\u010diai baltu pavir\u0161iumi ir blizgiais fasadais \u017eavi. \u0160i apatin\u0117 spintel\u0117 yra eleganti\u0161kas akcentas bet kurioje virtuv\u0117je, savo nepriekai\u0161tingu, blizgiu pavir\u0161iumi suteikianti harmonijos ir gaivumo. Minimalistinis dizainas puikiai dera su modernaus interjero tendencijomis, kur paprastumas ir estetika dera tarpusavyje.<\/p>\n<p>\u201eAspen White\u201c spintel\u0117 yra ne tik gra\u017ei, bet ir funkcionali, k\u0105 \u012fvertinsite kasdien naudodami. Prakti\u0161ka erdv\u0117 leid\u017eia tvarkingai laikyti svarbiausius virtuv\u0117s reikmenis, suteikiant lengv\u0105 prieig\u0105 prie b\u016btiniausi\u0173 daikt\u0173. Patog\u016bs, savaime u\u017esidarantys vyriai u\u017etikrina skland\u0173 ir tyl\u0173 dureli\u0173 u\u017edarym\u0105, suteikdami j\u016bs\u0173 virtuvei patogumo ir modernumo.<\/p>\n<p>I\u0161skirtinis baltas MDF fasad\u0173 blizgesys kontrastuoja su matiniu korpusu, sukurdamas unikal\u0173 \u0161viesos ir \u0161e\u0161\u0117li\u0173 \u017eaism\u0105 virtuv\u0117s interjere. Tai puikus sprendimas tiems, kurie vertina ne tik virtuv\u0117s bald\u0173 i\u0161vaizd\u0105, bet ir patvarum\u0105. Tvirta laminuotos plok\u0161t\u0117s konstrukcija u\u017etikrina ilgaam\u017ei\u0161kum\u0105 ir atsparum\u0105 kasdieniams i\u0161\u0161\u016bkiams.<\/p>\n<p>D\u0117l reguliuojam\u0173 kojeli\u0173 spintel\u0117 prisitaiko prie \u012fvairi\u0173 naudotoj\u0173 poreiki\u0173, u\u017etikrindama stabilum\u0105 net ir ant nelygaus pavir\u0161iaus. Auk\u0161\u010dio reguliavimas nuo 10 iki 12,5 cm leid\u017eia individualiai reguliuoti spintel\u0119, o tai yra ne\u012fkainojama montuojant. Savaranki\u0161kas surinkimas nesukelia problem\u0173 \u2013 pridedami komponentai ir ai\u0161kios instrukcijos u\u017etikrina greit\u0105 ir paprast\u0105 surinkimo proces\u0105.<\/p>","protected":false},"excerpt":{"rendered":"<p>Plotis (cm): 30<br \/>\n\u016agis (cm): 82<br \/>\nGylis (cm): 47<\/p>","protected":false},"featured_media":160594,"comment_status":"open","ping_status":"open","template":"","meta":[],"product_brand":[],"product_cat":[9445,4106,9118],"product_tag":[],"class_list":{"0":"post-160593","1":"product","2":"type-product","3":"status-publish","4":"has-post-thumbnail","6":"product_cat-kitchen-system-aspen-white","7":"product_cat-gala-meble","8":"product_cat-kitchen-cabinets","10":"first","11":"instock","12":"purchasable","13":"product-type-simple"},"_links":{"self":[{"href":"https:\/\/baldumarket.lt\/lt\/wp-json\/wp\/v2\/product\/160593","targetHints":{"allow":["GET"]}}],"collection":[{"href":"https:\/\/baldumarket.lt\/lt\/wp-json\/wp\/v2\/product"}],"about":[{"href":"https:\/\/baldumarket.lt\/lt\/wp-json\/wp\/v2\/types\/product"}],"replies":[{"embeddable":true,"href":"https:\/\/baldumarket.lt\/lt\/wp-json\/wp\/v2\/comments?post=160593"}],"wp:featuredmedia":[{"embeddable":true,"href":"https:\/\/baldumarket.lt\/lt\/wp-json\/wp\/v2\/media\/160594"}],"wp:attachment":[{"href":"https:\/\/baldumarket.lt\/lt\/wp-json\/wp\/v2\/media?parent=160593"}],"wp:term":[{"taxonomy":"product_brand","embeddable":true,"href":"https:\/\/baldumarket.lt\/lt\/wp-json\/wp\/v2\/product_brand?post=160593"},{"taxonomy":"product_cat","embeddable":true,"href":"https:\/\/baldumarket.lt\/lt\/wp-json\/wp\/v2\/product_cat?post=160593"},{"taxonomy":"product_tag","embeddable":true,"href":"https:\/\/baldumarket.lt\/lt\/wp-json\/wp\/v2\/product_tag?post=160593"}],"curies":[{"name":"wp","href":"https:\/\/api.w.org\/{rel}","templated":true}]}}