{"id":160587,"date":"2025-12-19T01:15:55","date_gmt":"2025-12-18T22:15:55","guid":{"rendered":"https:\/\/baldumarket.lt\/product\/szafka-kuchenna-dolna-1-drzwiowa-prawa-d30-p-prowansja-sosna-andersen-bialy-mat\/"},"modified":"2026-02-06T13:08:29","modified_gmt":"2026-02-06T10:08:29","slug":"szafka-kuchenna-dolna-1-drzwiowa-prawa-d30-p-prowansja-sosna-andersen-bialy-mat","status":"publish","type":"product","link":"https:\/\/baldumarket.lt\/lt\/product\/szafka-kuchenna-dolna-1-drzwiowa-prawa-d30-p-prowansja-sosna-andersen-bialy-mat\/","title":{"rendered":"Apatin\u0117 virtuv\u0117s spintel\u0117, 1 dur\u0173, de\u0161inin\u0117, D30-P, provanso pu\u0161is, Anderseno balta matin\u0117"},"content":{"rendered":"<p>Atraskite stilingo ir funkcionalaus interjero \u017eaves\u012f su eleganti\u0161ka D30-P apatine vien\u0173 dureli\u0173 de\u0161inine virtuv\u0117s spintele i\u0161 garsaus prek\u0117s \u017eenklo \u201eGa\u0142a Meble\u201c. \u0160is unikalus baldas suteiks j\u016bs\u0173 virtuvei Provanso stiliaus prisilietim\u0105 d\u0117l subtilios Anderseno pu\u0161ies apdailos, kuri puikiai dera su matin\u0117s baltos spalvos korpusu. Tai puikus sprendimas subtilios elegancijos ir nesenstan\u010dio dizaino m\u0117g\u0117jams. Sukurta su aistra ir d\u0117mesiu ma\u017eiausioms detal\u0117ms, \u0161i virtuv\u0117s spintel\u0117 yra tobulas estetikos ir funkcionalumo derinys. D\u0117l kompakti\u0161ko 30 cm plo\u010dio ir 82 cm auk\u0161\u010dio ji puikiai tinka net ir ank\u0161tiausioms virtuv\u0117s erdv\u0117ms, neprarasdama savo \u017eavesio. Neutrali spalv\u0173 gama ir eleganti\u0161kos juodos metalin\u0117s rankenos suteikia interjerui klas\u0117s ir harmonijos. \u0160i virtuv\u0117s spintel\u0117 apjungia ne tik gro\u017e\u012f, bet ir prakti\u0161kum\u0105. Reguliuojamos kojel\u0117s leid\u017eia idealiai suderinti baldus su grindimis, o pa\u017eang\u016bs savaime u\u017esidarantys vyriai u\u017etikrina skland\u0173 ir tyl\u0173 dureli\u0173 u\u017edarym\u0105, tod\u0117l \u0161is sprendimas yra ne tik stilingas, bet ir patogus naudoti. Tai puikus pasirinkimas tiems, kurie vertina patogum\u0105 kasdien naudojant.<\/p>","protected":false},"excerpt":{"rendered":"<p>Plotis (cm): 30<br \/>\n\u016agis (cm): 82<br \/>\nGylis (cm): 47<\/p>","protected":false},"featured_media":160588,"comment_status":"open","ping_status":"open","template":"","meta":[],"product_brand":[],"product_cat":[9444,9441,4106,9118],"product_tag":[],"class_list":{"0":"post-160587","1":"product","2":"type-product","3":"status-publish","4":"has-post-thumbnail","6":"product_cat-kitchen-system-prowansja-sosna-andersen","7":"product_cat-white","8":"product_cat-gala-meble","9":"product_cat-kitchen-cabinets","11":"first","12":"instock","13":"purchasable","14":"product-type-simple"},"_links":{"self":[{"href":"https:\/\/baldumarket.lt\/lt\/wp-json\/wp\/v2\/product\/160587","targetHints":{"allow":["GET"]}}],"collection":[{"href":"https:\/\/baldumarket.lt\/lt\/wp-json\/wp\/v2\/product"}],"about":[{"href":"https:\/\/baldumarket.lt\/lt\/wp-json\/wp\/v2\/types\/product"}],"replies":[{"embeddable":true,"href":"https:\/\/baldumarket.lt\/lt\/wp-json\/wp\/v2\/comments?post=160587"}],"wp:featuredmedia":[{"embeddable":true,"href":"https:\/\/baldumarket.lt\/lt\/wp-json\/wp\/v2\/media\/160588"}],"wp:attachment":[{"href":"https:\/\/baldumarket.lt\/lt\/wp-json\/wp\/v2\/media?parent=160587"}],"wp:term":[{"taxonomy":"product_brand","embeddable":true,"href":"https:\/\/baldumarket.lt\/lt\/wp-json\/wp\/v2\/product_brand?post=160587"},{"taxonomy":"product_cat","embeddable":true,"href":"https:\/\/baldumarket.lt\/lt\/wp-json\/wp\/v2\/product_cat?post=160587"},{"taxonomy":"product_tag","embeddable":true,"href":"https:\/\/baldumarket.lt\/lt\/wp-json\/wp\/v2\/product_tag?post=160587"}],"curies":[{"name":"wp","href":"https:\/\/api.w.org\/{rel}","templated":true}]}}