{"id":160582,"date":"2025-12-19T01:15:45","date_gmt":"2025-12-18T22:15:45","guid":{"rendered":"https:\/\/baldumarket.lt\/product\/szafka-kuchenna-dolna-1-drzwiowa-prawa-d30-p-sycylia-andersen\/"},"modified":"2026-02-06T12:46:36","modified_gmt":"2026-02-06T09:46:36","slug":"szafka-kuchenna-dolna-1-drzwiowa-prawa-d30-p-sycylia-andersen","status":"publish","type":"product","link":"https:\/\/baldumarket.lt\/lt\/product\/szafka-kuchenna-dolna-1-drzwiowa-prawa-d30-p-sycylia-andersen\/","title":{"rendered":"Apatin\u0117 virtuv\u0117s spintel\u0117, vienv\u0117r\u0117, de\u0161inin\u0117, D30-P, Sicily Andersen"},"content":{"rendered":"<p>Atraskite itali\u0161ko stiliaus paslaptis savo virtuv\u0117je su eleganti\u0161ka \u201eAndersen Sicylia\u201c apatine spintele i\u0161 \u201eGa\u0142a Meble\u201c. \u0160i subtili kompozicija, kurioje derinamas skandinavi\u0161kas stilius ir modernus funkcionalumas, atvers nauj\u0173 dizaino galimybi\u0173. Subtilus \u201eAndersen\u201c pu\u0161ies fasadas kartu su matin\u0117s baltos spalvos korpusu sukuria harmoning\u0105 erdv\u0119, kurioje maisto gaminimas tampa dar malonesnis. Spintel\u0117 puikiai dera su \u0161iuolaikin\u0117mis interjero dizaino tendencijomis, tod\u0117l yra universalus bet kurios virtuv\u0117s elementas. D\u0117l kompakti\u0161ko dyd\u017eio ji idealiai tinka net ma\u017eesn\u0117ms erdv\u0117ms, tuo pa\u010diu si\u016blydama daug vietos b\u016btiniausiems daiktams laikyti. Rafinuot\u0105 i\u0161vaizd\u0105 pary\u0161kina sidabrin\u0117s plastikin\u0117s rankenos, kurios suteikia eleganti\u0161k\u0105 apdail\u0105 ir \u017eavi minimalistine forma. Kruop\u0161\u010diai apgalvota spintel\u0117s konstrukcija i\u0161 MDF ir laminato plok\u0161\u010di\u0173 suteikia tvirtumo ir ilgaam\u017ei\u0161kumo. D\u0117l to ji lengvai pritaikoma kasdieniam naudojimui, o unikalus stilius tikrai pritrauks kiekvieno sve\u010dio d\u0117mes\u012f. \u0160i spintel\u0117 ne tik pa\u012fvairins j\u016bs\u0173 interjer\u0105, bet ir padidins virtuv\u0117s erdv\u0117s naudojimo komfort\u0105.<\/p>","protected":false},"excerpt":{"rendered":"<p>Plotis (cm): 30<br \/>\n\u016agis (cm): 82<br \/>\nGylis (cm): 47<\/p>","protected":false},"featured_media":160583,"comment_status":"open","ping_status":"open","template":"","meta":[],"product_brand":[],"product_cat":[9440,9441,4106,9118],"product_tag":[],"class_list":{"0":"post-160582","1":"product","2":"type-product","3":"status-publish","4":"has-post-thumbnail","6":"product_cat-kitchen-system-sycylia-sosna-andersen","7":"product_cat-white","8":"product_cat-gala-meble","9":"product_cat-kitchen-cabinets","11":"first","12":"instock","13":"purchasable","14":"product-type-simple"},"_links":{"self":[{"href":"https:\/\/baldumarket.lt\/lt\/wp-json\/wp\/v2\/product\/160582","targetHints":{"allow":["GET"]}}],"collection":[{"href":"https:\/\/baldumarket.lt\/lt\/wp-json\/wp\/v2\/product"}],"about":[{"href":"https:\/\/baldumarket.lt\/lt\/wp-json\/wp\/v2\/types\/product"}],"replies":[{"embeddable":true,"href":"https:\/\/baldumarket.lt\/lt\/wp-json\/wp\/v2\/comments?post=160582"}],"wp:featuredmedia":[{"embeddable":true,"href":"https:\/\/baldumarket.lt\/lt\/wp-json\/wp\/v2\/media\/160583"}],"wp:attachment":[{"href":"https:\/\/baldumarket.lt\/lt\/wp-json\/wp\/v2\/media?parent=160582"}],"wp:term":[{"taxonomy":"product_brand","embeddable":true,"href":"https:\/\/baldumarket.lt\/lt\/wp-json\/wp\/v2\/product_brand?post=160582"},{"taxonomy":"product_cat","embeddable":true,"href":"https:\/\/baldumarket.lt\/lt\/wp-json\/wp\/v2\/product_cat?post=160582"},{"taxonomy":"product_tag","embeddable":true,"href":"https:\/\/baldumarket.lt\/lt\/wp-json\/wp\/v2\/product_tag?post=160582"}],"curies":[{"name":"wp","href":"https:\/\/api.w.org\/{rel}","templated":true}]}}