{"id":160577,"date":"2025-12-19T01:15:35","date_gmt":"2025-12-18T22:15:35","guid":{"rendered":"https:\/\/baldumarket.lt\/product\/szafka-kuchenna-dolna-1-drzwiowa-prawa-d30-p-sycylia-orzech\/"},"modified":"2026-02-06T14:32:26","modified_gmt":"2026-02-06T11:32:26","slug":"szafka-kuchenna-dolna-1-drzwiowa-prawa-d30-p-sycylia-orzech","status":"publish","type":"product","link":"https:\/\/baldumarket.lt\/lt\/product\/szafka-kuchenna-dolna-1-drzwiowa-prawa-d30-p-sycylia-orzech\/","title":{"rendered":"Apatin\u0117 virtuv\u0117s spintel\u0117, 1 dur\u0173, de\u0161inin\u0117, D30-P, Sicily Walnut"},"content":{"rendered":"<p>Atraskite unikal\u0173 \u201eSicily Walnut\u201c vien\u0173 dureli\u0173 apatin\u0117s virtuv\u0117s spintel\u0117s \u017eaves\u012f, kuri taps nepakei\u010diamu j\u016bs\u0173 virtuv\u0117s elementu. Unikali \u201eMilano Walnut\u201c apdaila puikiai papildo med\u017eio konstrukcijos \u0161ilum\u0105, suteikdama interjerui jauki\u0105 ir eleganti\u0161k\u0105 atmosfer\u0105. \u0160i spintel\u0117 \u2013 tikras perlas, kuris ne tik pagerins virtuv\u0117s estetik\u0105, bet ir suteiks prakti\u0161k\u0173 sprendim\u0173 kasdieniam naudojimui. Projektuojant virtuv\u0119 verta sutelkti d\u0117mes\u012f \u012f darn\u0173 stiliaus ir funkcionalumo derin\u012f. \u201eGa\u0142a Meble\u201c si\u016blo spintel\u0119, kuri puikiai atitinka \u0161i\u0105 id\u0117j\u0105. D\u0117l subtilaus, ta\u010diau i\u0161rai\u0161kingo charakterio ji puikiai dera tiek su moderniu, tiek su klasikiniu interjeru. MDF priekin\u0117 med\u017eiaga pabr\u0117\u017eia jos patvarum\u0105 ir atsparum\u0105 kasdieniam naudojimui, o laminuotos plok\u0161t\u0117s korpusas suteikia dar didesn\u012f tvirtum\u0105. Kitas \u0161ios spintel\u0117s i\u0161skirtinis bruo\u017eas \u2013 prakti\u0161kumas. Ploni matmenys puikiai tinka ma\u017eesn\u0117ms erdv\u0117ms, tuo pa\u010diu u\u017etikrinant daug vietos b\u016btiniausiems daiktams laikyti. Kiekviena detal\u0117 sukurta atsi\u017evelgiant \u012f j\u016bs\u0173 patogum\u0105 \u2013 nuo ergonomi\u0161ko i\u0161d\u0117stymo iki lengvos prieigos prie laikom\u0173 daikt\u0173.<\/p>","protected":false},"excerpt":{"rendered":"<p>Plotis (cm): 30<br \/>\n\u016agis (cm): 82<br \/>\nGylis (cm): 47<\/p>","protected":false},"featured_media":160578,"comment_status":"open","ping_status":"open","template":"","meta":[],"product_brand":[],"product_cat":[9450,4106,9118],"product_tag":[],"class_list":{"0":"post-160577","1":"product","2":"type-product","3":"status-publish","4":"has-post-thumbnail","6":"product_cat-kitchen-system-sycylia-orzech-milano","7":"product_cat-gala-meble","8":"product_cat-kitchen-cabinets","10":"first","11":"instock","12":"purchasable","13":"product-type-simple"},"_links":{"self":[{"href":"https:\/\/baldumarket.lt\/lt\/wp-json\/wp\/v2\/product\/160577","targetHints":{"allow":["GET"]}}],"collection":[{"href":"https:\/\/baldumarket.lt\/lt\/wp-json\/wp\/v2\/product"}],"about":[{"href":"https:\/\/baldumarket.lt\/lt\/wp-json\/wp\/v2\/types\/product"}],"replies":[{"embeddable":true,"href":"https:\/\/baldumarket.lt\/lt\/wp-json\/wp\/v2\/comments?post=160577"}],"wp:featuredmedia":[{"embeddable":true,"href":"https:\/\/baldumarket.lt\/lt\/wp-json\/wp\/v2\/media\/160578"}],"wp:attachment":[{"href":"https:\/\/baldumarket.lt\/lt\/wp-json\/wp\/v2\/media?parent=160577"}],"wp:term":[{"taxonomy":"product_brand","embeddable":true,"href":"https:\/\/baldumarket.lt\/lt\/wp-json\/wp\/v2\/product_brand?post=160577"},{"taxonomy":"product_cat","embeddable":true,"href":"https:\/\/baldumarket.lt\/lt\/wp-json\/wp\/v2\/product_cat?post=160577"},{"taxonomy":"product_tag","embeddable":true,"href":"https:\/\/baldumarket.lt\/lt\/wp-json\/wp\/v2\/product_tag?post=160577"}],"curies":[{"name":"wp","href":"https:\/\/api.w.org\/{rel}","templated":true}]}}