{"id":160572,"date":"2025-12-19T01:15:26","date_gmt":"2025-12-18T22:15:26","guid":{"rendered":"https:\/\/baldumarket.lt\/product\/szafka-kuchenna-dolna-1-drzwiowa-prawa-d40-p-aspen-grey-szary-polysk\/"},"modified":"2026-02-06T19:54:21","modified_gmt":"2026-02-06T16:54:21","slug":"szafka-kuchenna-dolna-1-drzwiowa-prawa-d40-p-aspen-grey-szary-polysk","status":"publish","type":"product","link":"https:\/\/baldumarket.lt\/lt\/product\/szafka-kuchenna-dolna-1-drzwiowa-prawa-d40-p-aspen-grey-szary-polysk\/","title":{"rendered":"Apatin\u0117 virtuv\u0117s spintel\u0117, 1 dur\u0173, de\u0161inin\u0117, D40-P, drebul\u0117s pilka, blizgi, dengta"},"content":{"rendered":"<p>Atraskite modernaus dizaino paslaptis su m\u016bs\u0173 \u201eAspen Grey\u201c spalvos apatine spintele, kuri derina subtil\u0173 blizgios pilkos apdailos elegancij\u0105 su kasdienio naudojimo prakti\u0161kumu. Harmoningas dizainas puikiai tinka bet kuriai virtuvei, suteikdamas rafinuoto stiliaus prisilietim\u0105. \u0160is unikalus baldas gali pakeisti erdv\u0119, suteikdamas jai modernumo ir nesenstan\u010dio \u017eavesio. Blizgus pilkas priekinis pavir\u0161ius ne tik traukia ak\u012f, bet ir suteikia interjerui lengvumo bei dinami\u0161kumo. D\u0117l auk\u0161tos kokyb\u0117s, patvarios MDF plok\u0161t\u0117s naudojimo priekin\u0117 dalis \u017eavi savo patvarumu ir atsparumu \u012fbr\u0117\u017eimams, tod\u0117l tai idealus pasirinkimas intensyviai naudojamoms virtuv\u0117ms. Matinis baltas korpusas puikiai papildo priekin\u0119 dal\u012f, sukurdamas ram\u0173, ta\u010diau stiling\u0105 kontrast\u0105, kuris \u0161iuo metu yra labai populiarus interjero dizaino tendencijose. \u0160io baldo funkcionalumas yra toks pat \u012fsp\u016bdingas, kaip ir jo estetika. Spintel\u0117 buvo sukurta atsi\u017evelgiant \u012f maksimal\u0173 komfort\u0105. Reguliuojamos kojel\u0117s leid\u017eia reguliuoti spintel\u0117s auk\u0161t\u012f pagal individualius poreikius, o tai ypa\u010d naudinga nelygiems pavir\u0161iams. \u0160is sprendimas u\u017etikrina stabilum\u0105 ir palengvina grind\u0173 valym\u0105, o tai \u012fvertins visi, kurie vertina tvark\u0105 ir ergonomik\u0105 virtuv\u0117je.<\/p>","protected":false},"excerpt":{"rendered":"<p>Plotis (cm): 40<br \/>\n\u016agis (cm): 82<br \/>\nGylis (cm): 47<\/p>","protected":false},"featured_media":160573,"comment_status":"open","ping_status":"open","template":"","meta":[],"product_brand":[],"product_cat":[9451,4106,9118],"product_tag":[],"class_list":{"0":"post-160572","1":"product","2":"type-product","3":"status-publish","4":"has-post-thumbnail","6":"product_cat-kitchen-system-aspen-grey","7":"product_cat-gala-meble","8":"product_cat-kitchen-cabinets","10":"first","11":"instock","12":"purchasable","13":"product-type-simple"},"_links":{"self":[{"href":"https:\/\/baldumarket.lt\/lt\/wp-json\/wp\/v2\/product\/160572","targetHints":{"allow":["GET"]}}],"collection":[{"href":"https:\/\/baldumarket.lt\/lt\/wp-json\/wp\/v2\/product"}],"about":[{"href":"https:\/\/baldumarket.lt\/lt\/wp-json\/wp\/v2\/types\/product"}],"replies":[{"embeddable":true,"href":"https:\/\/baldumarket.lt\/lt\/wp-json\/wp\/v2\/comments?post=160572"}],"wp:featuredmedia":[{"embeddable":true,"href":"https:\/\/baldumarket.lt\/lt\/wp-json\/wp\/v2\/media\/160573"}],"wp:attachment":[{"href":"https:\/\/baldumarket.lt\/lt\/wp-json\/wp\/v2\/media?parent=160572"}],"wp:term":[{"taxonomy":"product_brand","embeddable":true,"href":"https:\/\/baldumarket.lt\/lt\/wp-json\/wp\/v2\/product_brand?post=160572"},{"taxonomy":"product_cat","embeddable":true,"href":"https:\/\/baldumarket.lt\/lt\/wp-json\/wp\/v2\/product_cat?post=160572"},{"taxonomy":"product_tag","embeddable":true,"href":"https:\/\/baldumarket.lt\/lt\/wp-json\/wp\/v2\/product_tag?post=160572"}],"curies":[{"name":"wp","href":"https:\/\/api.w.org\/{rel}","templated":true}]}}