{"id":160568,"date":"2025-12-19T01:15:17","date_gmt":"2025-12-18T22:15:17","guid":{"rendered":"https:\/\/baldumarket.lt\/product\/szafka-kuchenna-dolna-1-drzwiowa-prawa-d40-p-aspen-white-bialy-polysk\/"},"modified":"2026-02-06T13:20:11","modified_gmt":"2026-02-06T10:20:11","slug":"szafka-kuchenna-dolna-1-drzwiowa-prawa-d40-p-aspen-white-bialy-polysk","status":"publish","type":"product","link":"https:\/\/baldumarket.lt\/lt\/product\/szafka-kuchenna-dolna-1-drzwiowa-prawa-d40-p-aspen-white-bialy-polysk\/","title":{"rendered":"Apatin\u0117 virtuv\u0117s spintel\u0117, vienv\u0117r\u0117, de\u0161inin\u0117, D40-P, drebul\u0117s balta, blizgi balta"},"content":{"rendered":"<p>Atraskite nauj\u0105 estetikos dimensij\u0105 savo virtuv\u0117je su D40-P Aspen White vien\u0173 dur\u0173 de\u0161in\u0117s pus\u0117s apatine virtuv\u0117s spintele, kurioje derinamas modernus dizainas ir funkcionalumas. Jos blizgus baltas priekis yra puikus sprendimas, suteikiantis j\u016bs\u0173 interjerui gaivumo ir elegancijos, puikiai papildantis \u012fvairius virtuv\u0117s dizainus. Jei norite sukurti harmoning\u0105 ir vizualiai patraukli\u0105 virtuv\u0119, \u0161is dizaino elementas kaip tik Jums.<\/p>\n<p>\u0160ios spintel\u0117s funkcionalumas jus nustebins savo prakti\u0161kumu. 40 cm plo\u010dio, 82 cm auk\u0161\u010dio ir 47 cm gylio, tod\u0117l galite lengvai sutvarkyti savo virtuv\u0117s erdv\u0119 ir maksimaliai i\u0161naudoti jos naudojimo galimybes. Spintel\u0117 leid\u017eia laikyti \u012fvairius virtuv\u0117s priedus, kad jie visada b\u016bt\u0173 pasiekiami, o tai neabejotinai pagerina kasdienio maisto gaminimo patogum\u0105.<\/p>\n<p>\u0160ios spintel\u0117s privalumai neapsiriboja vien estetika. Reguliuojamos kojel\u0117s, kuri\u0173 auk\u0161tis svyruoja nuo 10 iki 12,5 cm, ir savaime u\u017esidarantys vyriai u\u017etikrina stabilum\u0105 ir skland\u0173 dureli\u0173 atidarym\u0105, taip u\u017etikrinant ilgaam\u017ei\u0161kum\u0105 ir veikim\u0105 be problem\u0173. \u0160ie elementai pabr\u0117\u017eia gamybos kokyb\u0119, kuri yra labai svarbi, kai svarbi patvari apdaila.<\/p>\n<p>Savaranki\u0161kas surinkimas \u2013 tai b\u016bdas i\u0161laisvinti savo k\u016brybi\u0161kum\u0105 ir susikurti erdv\u0119, idealiai pritaikyt\u0105 j\u016bs\u0173 poreikiams. \u201eGa\u0142a Meble\u201c D40-P \u201eAspen White\u201c spintel\u0117 sujungia auk\u0161tos kokyb\u0117s med\u017eiagas \u2013 balt\u0105 blizgi\u0105 MDF plok\u0161t\u0119 ir matin\u0117s baltos spalvos laminuot\u0105 korpus\u0105 \u2013 \u012frodan\u010di\u0105 jos patvarum\u0105 ir atsparum\u0105 kasdieniam naudojimui.<\/p>\n<p>Suteikite savo virtuvei nauj\u0105 stili\u0173 su \u201eAspen White\u201c spintele. Tai pasirinkimas ie\u0161kantiems madingo ir funkcionalaus sprendimo, kuris pakeist\u0173 erdv\u0119 ir kasdien\u012f gyvenim\u0105 paverst\u0173 patogesniu bei \u012fkvepian\u010diu.<\/p>","protected":false},"excerpt":{"rendered":"<p>Plotis (cm): 40<br \/>\n\u016agis (cm): 82<br \/>\nGylis (cm): 47<\/p>","protected":false},"featured_media":160569,"comment_status":"open","ping_status":"open","template":"","meta":[],"product_brand":[],"product_cat":[9445,4106,9118],"product_tag":[],"class_list":{"0":"post-160568","1":"product","2":"type-product","3":"status-publish","4":"has-post-thumbnail","6":"product_cat-kitchen-system-aspen-white","7":"product_cat-gala-meble","8":"product_cat-kitchen-cabinets","10":"first","11":"instock","12":"purchasable","13":"product-type-simple"},"_links":{"self":[{"href":"https:\/\/baldumarket.lt\/lt\/wp-json\/wp\/v2\/product\/160568","targetHints":{"allow":["GET"]}}],"collection":[{"href":"https:\/\/baldumarket.lt\/lt\/wp-json\/wp\/v2\/product"}],"about":[{"href":"https:\/\/baldumarket.lt\/lt\/wp-json\/wp\/v2\/types\/product"}],"replies":[{"embeddable":true,"href":"https:\/\/baldumarket.lt\/lt\/wp-json\/wp\/v2\/comments?post=160568"}],"wp:featuredmedia":[{"embeddable":true,"href":"https:\/\/baldumarket.lt\/lt\/wp-json\/wp\/v2\/media\/160569"}],"wp:attachment":[{"href":"https:\/\/baldumarket.lt\/lt\/wp-json\/wp\/v2\/media?parent=160568"}],"wp:term":[{"taxonomy":"product_brand","embeddable":true,"href":"https:\/\/baldumarket.lt\/lt\/wp-json\/wp\/v2\/product_brand?post=160568"},{"taxonomy":"product_cat","embeddable":true,"href":"https:\/\/baldumarket.lt\/lt\/wp-json\/wp\/v2\/product_cat?post=160568"},{"taxonomy":"product_tag","embeddable":true,"href":"https:\/\/baldumarket.lt\/lt\/wp-json\/wp\/v2\/product_tag?post=160568"}],"curies":[{"name":"wp","href":"https:\/\/api.w.org\/{rel}","templated":true}]}}