{"id":160562,"date":"2025-12-19T01:15:04","date_gmt":"2025-12-18T22:15:04","guid":{"rendered":"https:\/\/baldumarket.lt\/product\/szafka-kuchenna-dolna-1-drzwiowa-prawa-d40-p-prowansja-sosna-andersen-bialy-mat\/"},"modified":"2026-02-06T13:08:29","modified_gmt":"2026-02-06T10:08:29","slug":"szafka-kuchenna-dolna-1-drzwiowa-prawa-d40-p-prowansja-sosna-andersen-bialy-mat","status":"publish","type":"product","link":"https:\/\/baldumarket.lt\/lt\/product\/szafka-kuchenna-dolna-1-drzwiowa-prawa-d40-p-prowansja-sosna-andersen-bialy-mat\/","title":{"rendered":"Apatin\u0117 virtuv\u0117s spintel\u0117, 1 dur\u0173, de\u0161inin\u0117, D40-P, provanso pu\u0161is, Anderseno balta matin\u0117"},"content":{"rendered":"<p>Perkelkite savo virtuv\u0119 \u012f Provanso \u017eavesio pasaul\u012f su unikalia D40-P vien\u0173 dureli\u0173 de\u0161inin\u0117s pus\u0117s apatine virtuv\u0117s spintele, pagaminta Provanso stiliumi. Subtilus spalv\u0173 derinys ir subtilus dizainas suteiks j\u016bs\u0173 virtuv\u0117s erdvei \u0161ilumos ir elegancijos. Anderseno pu\u0161ies fasadas papildo matin\u0117s baltos spalvos korpus\u0105, sukurdamas harmoning\u0105 visum\u0105, kuri traukia ak\u012f ir skatina praleisti laik\u0105 virtuv\u0117je. \u0160i spintel\u0117, pasi\u017eyminti Provanso estetika, ne tik atrodo nuostabiai, bet ir yra naudinga kasdieniam naudojimui. D\u0117l kompakti\u0161k\u0173 40 cm plo\u010dio ir 47 cm gylio matmen\u0173 ji lengvai randa savo viet\u0105 net ir ma\u017eesn\u0117se virtuv\u0117se, suteikdama taip reikaling\u0105 viet\u0105 daiktams susid\u0117ti. Reguliuojamos kojel\u0117s leid\u017eia reguliuoti spintel\u0117s auk\u0161t\u012f pagal individualius poreikius, tod\u0117l \u0161i spintel\u0117 yra itin prakti\u0161kas pasirinkimas. Vartotojai tikrai \u012fvertins savaime u\u017esidaran\u010di\u0173 vyri\u0173 funkcionalum\u0105, kurie u\u017etikrina skland\u0173 ir tyl\u0173 dureli\u0173 u\u017edarym\u0105, padidindami kasdien\u012f komfort\u0105. Juoda metalin\u0117 rankena suteikia modernumo ir pabr\u0117\u017eia spintel\u0117s patvarum\u0105 bei tvirt\u0105 konstrukcij\u0105. \u0160ios detal\u0117s daro \u0161\u012f bald\u0105 unikal\u0173 ir patikim\u0105 ilgus metus.<\/p>","protected":false},"excerpt":{"rendered":"<p>Plotis (cm): 40<br \/>\n\u016agis (cm): 82<br \/>\nGylis (cm): 47<\/p>","protected":false},"featured_media":160563,"comment_status":"open","ping_status":"open","template":"","meta":[],"product_brand":[],"product_cat":[9444,9441,4106,9118],"product_tag":[],"class_list":{"0":"post-160562","1":"product","2":"type-product","3":"status-publish","4":"has-post-thumbnail","6":"product_cat-kitchen-system-prowansja-sosna-andersen","7":"product_cat-white","8":"product_cat-gala-meble","9":"product_cat-kitchen-cabinets","11":"first","12":"instock","13":"purchasable","14":"product-type-simple"},"_links":{"self":[{"href":"https:\/\/baldumarket.lt\/lt\/wp-json\/wp\/v2\/product\/160562","targetHints":{"allow":["GET"]}}],"collection":[{"href":"https:\/\/baldumarket.lt\/lt\/wp-json\/wp\/v2\/product"}],"about":[{"href":"https:\/\/baldumarket.lt\/lt\/wp-json\/wp\/v2\/types\/product"}],"replies":[{"embeddable":true,"href":"https:\/\/baldumarket.lt\/lt\/wp-json\/wp\/v2\/comments?post=160562"}],"wp:featuredmedia":[{"embeddable":true,"href":"https:\/\/baldumarket.lt\/lt\/wp-json\/wp\/v2\/media\/160563"}],"wp:attachment":[{"href":"https:\/\/baldumarket.lt\/lt\/wp-json\/wp\/v2\/media?parent=160562"}],"wp:term":[{"taxonomy":"product_brand","embeddable":true,"href":"https:\/\/baldumarket.lt\/lt\/wp-json\/wp\/v2\/product_brand?post=160562"},{"taxonomy":"product_cat","embeddable":true,"href":"https:\/\/baldumarket.lt\/lt\/wp-json\/wp\/v2\/product_cat?post=160562"},{"taxonomy":"product_tag","embeddable":true,"href":"https:\/\/baldumarket.lt\/lt\/wp-json\/wp\/v2\/product_tag?post=160562"}],"curies":[{"name":"wp","href":"https:\/\/api.w.org\/{rel}","templated":true}]}}