{"id":160557,"date":"2025-12-19T01:14:53","date_gmt":"2025-12-18T22:14:53","guid":{"rendered":"https:\/\/baldumarket.lt\/product\/szafka-kuchenna-dolna-1-drzwiowa-prawa-d40-p-sycylia-andersen\/"},"modified":"2026-02-06T12:46:36","modified_gmt":"2026-02-06T09:46:36","slug":"szafka-kuchenna-dolna-1-drzwiowa-prawa-d40-p-sycylia-andersen","status":"publish","type":"product","link":"https:\/\/baldumarket.lt\/lt\/product\/szafka-kuchenna-dolna-1-drzwiowa-prawa-d40-p-sycylia-andersen\/","title":{"rendered":"Apatin\u0117 virtuv\u0117s spintel\u0117, vienv\u0117r\u0117, de\u0161inin\u0117, D40-P, Sicily Andersen"},"content":{"rendered":"<p>Sveiki atvyk\u0119 \u012f elegancijos ir funkcionalumo pasaul\u012f, kur\u012f visi\u0161kai atspindi \u201eAndersen Sicylia\u201c kolekcijos virtuv\u0117s spintel\u0117. Klasikinis dizainas, pary\u0161kintas \u201eAndersen\u201c pu\u0161ies priekiu, kiekvien\u0105 virtuv\u0117je praleist\u0105 akimirk\u0105 paver\u010dia malonumu ir padidina kasdien\u0117s veiklos komfort\u0105. 40 cm plo\u010dio spintel\u0117 tampa harmoningu bet kurios virtuv\u0117s i\u0161d\u0117stymo elementu. \u0160i spintel\u0117 buvo sukurta vartotojams, kurie vertina ne tik estetik\u0105, bet ir funkcionalum\u0105. Jos vidin\u0117 erdv\u0117, sutvarkyta taip, kad b\u016bt\u0173 lengva pasiekti reikiamus daiktus, pad\u0117s palaikyti tvark\u0105. Unikalus matin\u0117s baltos spalvos korpuso ir eleganti\u0161kos sidabrin\u0117s rankenos spalv\u0173 derinys suteikia j\u016bs\u0173 virtuvei nepriekai\u0161tingos elegancijos. Gra\u017eiai pagamintas MDF fasadas spinduliuoja patvarumu, o laminuotos plok\u0161t\u0117s naudojimas korpuse u\u017etikrina ilgalaik\u012f patikimum\u0105. Subtilios linijos ir kruop\u0161tus meistri\u0161kumas puikiai derina klasik\u0105 ir modernum\u0105, sukurdami bald\u0105, kuris ne tik atrodo stilingai, bet ir puikiai atlieka savo praktines funkcijas.<\/p>","protected":false},"excerpt":{"rendered":"<p>Plotis (cm): 40<br \/>\n\u016agis (cm): 82<br \/>\nGylis (cm): 47<\/p>","protected":false},"featured_media":160558,"comment_status":"open","ping_status":"open","template":"","meta":[],"product_brand":[],"product_cat":[9440,9441,4106,9118],"product_tag":[],"class_list":{"0":"post-160557","1":"product","2":"type-product","3":"status-publish","4":"has-post-thumbnail","6":"product_cat-kitchen-system-sycylia-sosna-andersen","7":"product_cat-white","8":"product_cat-gala-meble","9":"product_cat-kitchen-cabinets","11":"first","12":"instock","13":"purchasable","14":"product-type-simple"},"_links":{"self":[{"href":"https:\/\/baldumarket.lt\/lt\/wp-json\/wp\/v2\/product\/160557","targetHints":{"allow":["GET"]}}],"collection":[{"href":"https:\/\/baldumarket.lt\/lt\/wp-json\/wp\/v2\/product"}],"about":[{"href":"https:\/\/baldumarket.lt\/lt\/wp-json\/wp\/v2\/types\/product"}],"replies":[{"embeddable":true,"href":"https:\/\/baldumarket.lt\/lt\/wp-json\/wp\/v2\/comments?post=160557"}],"wp:featuredmedia":[{"embeddable":true,"href":"https:\/\/baldumarket.lt\/lt\/wp-json\/wp\/v2\/media\/160558"}],"wp:attachment":[{"href":"https:\/\/baldumarket.lt\/lt\/wp-json\/wp\/v2\/media?parent=160557"}],"wp:term":[{"taxonomy":"product_brand","embeddable":true,"href":"https:\/\/baldumarket.lt\/lt\/wp-json\/wp\/v2\/product_brand?post=160557"},{"taxonomy":"product_cat","embeddable":true,"href":"https:\/\/baldumarket.lt\/lt\/wp-json\/wp\/v2\/product_cat?post=160557"},{"taxonomy":"product_tag","embeddable":true,"href":"https:\/\/baldumarket.lt\/lt\/wp-json\/wp\/v2\/product_tag?post=160557"}],"curies":[{"name":"wp","href":"https:\/\/api.w.org\/{rel}","templated":true}]}}