{"id":160552,"date":"2025-12-19T01:14:43","date_gmt":"2025-12-18T22:14:43","guid":{"rendered":"https:\/\/baldumarket.lt\/product\/szafka-kuchenna-dolna-1-drzwiowa-prawa-d40-p-sycylia-orzech\/"},"modified":"2026-02-06T14:32:26","modified_gmt":"2026-02-06T11:32:26","slug":"szafka-kuchenna-dolna-1-drzwiowa-prawa-d40-p-sycylia-orzech","status":"publish","type":"product","link":"https:\/\/baldumarket.lt\/lt\/product\/szafka-kuchenna-dolna-1-drzwiowa-prawa-d40-p-sycylia-orzech\/","title":{"rendered":"Apatin\u0117 virtuv\u0117s spintel\u0117, 1 dur\u0173, de\u0161inin\u0117, D40-P, Sicily Walnut"},"content":{"rendered":"<p>Atraskite unikal\u0173 \u201eSicily\u201c apatin\u0117s virtuv\u0117s spintel\u0117s \u017eaves\u012f klasikin\u0117s Milano rie\u0161uto spalvos. Tai ne tik baldas, bet ir elementas, kuris pavers j\u016bs\u0173 virtuv\u0119 elegancijos ir unikalaus stiliaus vieta. Subtilus jos apdaila patinka tiek tradicinio, tiek modernaus interjero m\u0117g\u0117jams, sukuriant harmoning\u0105 atmosfer\u0105. D\u0117l gerai apgalvoto dizaino spintel\u0117 i\u0161siskiria ergonomi\u0161ku dizainu, kuris maksimaliai i\u0161naudoja virtuv\u0117s erdv\u0119. Auk\u0161tis, plotis ir gylis sukurti kasdieniam patogumui. Spintel\u0117 idealiai tinka laikyti ne tik virtuv\u0117s reikmenis, bet ir visus daiktus, kuriuos norite tur\u0117ti po ranka gamindami maist\u0105. Jos priekis pagamintas i\u0161 MDF, o korpusas \u2013 i\u0161 laminuotos plok\u0161t\u0117s, u\u017etikrinan\u010dios patvarum\u0105 ir estetik\u0105 ilgus metus. Spintel\u0117 puikiai dera prie bet kokio interjero, o gra\u017eus, nat\u016bralus Milano rie\u0161uto atspalvis suteikia elegancijos ir \u0161ilumos. Sidabrin\u0117 plastikin\u0117 rankena u\u017ebaigia dizain\u0105, suteikdama modernumo.<\/p>","protected":false},"excerpt":{"rendered":"<p>Plotis (cm): 40<br \/>\n\u016agis (cm): 82<br \/>\nGylis (cm): 47<\/p>","protected":false},"featured_media":160553,"comment_status":"open","ping_status":"open","template":"","meta":[],"product_brand":[],"product_cat":[9450,4106,9118],"product_tag":[],"class_list":{"0":"post-160552","1":"product","2":"type-product","3":"status-publish","4":"has-post-thumbnail","6":"product_cat-kitchen-system-sycylia-orzech-milano","7":"product_cat-gala-meble","8":"product_cat-kitchen-cabinets","10":"first","11":"instock","12":"purchasable","13":"product-type-simple"},"_links":{"self":[{"href":"https:\/\/baldumarket.lt\/lt\/wp-json\/wp\/v2\/product\/160552","targetHints":{"allow":["GET"]}}],"collection":[{"href":"https:\/\/baldumarket.lt\/lt\/wp-json\/wp\/v2\/product"}],"about":[{"href":"https:\/\/baldumarket.lt\/lt\/wp-json\/wp\/v2\/types\/product"}],"replies":[{"embeddable":true,"href":"https:\/\/baldumarket.lt\/lt\/wp-json\/wp\/v2\/comments?post=160552"}],"wp:featuredmedia":[{"embeddable":true,"href":"https:\/\/baldumarket.lt\/lt\/wp-json\/wp\/v2\/media\/160553"}],"wp:attachment":[{"href":"https:\/\/baldumarket.lt\/lt\/wp-json\/wp\/v2\/media?parent=160552"}],"wp:term":[{"taxonomy":"product_brand","embeddable":true,"href":"https:\/\/baldumarket.lt\/lt\/wp-json\/wp\/v2\/product_brand?post=160552"},{"taxonomy":"product_cat","embeddable":true,"href":"https:\/\/baldumarket.lt\/lt\/wp-json\/wp\/v2\/product_cat?post=160552"},{"taxonomy":"product_tag","embeddable":true,"href":"https:\/\/baldumarket.lt\/lt\/wp-json\/wp\/v2\/product_tag?post=160552"}],"curies":[{"name":"wp","href":"https:\/\/api.w.org\/{rel}","templated":true}]}}