{"id":160548,"date":"2025-12-19T01:14:35","date_gmt":"2025-12-18T22:14:35","guid":{"rendered":"https:\/\/baldumarket.lt\/product\/szafka-kuchenna-dolna-1-drzwiowa-prawa-d60-p-aspen-grey-szary-polysk\/"},"modified":"2026-02-08T10:19:36","modified_gmt":"2026-02-08T07:19:36","slug":"szafka-kuchenna-dolna-1-drzwiowa-prawa-d60-p-aspen-grey-szary-polysk","status":"publish","type":"product","link":"https:\/\/baldumarket.lt\/lt\/product\/szafka-kuchenna-dolna-1-drzwiowa-prawa-d60-p-aspen-grey-szary-polysk\/","title":{"rendered":"Apatin\u0117 virtuv\u0117s spintel\u0117, vienv\u0117r\u0117, de\u0161inin\u0117, D60-P, drebul\u0117s pilkumo, blizgi"},"content":{"rendered":"<p>Atraskite unikali\u0105 elegancij\u0105 pasi\u017eymin\u010di\u0105 garsaus prek\u0117s \u017eenklo \u201eGa\u0142a Meble\u201c sukurt\u0105 vien\u0173 dureli\u0173 apatin\u0119 virtuv\u0117s spintel\u0119 \u201eAspen Grey\u201c. Blizg\u016bs pilki fasadai kartu su matin\u0117s baltos spalvos korpusu sukuria harmoning\u0105 kompozicij\u0105, suteikian\u010di\u0105 virtuvei modern\u0173, ta\u010diau rafinuot\u0105 stili\u0173. Tai puikus pasirinkimas tiems, kurie vertina ir estetik\u0105, ir funkcionalum\u0105.<\/p>\n<p>Kruop\u0161\u010diai atrinktos med\u017eiagos, tokios kaip MDF fasadams ir laminuota plok\u0161t\u0117 korpusui, garantuoja auk\u0161t\u0105 gamybos kokyb\u0119 ir ilgaam\u017ei\u0161kum\u0105. \u201eAspen Grey\u201c spintel\u0117 yra ne tik vizualiai patraukli, bet ir prakti\u0161ka \u2013 puikiai tiks prie bet kokio modernaus virtuv\u0117s dizaino. Blizgius pilkus fasadus lengva valyti, tod\u0117l j\u016bs\u0173 virtuv\u0117 visada spind\u0117s gaivumu.<\/p>\n<p>\u0160ios virtuv\u0117s spintel\u0117s funkcionalumas buvo kruop\u0161\u010diai apgalvotas iki smulkiausi\u0173 detali\u0173. Reguliuojamos kojel\u0117s (nuo 10 cm iki 12,5 cm) leid\u017eia pritaikyti spintel\u0117s auk\u0161t\u012f pagal individualius poreikius, o tai \u017eymiai supaprastina montavim\u0105 ir naudojim\u0105. Dar vienas privalumas \u2013 savaime u\u017esidarantys vyriai, d\u0117l kuri\u0173 spintele naudotis tylu ir patogu, o durel\u0117s visada u\u017esidaro skland\u017eiai ir be trinktel\u0117jimo.<\/p>\n<p>\u201eAspen Grey\u201c spintel\u0117 yra ne tik dizaino elementas, bet ir apgalvotas b\u016bdas sutvarkyti virtuv\u0117s erdv\u0119. Prakti\u0161kas dizainas u\u017etikrina maksimal\u0173 funkcionalum\u0105, leid\u017eia patogiai laikyti indus, puodus ir maisto produktus. Tai puikus sprendimas visiems, kurie vertina tvark\u0105 ir kasdien\u012f virtuv\u0117s komfort\u0105.<\/p>\n<p>Rinkit\u0117s pilkos spalvos \u201eAspen Grey\u201c apatin\u0119 spintel\u0119, kad savo virtuvei suteiktum\u0117te modernumo ir elegancijos. Lengvai surenkama, ji greitai taps nepakei\u010diamu j\u016bs\u0173 virtuv\u0117s elementu, derinan\u010diu funkcionalum\u0105 ir unikal\u0173 dizain\u0105. Palepinkite save prabangos ir komforto prisilietimu, kuris pavers maisto gaminim\u0105 dar malonesniu!<\/p>","protected":false},"excerpt":{"rendered":"<p>Plotis (cm): 60<br \/>\n\u016agis (cm): 82<br \/>\nGylis (cm): 47<\/p>","protected":false},"featured_media":160549,"comment_status":"open","ping_status":"open","template":"","meta":[],"product_brand":[],"product_cat":[9451,4106,9118],"product_tag":[],"class_list":{"0":"post-160548","1":"product","2":"type-product","3":"status-publish","4":"has-post-thumbnail","6":"product_cat-kitchen-system-aspen-grey","7":"product_cat-gala-meble","8":"product_cat-kitchen-cabinets","10":"first","11":"instock","12":"purchasable","13":"product-type-simple"},"_links":{"self":[{"href":"https:\/\/baldumarket.lt\/lt\/wp-json\/wp\/v2\/product\/160548","targetHints":{"allow":["GET"]}}],"collection":[{"href":"https:\/\/baldumarket.lt\/lt\/wp-json\/wp\/v2\/product"}],"about":[{"href":"https:\/\/baldumarket.lt\/lt\/wp-json\/wp\/v2\/types\/product"}],"replies":[{"embeddable":true,"href":"https:\/\/baldumarket.lt\/lt\/wp-json\/wp\/v2\/comments?post=160548"}],"wp:featuredmedia":[{"embeddable":true,"href":"https:\/\/baldumarket.lt\/lt\/wp-json\/wp\/v2\/media\/160549"}],"wp:attachment":[{"href":"https:\/\/baldumarket.lt\/lt\/wp-json\/wp\/v2\/media?parent=160548"}],"wp:term":[{"taxonomy":"product_brand","embeddable":true,"href":"https:\/\/baldumarket.lt\/lt\/wp-json\/wp\/v2\/product_brand?post=160548"},{"taxonomy":"product_cat","embeddable":true,"href":"https:\/\/baldumarket.lt\/lt\/wp-json\/wp\/v2\/product_cat?post=160548"},{"taxonomy":"product_tag","embeddable":true,"href":"https:\/\/baldumarket.lt\/lt\/wp-json\/wp\/v2\/product_tag?post=160548"}],"curies":[{"name":"wp","href":"https:\/\/api.w.org\/{rel}","templated":true}]}}