{"id":160539,"date":"2025-12-19T01:14:18","date_gmt":"2025-12-18T22:14:18","guid":{"rendered":"https:\/\/baldumarket.lt\/product\/szafka-kuchenna-dolna-1-drzwiowa-prawa-d601d-p-prowansja-sosna-andersen-bialy-mat\/"},"modified":"2026-02-06T13:08:29","modified_gmt":"2026-02-06T10:08:29","slug":"szafka-kuchenna-dolna-1-drzwiowa-prawa-d601d-p-prowansja-sosna-andersen-bialy-mat","status":"publish","type":"product","link":"https:\/\/baldumarket.lt\/lt\/product\/szafka-kuchenna-dolna-1-drzwiowa-prawa-d601d-p-prowansja-sosna-andersen-bialy-mat\/","title":{"rendered":"Apatin\u0117 virtuv\u0117s spintel\u0117, 1 dur\u0173, de\u0161inin\u0117, D601D-P, provanso pu\u0161is, Anderseno balta matin\u0117"},"content":{"rendered":"<p>Sveiki atvyk\u0119 \u012f rafinuoto elegancijos pasaul\u012f su m\u016bs\u0173 Provanso virtuv\u0117s spintele, kuri j\u016bs\u0173 virtuvei suteiks subtil\u0173 pranc\u016bzi\u0161ko stiliaus prisilietim\u0105. \u0160i vien\u0173 dureli\u0173 apatin\u0117 spintel\u0117 \u2013 tai tobulas funkcionalumo ir stiliaus derinys, derantis tiek su moderniu, tiek su klasikiniu interjeru. Anderseno pu\u0161ies spalva suteikia interjerui lengvumo ir kartu sukuria \u0161ilt\u0105 bei jauki\u0105 atmosfer\u0105. Pasigro\u017e\u0117kite \u0161ios unikalios spintel\u0117s estetika, kuri d\u0117l matin\u0117s baltos apdailos i\u0161lieka subtili, ta\u010diau \u012fsimintina. Eleganti\u0161ka juodo metalo rankena, suteikianti charakterio, ypa\u010d traukia ak\u012f. \u0160i spintel\u0117 neabejotinai taps ne tik prakti\u0161ku, bet ir dekoratyviniu elementu j\u016bs\u0173 virtuv\u0117je, nepriklausomai nuo jos stiliaus. \u0160ios spintel\u0117s funkcionalumas u\u017etikrina, kad visi svarbiausi daiktai tur\u0117t\u0173 savo viet\u0105, tod\u0117l ji puikiai tinka bet kuriai virtuvei. Programuojami savaime u\u017esidarantys vyriai garantuoja paprast\u0105 naudojim\u0105, u\u017etikrinant skland\u0173 ir tyl\u0173 dureli\u0173 atidarym\u0105. Spintel\u0117s vidus sumaniai i\u0161naudoja erdv\u0119, leisdamas optimaliai organizuoti virtuv\u0117s chaos\u0105.<\/p>","protected":false},"excerpt":{"rendered":"<p>Plotis (cm): 60<br \/>\n\u016agis (cm): 82<br \/>\nGylis (cm): 47<\/p>","protected":false},"featured_media":160540,"comment_status":"open","ping_status":"open","template":"","meta":[],"product_brand":[],"product_cat":[9444,9441,4106,9118],"product_tag":[],"class_list":{"0":"post-160539","1":"product","2":"type-product","3":"status-publish","4":"has-post-thumbnail","6":"product_cat-kitchen-system-prowansja-sosna-andersen","7":"product_cat-white","8":"product_cat-gala-meble","9":"product_cat-kitchen-cabinets","11":"first","12":"instock","13":"purchasable","14":"product-type-simple"},"_links":{"self":[{"href":"https:\/\/baldumarket.lt\/lt\/wp-json\/wp\/v2\/product\/160539","targetHints":{"allow":["GET"]}}],"collection":[{"href":"https:\/\/baldumarket.lt\/lt\/wp-json\/wp\/v2\/product"}],"about":[{"href":"https:\/\/baldumarket.lt\/lt\/wp-json\/wp\/v2\/types\/product"}],"replies":[{"embeddable":true,"href":"https:\/\/baldumarket.lt\/lt\/wp-json\/wp\/v2\/comments?post=160539"}],"wp:featuredmedia":[{"embeddable":true,"href":"https:\/\/baldumarket.lt\/lt\/wp-json\/wp\/v2\/media\/160540"}],"wp:attachment":[{"href":"https:\/\/baldumarket.lt\/lt\/wp-json\/wp\/v2\/media?parent=160539"}],"wp:term":[{"taxonomy":"product_brand","embeddable":true,"href":"https:\/\/baldumarket.lt\/lt\/wp-json\/wp\/v2\/product_brand?post=160539"},{"taxonomy":"product_cat","embeddable":true,"href":"https:\/\/baldumarket.lt\/lt\/wp-json\/wp\/v2\/product_cat?post=160539"},{"taxonomy":"product_tag","embeddable":true,"href":"https:\/\/baldumarket.lt\/lt\/wp-json\/wp\/v2\/product_tag?post=160539"}],"curies":[{"name":"wp","href":"https:\/\/api.w.org\/{rel}","templated":true}]}}