{"id":160533,"date":"2025-12-19T01:14:05","date_gmt":"2025-12-18T22:14:05","guid":{"rendered":"https:\/\/baldumarket.lt\/product\/szafka-kuchenna-dolna-1-drzwiowa-prawa-d60z-p-prowansja-sosna-andersen-bialy-mat\/"},"modified":"2026-02-06T13:08:29","modified_gmt":"2026-02-06T10:08:29","slug":"szafka-kuchenna-dolna-1-drzwiowa-prawa-d60z-p-prowansja-sosna-andersen-bialy-mat","status":"publish","type":"product","link":"https:\/\/baldumarket.lt\/lt\/product\/szafka-kuchenna-dolna-1-drzwiowa-prawa-d60z-p-prowansja-sosna-andersen-bialy-mat\/","title":{"rendered":"Apatin\u0117 virtuv\u0117s spintel\u0117, 1 dur\u0173, de\u0161inin\u0117, D60Z-P, provanso pu\u0161is, Anderseno balta matin\u0117"},"content":{"rendered":"<p>Pristatome eleganti\u0161k\u0105 \u201eProwansja\u201c serijos virtuv\u0117s spintel\u0119, kuri puikiai papildys tiek modernias, tiek klasikines virtuves. Subtilus \u201eAndersen Pine\u201c fasado atspalvis trauks ak\u012f ir sukurs \u0161ilt\u0105 atmosfer\u0105 j\u016bs\u0173 namuose. Pagaminta i\u0161 auk\u0161tos kokyb\u0117s MDF plok\u0161t\u0117s, ji suteiks j\u016bs\u0173 interjerui harmonijos ir elegancijos. Tvirtai pagaminta i\u0161 matin\u0117s baltos laminuotos plok\u0161t\u0117s korpuso, \u0161i spintel\u0117 suteikia puik\u0173 fon\u0105 visiems j\u016bs\u0173 virtuv\u0117s priedams. Paprastas, ta\u010diau rafinuotas dizainas leid\u017eia lengvai pritaikyti j\u0105 prie \u012fvairi\u0173 interjero stili\u0173 \u2013 nuo kaimi\u0161ko iki skandinavi\u0161ko. Kruop\u0161\u010diai parinktos spalvos ir med\u017eiagos paver\u010dia j\u0105 ne tik funkcionaliu, bet ir esteti\u0161kai patraukliu bet kurios virtuv\u0117s elementu. Patogios juodos metalin\u0117s rankenos suteikia i\u0161rai\u0161kingumo ir u\u017etikrina patog\u0173 naudojim\u0105. Reguliuojamos kojel\u0117s leid\u017eia patogiai reguliuoti auk\u0161t\u012f nuo 10 iki 12,5 cm, u\u017etikrinant tobul\u0105 stabilum\u0105 nepriklausomai nuo grind\u0173 dangos. J\u0173 paprasta ir tvirta konstrukcija pabr\u0117\u017eia visos konstrukcijos patvarum\u0105 ir patikimum\u0105.<\/p>","protected":false},"excerpt":{"rendered":"<p>Plotis (cm): 60<br \/>\n\u016agis (cm): 82<br \/>\nGylis (cm): 47<\/p>","protected":false},"featured_media":160534,"comment_status":"open","ping_status":"open","template":"","meta":[],"product_brand":[],"product_cat":[9444,9441,4106,9118],"product_tag":[],"class_list":{"0":"post-160533","1":"product","2":"type-product","3":"status-publish","4":"has-post-thumbnail","6":"product_cat-kitchen-system-prowansja-sosna-andersen","7":"product_cat-white","8":"product_cat-gala-meble","9":"product_cat-kitchen-cabinets","11":"first","12":"instock","13":"purchasable","14":"product-type-simple"},"_links":{"self":[{"href":"https:\/\/baldumarket.lt\/lt\/wp-json\/wp\/v2\/product\/160533","targetHints":{"allow":["GET"]}}],"collection":[{"href":"https:\/\/baldumarket.lt\/lt\/wp-json\/wp\/v2\/product"}],"about":[{"href":"https:\/\/baldumarket.lt\/lt\/wp-json\/wp\/v2\/types\/product"}],"replies":[{"embeddable":true,"href":"https:\/\/baldumarket.lt\/lt\/wp-json\/wp\/v2\/comments?post=160533"}],"wp:featuredmedia":[{"embeddable":true,"href":"https:\/\/baldumarket.lt\/lt\/wp-json\/wp\/v2\/media\/160534"}],"wp:attachment":[{"href":"https:\/\/baldumarket.lt\/lt\/wp-json\/wp\/v2\/media?parent=160533"}],"wp:term":[{"taxonomy":"product_brand","embeddable":true,"href":"https:\/\/baldumarket.lt\/lt\/wp-json\/wp\/v2\/product_brand?post=160533"},{"taxonomy":"product_cat","embeddable":true,"href":"https:\/\/baldumarket.lt\/lt\/wp-json\/wp\/v2\/product_cat?post=160533"},{"taxonomy":"product_tag","embeddable":true,"href":"https:\/\/baldumarket.lt\/lt\/wp-json\/wp\/v2\/product_tag?post=160533"}],"curies":[{"name":"wp","href":"https:\/\/api.w.org\/{rel}","templated":true}]}}