{"id":160528,"date":"2025-12-19T01:13:55","date_gmt":"2025-12-18T22:13:55","guid":{"rendered":"https:\/\/baldumarket.lt\/product\/szafka-kuchenna-dolna-1-drzwiowa-zabudowa-zlewozmywaka-d60z-p-l-linea-grey-szary-mat\/"},"modified":"2026-02-18T11:35:21","modified_gmt":"2026-02-18T08:35:21","slug":"szafka-kuchenna-dolna-1-drzwiowa-zabudowa-zlewozmywaka-d60z-p-l-linea-grey-szary-mat","status":"publish","type":"product","link":"https:\/\/baldumarket.lt\/lt\/product\/szafka-kuchenna-dolna-1-drzwiowa-zabudowa-zlewozmywaka-d60z-p-l-linea-grey-szary-mat\/","title":{"rendered":"Apatin\u0117 virtuv\u0117s spintel\u0117 su kriaukle, 1 durys, D60Z, pilkai matin\u0117, P\/L, Linea"},"content":{"rendered":"<p>Atraskite subtilum\u0105 ir elegancij\u0105, kuri\u0105 \u012f j\u016bs\u0173 virtuv\u0119 atne\u0161a \u201eGa\u0142a Meble\u201c \u201eLinea Grey\u201c linijos apatin\u0117 spintel\u0117. \u0160is unikalus baldas \u2013 tai modernaus stiliaus ir prislopint\u0173 spalv\u0173 harmonija, puikiai papildanti bet kok\u012f interjero dizain\u0105. Matinis pilkas fasadas kartu su baltu korpusu sukuria unikali\u0105 estetik\u0105, kuri traukia ak\u012f ir suteikia kambariui lengvumo. 60 cm plo\u010dio spintel\u0117 \u2013 puikus sprendimas kriauklei, leid\u017eiantis sukurti funkcionali\u0105 ir esteti\u0161kai patraukli\u0105 virtuv\u0117s erdv\u0119. Lygios linijos ir paprasta forma \u0161\u012f bald\u0105 paver\u010dia ne tik virtuv\u0117s organizavimu, bet ir eleganti\u0161ku papildymu. Patvari MDF konstrukcija ir laminuotas korpusas garantuoja ilgaam\u017ei\u0161kum\u0105 ir atsparum\u0105 kasdieniam naudojimui. Kiekvienas, ie\u0161kantis novatori\u0161k\u0173 virtuv\u0117s sprendim\u0173, \u012fvertins plat\u0173 \u0161io baldo si\u016blom\u0173 galimybi\u0173 spektr\u0105. Spintel\u0117 su savaime u\u017esidaran\u010diais vyriais u\u017etikrina tyl\u0173 ir skland\u0173 u\u017esidarym\u0105, padidindama komfort\u0105 ir i\u0161skirdama j\u0105 i\u0161 standartini\u0173 virtuv\u0117s bald\u0173. Reguliuojamos kojel\u0117s (10 cm\u201312,5 cm) leid\u017eia reguliuoti auk\u0161t\u012f pagal individualius poreikius, o tai ypa\u010d svarbu nestandartiniams pavir\u0161iams.<\/p>","protected":false},"excerpt":{"rendered":"<p>Plotis (cm): 60<br \/>\n\u016agis (cm): 82<br \/>\nGylis (cm): 47<\/p>","protected":false},"featured_media":160529,"comment_status":"open","ping_status":"open","template":"","meta":[],"product_brand":[],"product_cat":[9446,4106],"product_tag":[],"class_list":{"0":"post-160528","1":"product","2":"type-product","3":"status-publish","4":"has-post-thumbnail","6":"product_cat-kitchen-system-linea-white","7":"product_cat-gala-meble","9":"first","10":"instock","11":"purchasable","12":"product-type-simple"},"_links":{"self":[{"href":"https:\/\/baldumarket.lt\/lt\/wp-json\/wp\/v2\/product\/160528","targetHints":{"allow":["GET"]}}],"collection":[{"href":"https:\/\/baldumarket.lt\/lt\/wp-json\/wp\/v2\/product"}],"about":[{"href":"https:\/\/baldumarket.lt\/lt\/wp-json\/wp\/v2\/types\/product"}],"replies":[{"embeddable":true,"href":"https:\/\/baldumarket.lt\/lt\/wp-json\/wp\/v2\/comments?post=160528"}],"wp:featuredmedia":[{"embeddable":true,"href":"https:\/\/baldumarket.lt\/lt\/wp-json\/wp\/v2\/media\/160529"}],"wp:attachment":[{"href":"https:\/\/baldumarket.lt\/lt\/wp-json\/wp\/v2\/media?parent=160528"}],"wp:term":[{"taxonomy":"product_brand","embeddable":true,"href":"https:\/\/baldumarket.lt\/lt\/wp-json\/wp\/v2\/product_brand?post=160528"},{"taxonomy":"product_cat","embeddable":true,"href":"https:\/\/baldumarket.lt\/lt\/wp-json\/wp\/v2\/product_cat?post=160528"},{"taxonomy":"product_tag","embeddable":true,"href":"https:\/\/baldumarket.lt\/lt\/wp-json\/wp\/v2\/product_tag?post=160528"}],"curies":[{"name":"wp","href":"https:\/\/api.w.org\/{rel}","templated":true}]}}