{"id":160525,"date":"2025-12-19T01:13:48","date_gmt":"2025-12-18T22:13:48","guid":{"rendered":"https:\/\/baldumarket.lt\/product\/szafka-kuchenna-dolna-1-drzwiowa-zabudowa-zlewozmywaka-d60z-p-l-langen-artisan\/"},"modified":"2026-02-18T11:27:19","modified_gmt":"2026-02-18T08:27:19","slug":"szafka-kuchenna-dolna-1-drzwiowa-zabudowa-zlewozmywaka-d60z-p-l-langen-artisan","status":"publish","type":"product","link":"https:\/\/baldumarket.lt\/lt\/product\/szafka-kuchenna-dolna-1-drzwiowa-zabudowa-zlewozmywaka-d60z-p-l-langen-artisan\/","title":{"rendered":"Apatin\u0117 1 dur\u0173 virtuv\u0117s spintel\u0117 su kriaukle D60Z-P\/L Langen Artisan"},"content":{"rendered":"<p>Kvie\u010diame atrasti tikr\u0105j\u0105 prabangos esm\u0119 savo kasdien\u0117je virtuv\u0117je su m\u016bs\u0173 unikalia \u201eLangen Artisan\u201c apatine virtuv\u0117s spintele. \u0160is vientisas dizainas puikiai dera prie modernaus interjero, pabr\u0117\u017edamas nat\u016brali\u0105 elegancij\u0105 ir funkcionalum\u0105. \u201eArtisan Oak\u201c, panaudota tiek priekyje, tiek korpuse, suteikia medienos \u0161ilum\u0105, kuri harmoningai dera su \u012fvairiais interjero stiliais, sukurdama jauki\u0105 atmosfer\u0105.<\/p>\n<p>Universalumas ir prakti\u0161kumas yra pagrindiniai \u0161io dizaino elementai. Sukurta taip, kad joje tilpt\u0173 kriaukl\u0117, \u0161i spintel\u0117 puikiai tinka \u012fvairaus dyd\u017eio erdv\u0117ms. Reguliuojamos kojel\u0117s, leid\u017eian\u010dios reguliuoti auk\u0161t\u012f nuo 10 cm iki 12,5 cm, leid\u017eia puikiai prisitaikyti prie individuali\u0173 poreiki\u0173, tod\u0117l tai itin funkcionalus pasirinkimas.<\/p>\n<p>Juodos metalin\u0117s rankenos suteikia visai konstrukcijai elegancijos ir charakterio, kartu u\u017etikrindamos paprast\u0105 naudojim\u0105. Subtilios linijos ir modernus dizainas paver\u010dia \u0161i\u0105 spintel\u0119 ne tik kasdieniu aksesuaru, bet ir dekoratyviu virtuv\u0117s akcentu. Tvirtas darbas garantuoja bald\u0173 ilgaam\u017ei\u0161kum\u0105.<\/p>\n<p>Paprastas surinkimas patiems suteiks jums pasitenkinim\u0105, kad gal\u0117site suasmeninti savo interjer\u0105 pagal savo skon\u012f. Derinant \u201eLangen Artisan\u201c apatin\u0119 virtuv\u0117s spintel\u0119 su kitais virtuv\u0117s elementais, sukuriama darni ir harmoninga visuma, kuri prad\u017eiugins kiekvien\u0105 stilingo interjero entuziast\u0105. Rinkit\u0117s kokyb\u0119 ir estetik\u0105, kuri tarnaus vis\u0105 gyvenim\u0105.<\/p>","protected":false},"excerpt":{"rendered":"<p>Plotis (cm): 60<br \/>\n\u016agis (cm): 82<br \/>\nGylis (cm): 47<\/p>","protected":false},"featured_media":156809,"comment_status":"open","ping_status":"open","template":"","meta":[],"product_brand":[],"product_cat":[9442,4106],"product_tag":[],"class_list":{"0":"post-160525","1":"product","2":"type-product","3":"status-publish","4":"has-post-thumbnail","6":"product_cat-kitchen-system-langen-dab-artisan","7":"product_cat-gala-meble","9":"first","10":"instock","11":"purchasable","12":"product-type-simple"},"_links":{"self":[{"href":"https:\/\/baldumarket.lt\/lt\/wp-json\/wp\/v2\/product\/160525","targetHints":{"allow":["GET"]}}],"collection":[{"href":"https:\/\/baldumarket.lt\/lt\/wp-json\/wp\/v2\/product"}],"about":[{"href":"https:\/\/baldumarket.lt\/lt\/wp-json\/wp\/v2\/types\/product"}],"replies":[{"embeddable":true,"href":"https:\/\/baldumarket.lt\/lt\/wp-json\/wp\/v2\/comments?post=160525"}],"wp:featuredmedia":[{"embeddable":true,"href":"https:\/\/baldumarket.lt\/lt\/wp-json\/wp\/v2\/media\/156809"}],"wp:attachment":[{"href":"https:\/\/baldumarket.lt\/lt\/wp-json\/wp\/v2\/media?parent=160525"}],"wp:term":[{"taxonomy":"product_brand","embeddable":true,"href":"https:\/\/baldumarket.lt\/lt\/wp-json\/wp\/v2\/product_brand?post=160525"},{"taxonomy":"product_cat","embeddable":true,"href":"https:\/\/baldumarket.lt\/lt\/wp-json\/wp\/v2\/product_cat?post=160525"},{"taxonomy":"product_tag","embeddable":true,"href":"https:\/\/baldumarket.lt\/lt\/wp-json\/wp\/v2\/product_tag?post=160525"}],"curies":[{"name":"wp","href":"https:\/\/api.w.org\/{rel}","templated":true}]}}