{"id":160520,"date":"2025-12-19T01:13:38","date_gmt":"2025-12-18T22:13:38","guid":{"rendered":"https:\/\/baldumarket.lt\/product\/szafka-kuchenna-dolna-1-drzwiowa-zabudowa-zlewozmywaka-d60z-p-l-langen-beige\/"},"modified":"2026-02-18T11:27:19","modified_gmt":"2026-02-18T08:27:19","slug":"szafka-kuchenna-dolna-1-drzwiowa-zabudowa-zlewozmywaka-d60z-p-l-langen-beige","status":"publish","type":"product","link":"https:\/\/baldumarket.lt\/lt\/product\/szafka-kuchenna-dolna-1-drzwiowa-zabudowa-zlewozmywaka-d60z-p-l-langen-beige\/","title":{"rendered":"Apatin\u0117 virtuv\u0117s spintel\u0117 su 1 durel\u0117mis, kriaukle, D60Z-P\/L, Langen, sm\u0117lio spalvos"},"content":{"rendered":"<p>Atraskite modernios virtuv\u0117s \u017eaves\u012f su m\u016bs\u0173 eleganti\u0161ka apatine spintele \u2013 puikiu sprendimu \u012fmontuojamai kriauklei. Subtilus sm\u0117lio spalvos matinis priekis suteikia jai unikalaus \u017eavesio, harmoningai papildydamas \u0161iltas meni\u0161ko \u0105\u017euolo korpuso spalvas. \u0160is unikalus spalv\u0173 ir tekst\u016br\u0173 derinys daro \u0161i\u0105 spintel\u0119 ne tik puikiai tinkan\u010dia bet kokiam moderniam dekorui, bet ir suteikia interjerui jaukumo. \u0160ios spintel\u0117s prakti\u0161kumas buvo sukurtas galvojant apie kasdien\u012f naudojim\u0105 ir komfort\u0105. Reguliuojamos kojel\u0117s, kuri\u0173 ilgis gali b\u016bti nuo 10 iki 12,5 cm, leid\u017eia j\u0105 puikiai pritaikyti prie j\u016bs\u0173 poreiki\u0173 ir grind\u0173 nelygum\u0173. 60 cm plotis rei\u0161kia, kad ji tinka net ir ma\u017eiausioms erdv\u0117ms, sukurdama funkcionali\u0105 viet\u0105 b\u016btiniausiems virtuv\u0117s priedams laikyti. \u0160i spintel\u0117 yra ne tik kriaukl\u0117, bet ir j\u016bs\u0173 virtuv\u0117s akcentas. Patvarumas ir auk\u0161tos kokyb\u0117s med\u017eiagos yra \u0161ios stilingos spintel\u0117s pagrindas. MDF priekis ir laminuotos plok\u0161t\u0117s korpusas u\u017etikrina patvarum\u0105, kartu i\u0161laikant estetin\u012f patrauklum\u0105. Juoda metalin\u0117 rankena u\u017ebaigia i\u0161vaizd\u0105, suteikia modernumo ir palengvina kasdien\u012f naudojim\u0105. \u0160ios detal\u0117s paver\u010dia m\u016bs\u0173 spintel\u0119 nepakei\u010diamu bet kurios stilingos virtuv\u0117s papildymu.<\/p>","protected":false},"excerpt":{"rendered":"<p>Plotis (cm): 60<br \/>\n\u016agis (cm): 82<br \/>\nGylis (cm): 47<\/p>","protected":false},"featured_media":160521,"comment_status":"open","ping_status":"open","template":"","meta":[],"product_brand":[],"product_cat":[9442,4106],"product_tag":[],"class_list":{"0":"post-160520","1":"product","2":"type-product","3":"status-publish","4":"has-post-thumbnail","6":"product_cat-kitchen-system-langen-dab-artisan","7":"product_cat-gala-meble","9":"first","10":"instock","11":"purchasable","12":"product-type-simple"},"_links":{"self":[{"href":"https:\/\/baldumarket.lt\/lt\/wp-json\/wp\/v2\/product\/160520","targetHints":{"allow":["GET"]}}],"collection":[{"href":"https:\/\/baldumarket.lt\/lt\/wp-json\/wp\/v2\/product"}],"about":[{"href":"https:\/\/baldumarket.lt\/lt\/wp-json\/wp\/v2\/types\/product"}],"replies":[{"embeddable":true,"href":"https:\/\/baldumarket.lt\/lt\/wp-json\/wp\/v2\/comments?post=160520"}],"wp:featuredmedia":[{"embeddable":true,"href":"https:\/\/baldumarket.lt\/lt\/wp-json\/wp\/v2\/media\/160521"}],"wp:attachment":[{"href":"https:\/\/baldumarket.lt\/lt\/wp-json\/wp\/v2\/media?parent=160520"}],"wp:term":[{"taxonomy":"product_brand","embeddable":true,"href":"https:\/\/baldumarket.lt\/lt\/wp-json\/wp\/v2\/product_brand?post=160520"},{"taxonomy":"product_cat","embeddable":true,"href":"https:\/\/baldumarket.lt\/lt\/wp-json\/wp\/v2\/product_cat?post=160520"},{"taxonomy":"product_tag","embeddable":true,"href":"https:\/\/baldumarket.lt\/lt\/wp-json\/wp\/v2\/product_tag?post=160520"}],"curies":[{"name":"wp","href":"https:\/\/api.w.org\/{rel}","templated":true}]}}