{"id":160516,"date":"2025-12-19T01:13:30","date_gmt":"2025-12-18T22:13:30","guid":{"rendered":"https:\/\/baldumarket.lt\/product\/szafka-kuchenna-dolna-1-drzwiowa-zabudowa-zlewozmywaka-lewa-d60z-l-aspen-grey-szary-polysk\/"},"modified":"2026-02-06T19:54:21","modified_gmt":"2026-02-06T16:54:21","slug":"szafka-kuchenna-dolna-1-drzwiowa-zabudowa-zlewozmywaka-lewa-d60z-l-aspen-grey-szary-polysk","status":"publish","type":"product","link":"https:\/\/baldumarket.lt\/lt\/product\/szafka-kuchenna-dolna-1-drzwiowa-zabudowa-zlewozmywaka-lewa-d60z-l-aspen-grey-szary-polysk\/","title":{"rendered":"Apatin\u0117 virtuv\u0117s spintel\u0117 su 1 durel\u0117mis kair\u0117je, kriaukl\u0117 D60Z-L, blizgi drebul\u0117s pilka"},"content":{"rendered":"<p>Apatin\u0117 virtuv\u0117s spintel\u0117, skirta kriauklei, yra pagrindinis bet kurios virtuv\u0117s elementas, apjungiantis funkcionalum\u0105 ir stiling\u0105 i\u0161vaizd\u0105. \u201eAspen Grey\u201c modelis tikrai pritrauks d\u0117mes\u012f d\u0117l savo blizgan\u010dios pilkos spalvos priekin\u0117s dalies, kuri suteikia bet kokiam interjerui modernumo. Matin\u0117s baltos spalvos korpusas leid\u017eia spintelei puikiai der\u0117ti su \u012fvairiais virtuv\u0117s prietaisais.<\/p>\n<p>\u201eGa\u0142a Meble\u201c spintel\u0117 idealiai tinka tiems, kurie vertina prakti\u0161kum\u0105 ir estetik\u0105 savo virtuv\u0117s dizaine. Subtilus blizgus pilkas pavir\u0161ius suteikia erdvei elegancijos ir kartu sukuria harmoning\u0105 visum\u0105 su kitais baldais. D\u0117l gerai apgalvoto dizaino spintel\u0117 yra labai paprasta naudoti ir leid\u017eia efektyviau atlikti kasdienes virtuv\u0117s u\u017eduotis.<\/p>\n<p>D\u0117l reguliuojamo koj\u0173 auk\u0161\u010dio \u201eAspen Grey\u201c virtuv\u0117s spintel\u0119 galima lengvai pritaikyti prie individuali\u0173 poreiki\u0173 ir virtuv\u0117s erdv\u0117s. D\u0117l \u0161io montavimo lankstumo ji idealiai tinka tiek ma\u017eesniems, tiek didesniems interjerams. Be to, tvirtos MDF plok\u0161t\u0117s naudojimas fasaduose rodo auk\u0161t\u0105 meistri\u0161kumo kokyb\u0119, garantuojan\u010di\u0105 ilgaam\u017ei\u0161kum\u0105.<\/p>\n<p>Surinkimas \u201epasidaryk pats\u201c suteikia rank\u0173 darbo virtuv\u0117s spintel\u0117s teikiam\u0105 pasitenkinim\u0105 ir leid\u017eia m\u0117gautis esteti\u0161kai patrauklia bei vientisa apdaila. Savaime u\u017esidarantys vyriai u\u017ebaigia komplekt\u0105, u\u017etikrinant\u012f skland\u0173 ir tyl\u0173 dureli\u0173 u\u017edarym\u0105 \u2013 ne\u012fkainojam\u0105 patogum\u0105 kasdien naudojant. \u201eAspen Grey\u201c spintel\u0117 derina modern\u0173 dizain\u0105 ir prakti\u0161kum\u0105, kad pakeist\u0173 j\u016bs\u0173 virtuv\u0119.<\/p>","protected":false},"excerpt":{"rendered":"<p>Plotis (cm): 60<br \/>\n\u016agis (cm): 82<br \/>\nGylis (cm): 47<\/p>","protected":false},"featured_media":160517,"comment_status":"open","ping_status":"open","template":"","meta":[],"product_brand":[],"product_cat":[9451,4106,9118],"product_tag":[],"class_list":{"0":"post-160516","1":"product","2":"type-product","3":"status-publish","4":"has-post-thumbnail","6":"product_cat-kitchen-system-aspen-grey","7":"product_cat-gala-meble","8":"product_cat-kitchen-cabinets","10":"first","11":"instock","12":"purchasable","13":"product-type-simple"},"_links":{"self":[{"href":"https:\/\/baldumarket.lt\/lt\/wp-json\/wp\/v2\/product\/160516","targetHints":{"allow":["GET"]}}],"collection":[{"href":"https:\/\/baldumarket.lt\/lt\/wp-json\/wp\/v2\/product"}],"about":[{"href":"https:\/\/baldumarket.lt\/lt\/wp-json\/wp\/v2\/types\/product"}],"replies":[{"embeddable":true,"href":"https:\/\/baldumarket.lt\/lt\/wp-json\/wp\/v2\/comments?post=160516"}],"wp:featuredmedia":[{"embeddable":true,"href":"https:\/\/baldumarket.lt\/lt\/wp-json\/wp\/v2\/media\/160517"}],"wp:attachment":[{"href":"https:\/\/baldumarket.lt\/lt\/wp-json\/wp\/v2\/media?parent=160516"}],"wp:term":[{"taxonomy":"product_brand","embeddable":true,"href":"https:\/\/baldumarket.lt\/lt\/wp-json\/wp\/v2\/product_brand?post=160516"},{"taxonomy":"product_cat","embeddable":true,"href":"https:\/\/baldumarket.lt\/lt\/wp-json\/wp\/v2\/product_cat?post=160516"},{"taxonomy":"product_tag","embeddable":true,"href":"https:\/\/baldumarket.lt\/lt\/wp-json\/wp\/v2\/product_tag?post=160516"}],"curies":[{"name":"wp","href":"https:\/\/api.w.org\/{rel}","templated":true}]}}