{"id":160513,"date":"2025-12-19T01:13:25","date_gmt":"2025-12-18T22:13:25","guid":{"rendered":"https:\/\/baldumarket.lt\/product\/szafka-kuchenna-dolna-1-drzwiowa-zabudowa-zlewozmywaka-lewa-d60z-l-aspen-white-bialy-polysk\/"},"modified":"2026-02-06T13:20:11","modified_gmt":"2026-02-06T10:20:11","slug":"szafka-kuchenna-dolna-1-drzwiowa-zabudowa-zlewozmywaka-lewa-d60z-l-aspen-white-bialy-polysk","status":"publish","type":"product","link":"https:\/\/baldumarket.lt\/lt\/product\/szafka-kuchenna-dolna-1-drzwiowa-zabudowa-zlewozmywaka-lewa-d60z-l-aspen-white-bialy-polysk\/","title":{"rendered":"Apatin\u0117 virtuv\u0117s spintel\u0117 su 1 durel\u0117mis kair\u0117je, kriaukl\u0117, D60Z-L, blizgi drebul\u0117s balta spalva"},"content":{"rendered":"<p>Atraskite nauj\u0105 elegancijos dimensij\u0105 savo virtuv\u0117je su \u201eAspen White\u201c vien\u0173 dureli\u0173 apatine virtuv\u0117s spintele. \u0160i stilinga spintel\u0117 leid\u017eia harmoningai derinti modern\u0173 dizain\u0105 ir prakti\u0161kus sprendimus, kurie patenkins net ir i\u0161rankiausi\u0105 skon\u012f. Blizgus baltas fasadas sukuria prabangos efekt\u0105, atspindi \u0161vies\u0105 ir vizualiai i\u0161ple\u010dia erdv\u0119.<\/p>\n<p>\u0160i spintel\u0117 \u2013 puikus sprendimas tiems, kurie vertina minimalizm\u0105 ir funkcionalum\u0105. Ji puikiai tinka po praustuvu montuojamoms kriaukl\u0117ms, tod\u0117l yra nepakei\u010diamas bet kurios modernios virtuv\u0117s elementas. Kontrastingas matin\u0117s baltos spalvos korpusas sukuria darni\u0105 ir eleganti\u0161k\u0105 i\u0161vaizd\u0105, kuri lengvai dera prie \u012fvairi\u0173 interjero stili\u0173.<\/p>\n<p>Dar vienas \u0161ios spintel\u0117s privalumas \u2013 prakti\u0161kumas. Pagaminta i\u0161 patvarios MDF ir laminuotos plok\u0161t\u0117s, ji u\u017etikrina ilgaam\u017ei\u0161kum\u0105 ir tvirtum\u0105. Reguliuojamos kojel\u0117s leid\u017eia j\u0105 pritaikyti pagal savo poreikius, tod\u0117l virtuv\u0117s organizavimas taps lengvesnis.<\/p>\n<p>Paprastas surinkimas leis jums m\u0117gautis nauju pirkiniu be joki\u0173 r\u016bpes\u010di\u0173. Savaime u\u017esidarantys vyriai u\u017etikrina kasdien\u012f naudojimo patogum\u0105 ir garantuoja, kad j\u016bs\u0173 virtuv\u0117 visada atrodys tobulai. \u201eAspen White\u201c \u2013 tai pasirinkimas, kuris pavers j\u016bs\u0173 virtuv\u0119 harmoninga ir stilinga vieta, suteikdamas jai unikalaus \u017eavesio.<\/p>","protected":false},"excerpt":{"rendered":"<p>Plotis (cm): 60<br \/>\n\u016agis (cm): 82<br \/>\nGylis (cm): 47<\/p>","protected":false},"featured_media":160514,"comment_status":"open","ping_status":"open","template":"","meta":[],"product_brand":[],"product_cat":[9445,4106,9118],"product_tag":[],"class_list":{"0":"post-160513","1":"product","2":"type-product","3":"status-publish","4":"has-post-thumbnail","6":"product_cat-kitchen-system-aspen-white","7":"product_cat-gala-meble","8":"product_cat-kitchen-cabinets","10":"first","11":"instock","12":"purchasable","13":"product-type-simple"},"_links":{"self":[{"href":"https:\/\/baldumarket.lt\/lt\/wp-json\/wp\/v2\/product\/160513","targetHints":{"allow":["GET"]}}],"collection":[{"href":"https:\/\/baldumarket.lt\/lt\/wp-json\/wp\/v2\/product"}],"about":[{"href":"https:\/\/baldumarket.lt\/lt\/wp-json\/wp\/v2\/types\/product"}],"replies":[{"embeddable":true,"href":"https:\/\/baldumarket.lt\/lt\/wp-json\/wp\/v2\/comments?post=160513"}],"wp:featuredmedia":[{"embeddable":true,"href":"https:\/\/baldumarket.lt\/lt\/wp-json\/wp\/v2\/media\/160514"}],"wp:attachment":[{"href":"https:\/\/baldumarket.lt\/lt\/wp-json\/wp\/v2\/media?parent=160513"}],"wp:term":[{"taxonomy":"product_brand","embeddable":true,"href":"https:\/\/baldumarket.lt\/lt\/wp-json\/wp\/v2\/product_brand?post=160513"},{"taxonomy":"product_cat","embeddable":true,"href":"https:\/\/baldumarket.lt\/lt\/wp-json\/wp\/v2\/product_cat?post=160513"},{"taxonomy":"product_tag","embeddable":true,"href":"https:\/\/baldumarket.lt\/lt\/wp-json\/wp\/v2\/product_tag?post=160513"}],"curies":[{"name":"wp","href":"https:\/\/api.w.org\/{rel}","templated":true}]}}