{"id":160508,"date":"2025-12-19T01:13:15","date_gmt":"2025-12-18T22:13:15","guid":{"rendered":"https:\/\/baldumarket.lt\/product\/szafka-kuchenna-dolna-1-drzwiowa-zabudowa-zlewozmywaka-prawa-d60z-p-aspen-grey-szary-polysk\/"},"modified":"2026-02-08T10:19:36","modified_gmt":"2026-02-08T07:19:36","slug":"szafka-kuchenna-dolna-1-drzwiowa-zabudowa-zlewozmywaka-prawa-d60z-p-aspen-grey-szary-polysk","status":"publish","type":"product","link":"https:\/\/baldumarket.lt\/lt\/product\/szafka-kuchenna-dolna-1-drzwiowa-zabudowa-zlewozmywaka-prawa-d60z-p-aspen-grey-szary-polysk\/","title":{"rendered":"Apatin\u0117 virtuv\u0117s spintel\u0117 su 1 durel\u0117mis, de\u0161inin\u0117, kriaukl\u0117, D60Z-P, blizgi drebul\u0117s pilkumo spalva"},"content":{"rendered":"<p>Atraskite neprilygstam\u0105 estetik\u0105 ir funkcionalum\u0105 su garsaus \u201eGa\u0142a Meble\u201c prek\u0117s \u017eenklo \u201eAspen Grey\u201c virtuv\u0117s spintele. \u0160is eleganti\u0161kas baldas derina modern\u0173 dizain\u0105 su prakti\u0161kumu, suteikdamas puiki\u0105 viet\u0105 kriauklei. Blizg\u016bs pilki fasadai harmoningai papildo matin\u0117s baltos spalvos korpus\u0105, sukurdami minimalistin\u012f, ta\u010diau eleganti\u0161k\u0105 vaizd\u0105, kuris puikiai papildys bet kok\u012f \u0161iuolaikin\u012f interjer\u0105. \u0160i spintel\u0117 yra ne tik estetinis j\u016bs\u0173 virtuv\u0117s akcentas, bet ir prakti\u0161kas sprendimas kasdieniam naudojimui. D\u0117l gerai apgalvoto dizaino ir reguliuojam\u0173 kojeli\u0173 j\u0105 galima pritaikyti prie individuali\u0173 poreiki\u0173 ir s\u0105lyg\u0173, dar labiau padidinant jos naudojimo patogum\u0105. D\u0117l plon\u0173 linij\u0173 ir gerai apgalvot\u0173 proporcij\u0173 spintel\u0117 puikiai tinka net ir ma\u017eiausioms erdv\u0117ms, leid\u017eiant optimaliai suplanuoti virtuv\u0119. \u201eGa\u0142a Meble\u201c skiria d\u0117mesio detal\u0117ms, tod\u0117l spintel\u0117 apr\u016bpinta savaime u\u017esidaran\u010diais vyriais, u\u017etikrinan\u010diais skland\u0173 ir tyl\u0173 dureli\u0173 u\u017edarym\u0105. Tai palengvina naudojim\u0105, kai rankos u\u017eimtos, tuo pa\u010diu u\u017etikrinant komfort\u0105 ir suma\u017einant pa\u017eeidim\u0173 rizik\u0105. D\u0117l \u0161i\u0173 detali\u0173 baldai ne tik palengvins erdv\u0117s organizavim\u0105, bet ir pabr\u0117\u0161 modern\u0173 j\u016bs\u0173 virtuv\u0117s stili\u0173.<\/p>","protected":false},"excerpt":{"rendered":"<p>Plotis (cm): 60<br \/>\n\u016agis (cm): 82<br \/>\nGylis (cm): 47<\/p>","protected":false},"featured_media":160509,"comment_status":"open","ping_status":"open","template":"","meta":[],"product_brand":[],"product_cat":[9451,4106,9118],"product_tag":[],"class_list":{"0":"post-160508","1":"product","2":"type-product","3":"status-publish","4":"has-post-thumbnail","6":"product_cat-kitchen-system-aspen-grey","7":"product_cat-gala-meble","8":"product_cat-kitchen-cabinets","10":"first","11":"instock","12":"purchasable","13":"product-type-simple"},"_links":{"self":[{"href":"https:\/\/baldumarket.lt\/lt\/wp-json\/wp\/v2\/product\/160508","targetHints":{"allow":["GET"]}}],"collection":[{"href":"https:\/\/baldumarket.lt\/lt\/wp-json\/wp\/v2\/product"}],"about":[{"href":"https:\/\/baldumarket.lt\/lt\/wp-json\/wp\/v2\/types\/product"}],"replies":[{"embeddable":true,"href":"https:\/\/baldumarket.lt\/lt\/wp-json\/wp\/v2\/comments?post=160508"}],"wp:featuredmedia":[{"embeddable":true,"href":"https:\/\/baldumarket.lt\/lt\/wp-json\/wp\/v2\/media\/160509"}],"wp:attachment":[{"href":"https:\/\/baldumarket.lt\/lt\/wp-json\/wp\/v2\/media?parent=160508"}],"wp:term":[{"taxonomy":"product_brand","embeddable":true,"href":"https:\/\/baldumarket.lt\/lt\/wp-json\/wp\/v2\/product_brand?post=160508"},{"taxonomy":"product_cat","embeddable":true,"href":"https:\/\/baldumarket.lt\/lt\/wp-json\/wp\/v2\/product_cat?post=160508"},{"taxonomy":"product_tag","embeddable":true,"href":"https:\/\/baldumarket.lt\/lt\/wp-json\/wp\/v2\/product_tag?post=160508"}],"curies":[{"name":"wp","href":"https:\/\/api.w.org\/{rel}","templated":true}]}}