{"id":160504,"date":"2025-12-19T01:13:07","date_gmt":"2025-12-18T22:13:07","guid":{"rendered":"https:\/\/baldumarket.lt\/product\/szafka-kuchenna-dolna-1-drzwiowa-zabudowa-zlewozmywaka-prawa-d60z-p-aspen-white-bialy-polysk\/"},"modified":"2026-02-06T13:20:11","modified_gmt":"2026-02-06T10:20:11","slug":"szafka-kuchenna-dolna-1-drzwiowa-zabudowa-zlewozmywaka-prawa-d60z-p-aspen-white-bialy-polysk","status":"publish","type":"product","link":"https:\/\/baldumarket.lt\/lt\/product\/szafka-kuchenna-dolna-1-drzwiowa-zabudowa-zlewozmywaka-prawa-d60z-p-aspen-white-bialy-polysk\/","title":{"rendered":"Apatin\u0117 virtuv\u0117s spintel\u0117 su 1 durel\u0117mis, de\u0161inin\u0117, kriaukl\u0117, D60Z-P, blizgi drebul\u0117s balta spalva"},"content":{"rendered":"<p>\u201eGa\u0142a Meble\u201c \u201eAspen White\u201c apatin\u0117 virtuv\u0117s spintel\u0117 yra elegancijos ir modernumo \u012fsik\u016bnijimas bet kurioje virtuv\u0117je. Jos blizgios baltos MDF plok\u0161t\u0117s fasadai spinduliuoja minimalistiniu stiliumi, kuris puikiai dera su \u0161iuolaikin\u0117mis interjero dizaino tendencijomis. \u0160viesios spalvos vizualiai i\u0161ple\u010dia erdv\u0119, sukurdamos \u0161viesos ir gaivos kupin\u0105 atmosfer\u0105. Ji puikiai dera tiek su skandinavi\u0161ko, tiek su industrinio stiliaus virtuv\u0117mis.<\/p>\n<p>\u0160io baldo prakti\u0161kumas yra toks pat \u012fsp\u016bdingas, kaip ir estetika. Spintel\u0117 buvo suprojektuota taip, kad joje tilpt\u0173 kriaukl\u0117, tod\u0117l tai idealus sprendimas tiems, kurie vertina funkcional\u0173 erdv\u0117s i\u0161naudojim\u0105. Reguliuojamos kojel\u0117s leid\u017eia lengvai pritaikyti j\u0105 prie stalvir\u0161io auk\u0161\u010dio, u\u017etikrinant patog\u0173 naudojim\u0105.<\/p>\n<p>Spintel\u0117s korpusas, pagamintas i\u0161 matin\u0117s baltos laminuotos plok\u0161t\u0117s, yra dar vienas privalumas, suteikiantis jai ilgaam\u017ei\u0161kumo ir atsparumo kasdieniam naudojimui. Sustiprinti savaime u\u017esidarantys vyriai u\u017etikrina \u0161veln\u0173 ir tyl\u0173 u\u017edarym\u0105, dar labiau padidindami komfort\u0105. Tai yra svarbios detal\u0117s, ypa\u010d intensyviai naudojamoje erdv\u0117je, pavyzd\u017eiui, virtuv\u0117je.<\/p>\n<p>\u201eAspen White\u201c spintel\u0117 ne tik pagerina estetin\u012f poj\u016bt\u012f, bet ir palengvina tvarkos palaikym\u0105 virtuv\u0117s darbo vietoje. Savaranki\u0161kas surinkimas leid\u017eia suasmeninti interjer\u0105 ir suteikia pasitenkinim\u0105 j\u016bs\u0173 pa\u010di\u0173 iniciatyva. \u0160is baldas sujungia elegancij\u0105 ir ne\u012fkainojam\u0105 prakti\u0161kum\u0105, tod\u0117l j\u016bs\u0173 virtuv\u0117 tampa dar jaukesne ir funkcionalesne erdve.<\/p>","protected":false},"excerpt":{"rendered":"<p>Plotis (cm): 60<br \/>\n\u016agis (cm): 82<br \/>\nGylis (cm): 47<\/p>","protected":false},"featured_media":160505,"comment_status":"open","ping_status":"open","template":"","meta":[],"product_brand":[],"product_cat":[9445,4106,9118],"product_tag":[],"class_list":{"0":"post-160504","1":"product","2":"type-product","3":"status-publish","4":"has-post-thumbnail","6":"product_cat-kitchen-system-aspen-white","7":"product_cat-gala-meble","8":"product_cat-kitchen-cabinets","10":"first","11":"instock","12":"purchasable","13":"product-type-simple"},"_links":{"self":[{"href":"https:\/\/baldumarket.lt\/lt\/wp-json\/wp\/v2\/product\/160504","targetHints":{"allow":["GET"]}}],"collection":[{"href":"https:\/\/baldumarket.lt\/lt\/wp-json\/wp\/v2\/product"}],"about":[{"href":"https:\/\/baldumarket.lt\/lt\/wp-json\/wp\/v2\/types\/product"}],"replies":[{"embeddable":true,"href":"https:\/\/baldumarket.lt\/lt\/wp-json\/wp\/v2\/comments?post=160504"}],"wp:featuredmedia":[{"embeddable":true,"href":"https:\/\/baldumarket.lt\/lt\/wp-json\/wp\/v2\/media\/160505"}],"wp:attachment":[{"href":"https:\/\/baldumarket.lt\/lt\/wp-json\/wp\/v2\/media?parent=160504"}],"wp:term":[{"taxonomy":"product_brand","embeddable":true,"href":"https:\/\/baldumarket.lt\/lt\/wp-json\/wp\/v2\/product_brand?post=160504"},{"taxonomy":"product_cat","embeddable":true,"href":"https:\/\/baldumarket.lt\/lt\/wp-json\/wp\/v2\/product_cat?post=160504"},{"taxonomy":"product_tag","embeddable":true,"href":"https:\/\/baldumarket.lt\/lt\/wp-json\/wp\/v2\/product_tag?post=160504"}],"curies":[{"name":"wp","href":"https:\/\/api.w.org\/{rel}","templated":true}]}}