{"id":160499,"date":"2025-12-19T01:12:55","date_gmt":"2025-12-18T22:12:55","guid":{"rendered":"https:\/\/baldumarket.lt\/product\/szafka-kuchenna-dolna-1d-cargo-sorento-d20c-baltic-storm\/"},"modified":"2026-02-18T11:19:40","modified_gmt":"2026-02-18T08:19:40","slug":"szafka-kuchenna-dolna-1d-cargo-sorento-d20c-baltic-storm","status":"publish","type":"product","link":"https:\/\/baldumarket.lt\/lt\/product\/szafka-kuchenna-dolna-1d-cargo-sorento-d20c-baltic-storm\/","title":{"rendered":"Apatin\u0117 virtuv\u0117s spintel\u0117 1D Cargo Sorento D20C Baltic Storm"},"content":{"rendered":"<p>\u201e1-D Cargo Sorento\u201c apatin\u0117 virtuv\u0117s spintel\u0117 \u201eBaltic Storm\u201c spalvos \u2013 puikus sprendimas bet kuriai moderniai virtuvei. Jos tamsiai pilkas atspalvis suteikia elegancijos ir stiliaus, puikiai papildydamas \u012fvairius interjero dizainus. D\u0117l minimalistin\u0117s formos spintel\u0117 lengvai \u012fsilieja \u012f \u0161iuolaikines dizaino linijas, suteikdama virtuvei jauki\u0105 ir harmoning\u0105 i\u0161vaizd\u0105. \u0160i funkcionali 20 cm plo\u010dio ir 87 cm auk\u0161\u010dio spintel\u0117 derina estetik\u0105 ir didel\u012f prakti\u0161kum\u0105. Suteikdama optimali\u0105 erdv\u0119 daiktams susid\u0117ti, ji i\u0161ple\u010dia j\u016bs\u0173 virtuv\u0117s organizavimo galimybes. Auk\u0161tos, reguliuojamo auk\u0161\u010dio kojel\u0117s leid\u017eia pritaikyti spintel\u0119 pagal savo poreikius, suteikiant papildomos vietos valymui ir patogiai prieigai. Spintel\u0117 pagaminta i\u0161 patvarios, pa\u017eeidimams atsparios laminuotos plok\u0161t\u0117s, u\u017etikrinan\u010dios jos ilgaam\u017ei\u0161kum\u0105 ir lengv\u0105 valym\u0105. Be to, \u0161velniai u\u017esidarantys \u201eClip-On\u201c vyriai leid\u017eia patogiai ir maloniai naudotis spintele, pa\u0161alindami nemalon\u0173 triuk\u0161m\u0105. Eleganti\u0161ka juoda plienin\u0117 rankena ne tik suteikia charakterio, bet ir u\u017etikrina patog\u0173 su\u0117mim\u0105.<\/p>","protected":false},"excerpt":{"rendered":"<p>Plotis (cm): 20<br \/>\n\u016agis (cm): 87<br \/>\nGylis (cm): 52<\/p>","protected":false},"featured_media":160500,"comment_status":"open","ping_status":"open","template":"","meta":[],"product_brand":[],"product_cat":[9436,4106],"product_tag":[],"class_list":{"0":"post-160499","1":"product","2":"type-product","3":"status-publish","4":"has-post-thumbnail","6":"product_cat-kitchen-system-sorento","7":"product_cat-gala-meble","9":"first","10":"instock","11":"purchasable","12":"product-type-simple"},"_links":{"self":[{"href":"https:\/\/baldumarket.lt\/lt\/wp-json\/wp\/v2\/product\/160499","targetHints":{"allow":["GET"]}}],"collection":[{"href":"https:\/\/baldumarket.lt\/lt\/wp-json\/wp\/v2\/product"}],"about":[{"href":"https:\/\/baldumarket.lt\/lt\/wp-json\/wp\/v2\/types\/product"}],"replies":[{"embeddable":true,"href":"https:\/\/baldumarket.lt\/lt\/wp-json\/wp\/v2\/comments?post=160499"}],"wp:featuredmedia":[{"embeddable":true,"href":"https:\/\/baldumarket.lt\/lt\/wp-json\/wp\/v2\/media\/160500"}],"wp:attachment":[{"href":"https:\/\/baldumarket.lt\/lt\/wp-json\/wp\/v2\/media?parent=160499"}],"wp:term":[{"taxonomy":"product_brand","embeddable":true,"href":"https:\/\/baldumarket.lt\/lt\/wp-json\/wp\/v2\/product_brand?post=160499"},{"taxonomy":"product_cat","embeddable":true,"href":"https:\/\/baldumarket.lt\/lt\/wp-json\/wp\/v2\/product_cat?post=160499"},{"taxonomy":"product_tag","embeddable":true,"href":"https:\/\/baldumarket.lt\/lt\/wp-json\/wp\/v2\/product_tag?post=160499"}],"curies":[{"name":"wp","href":"https:\/\/api.w.org\/{rel}","templated":true}]}}