{"id":160494,"date":"2025-12-19T01:12:45","date_gmt":"2025-12-18T22:12:45","guid":{"rendered":"https:\/\/baldumarket.lt\/product\/szafka-kuchenna-dolna-1d-cargo-sorento-d20c-bialy-green\/"},"modified":"2026-02-18T11:19:40","modified_gmt":"2026-02-18T08:19:40","slug":"szafka-kuchenna-dolna-1d-cargo-sorento-d20c-bialy-green","status":"publish","type":"product","link":"https:\/\/baldumarket.lt\/lt\/product\/szafka-kuchenna-dolna-1d-cargo-sorento-d20c-bialy-green\/","title":{"rendered":"Apatin\u0117 virtuv\u0117s spintel\u0117 1D Cargo Sorento D20C balta \u017ealia"},"content":{"rendered":"<p>Atraskite nauj\u0105 kokyb\u0117s lyg\u012f savo virtuv\u0117je su eleganti\u0161ka \u201eCargo Sorento D20C 1-D\u201c virtuv\u0117s spintele, kurios spalvos \u2013 balta ir matin\u0117 \u017ealia. \u0160i stilinga spintel\u0117 ne tik papuo\u0161 j\u016bs\u0173 virtuv\u0117s interjer\u0105 moderniu dizainu, bet ir suteiks charakterio bei gaivumo. Ji puikiai dera su dabartin\u0117mis interjero dizaino tendencijomis ir tampa tikra bet kurio kambario puo\u0161mena. I\u0161siskirianti unikaliu spalv\u0173 deriniu, \u201eSorento\u201c spintel\u0117 yra puikus sprendimas tiems, kurie vertina estetik\u0105 ir funkcionalum\u0105. Matin\u0117 \u017ealia priekin\u0117 dalis kartu su baltu korpusu sukuria harmoning\u0105 visum\u0105, kuri puikiai papildys tiek modern\u0173, tiek klasikin\u012f interjer\u0105. Juoda metalin\u0117 rankena papildo dizain\u0105, suteikdama jam eleganti\u0161k\u0105 apdail\u0105. \u0160i spintel\u0117 i\u0161siskiria ne tik savo i\u0161vaizda, bet ir funkcionalumu. Reguliuojamos 15 cm kojel\u0117s leid\u017eia pritaikyti spintel\u0119 pagal individualius poreikius, o tai \u017eymiai supaprastina kasdien\u012f naudojim\u0105. Be to, \u201eClip-On\u201c vyriai su \u0161velnaus u\u017edarymo funkcija leid\u017eia patogiai ir saugiai naudotis \u0161ia spintele.<\/p>","protected":false},"excerpt":{"rendered":"<p>Plotis (cm): 20<br \/>\n\u016agis (cm): 87<br \/>\nGylis (cm): 52<\/p>","protected":false},"featured_media":160495,"comment_status":"open","ping_status":"open","template":"","meta":[],"product_brand":[],"product_cat":[9436,4106],"product_tag":[],"class_list":{"0":"post-160494","1":"product","2":"type-product","3":"status-publish","4":"has-post-thumbnail","6":"product_cat-kitchen-system-sorento","7":"product_cat-gala-meble","9":"first","10":"instock","11":"purchasable","12":"product-type-simple"},"_links":{"self":[{"href":"https:\/\/baldumarket.lt\/lt\/wp-json\/wp\/v2\/product\/160494","targetHints":{"allow":["GET"]}}],"collection":[{"href":"https:\/\/baldumarket.lt\/lt\/wp-json\/wp\/v2\/product"}],"about":[{"href":"https:\/\/baldumarket.lt\/lt\/wp-json\/wp\/v2\/types\/product"}],"replies":[{"embeddable":true,"href":"https:\/\/baldumarket.lt\/lt\/wp-json\/wp\/v2\/comments?post=160494"}],"wp:featuredmedia":[{"embeddable":true,"href":"https:\/\/baldumarket.lt\/lt\/wp-json\/wp\/v2\/media\/160495"}],"wp:attachment":[{"href":"https:\/\/baldumarket.lt\/lt\/wp-json\/wp\/v2\/media?parent=160494"}],"wp:term":[{"taxonomy":"product_brand","embeddable":true,"href":"https:\/\/baldumarket.lt\/lt\/wp-json\/wp\/v2\/product_brand?post=160494"},{"taxonomy":"product_cat","embeddable":true,"href":"https:\/\/baldumarket.lt\/lt\/wp-json\/wp\/v2\/product_cat?post=160494"},{"taxonomy":"product_tag","embeddable":true,"href":"https:\/\/baldumarket.lt\/lt\/wp-json\/wp\/v2\/product_tag?post=160494"}],"curies":[{"name":"wp","href":"https:\/\/api.w.org\/{rel}","templated":true}]}}