{"id":160489,"date":"2025-12-19T01:12:35","date_gmt":"2025-12-18T22:12:35","guid":{"rendered":"https:\/\/baldumarket.lt\/product\/szafka-kuchenna-dolna-1d-cargo-sorento-d20c-puccini-bialy-mat-ramka\/"},"modified":"2026-02-18T11:19:40","modified_gmt":"2026-02-18T08:19:40","slug":"szafka-kuchenna-dolna-1d-cargo-sorento-d20c-puccini-bialy-mat-ramka","status":"publish","type":"product","link":"https:\/\/baldumarket.lt\/lt\/product\/szafka-kuchenna-dolna-1d-cargo-sorento-d20c-puccini-bialy-mat-ramka\/","title":{"rendered":"Apatin\u0117 virtuv\u0117s spintel\u0117 1D Cargo Sorento D20C Puccini matin\u0117s baltos spalvos r\u0117meliu"},"content":{"rendered":"<p>Atraskite nauj\u0105 elegancijos lyg\u012f su \u201eCargo Sorento\u201c virtuv\u0117s apatine spintele su gra\u017eia matine balta apdaila. \u0160i virtuv\u0117s spintel\u0117 \u2013 tai tobulas klasikinio stiliaus ir modernaus funkcionalumo derinys, suteikiantis j\u016bs\u0173 erdvei gaivumo. Balta MDF priekin\u0117 dalis subtiliai kontrastuoja su i\u0161skirtine Puccini spalvos korpusu, sukurdama harmoning\u0105 kompozicij\u0105, kuri papildys bet kok\u012f interjer\u0105. Ne tik i\u0161vaizda, bet ir apgalvotos detal\u0117s paver\u010dia \u201eCargo Sorento\u201c unikaliu baldu. Spalvi\u0161kai deran\u010dios auksin\u0117s ranken\u0117l\u0117s suteikia subtilaus blizgesio, traukia ak\u012f ir palengvina kasdien\u012f naudojim\u0105. Prakti\u0161ki \u201eClip-On\u201c vyriai su \u0161velnaus u\u017edarymo mechanizmu leid\u017eia tyliai u\u017esidaryti, taip \u017eymiai pagerindami komfort\u0105 ir pailgindami spintel\u0117s tarnavimo laik\u0105. \u0160ios spintel\u0117s funkcionalumas neapsiriboja vien stilingu dizainu. Tvirta konstrukcija, paremta laminuotu korpusu, u\u017etikrina patvarum\u0105 ir atsparum\u0105 pa\u017eeidimams, o reguliuojamos 15 cm kojel\u0117s leid\u017eia lengvai prisitaikyti prie nelygi\u0173 grind\u0173. D\u0117l kompakti\u0161k\u0173 matmen\u0173 spintel\u0117 lengvai tilps net ir ma\u017eiausiose virtuv\u0117se, maksimaliai i\u0161naudojant kiekvien\u0105 turim\u0105 erdv\u0119.<\/p>","protected":false},"excerpt":{"rendered":"<p>Plotis (cm): 20<br \/>\n\u016agis (cm): 87<br \/>\nGylis (cm): 52<\/p>","protected":false},"featured_media":160490,"comment_status":"open","ping_status":"open","template":"","meta":[],"product_brand":[],"product_cat":[9436,4106],"product_tag":[],"class_list":{"0":"post-160489","1":"product","2":"type-product","3":"status-publish","4":"has-post-thumbnail","6":"product_cat-kitchen-system-sorento","7":"product_cat-gala-meble","9":"first","10":"instock","11":"purchasable","12":"product-type-simple"},"_links":{"self":[{"href":"https:\/\/baldumarket.lt\/lt\/wp-json\/wp\/v2\/product\/160489","targetHints":{"allow":["GET"]}}],"collection":[{"href":"https:\/\/baldumarket.lt\/lt\/wp-json\/wp\/v2\/product"}],"about":[{"href":"https:\/\/baldumarket.lt\/lt\/wp-json\/wp\/v2\/types\/product"}],"replies":[{"embeddable":true,"href":"https:\/\/baldumarket.lt\/lt\/wp-json\/wp\/v2\/comments?post=160489"}],"wp:featuredmedia":[{"embeddable":true,"href":"https:\/\/baldumarket.lt\/lt\/wp-json\/wp\/v2\/media\/160490"}],"wp:attachment":[{"href":"https:\/\/baldumarket.lt\/lt\/wp-json\/wp\/v2\/media?parent=160489"}],"wp:term":[{"taxonomy":"product_brand","embeddable":true,"href":"https:\/\/baldumarket.lt\/lt\/wp-json\/wp\/v2\/product_brand?post=160489"},{"taxonomy":"product_cat","embeddable":true,"href":"https:\/\/baldumarket.lt\/lt\/wp-json\/wp\/v2\/product_cat?post=160489"},{"taxonomy":"product_tag","embeddable":true,"href":"https:\/\/baldumarket.lt\/lt\/wp-json\/wp\/v2\/product_tag?post=160489"}],"curies":[{"name":"wp","href":"https:\/\/api.w.org\/{rel}","templated":true}]}}