{"id":160483,"date":"2025-12-19T01:12:22","date_gmt":"2025-12-18T22:12:22","guid":{"rendered":"https:\/\/baldumarket.lt\/product\/szafka-kuchenna-dolna-1d-naroznik-prosty-sorento-d100n-p-l-puccini\/"},"modified":"2026-02-18T11:19:40","modified_gmt":"2026-02-18T08:19:40","slug":"szafka-kuchenna-dolna-1d-naroznik-prosty-sorento-d100n-p-l-puccini","status":"publish","type":"product","link":"https:\/\/baldumarket.lt\/lt\/product\/szafka-kuchenna-dolna-1d-naroznik-prosty-sorento-d100n-p-l-puccini\/","title":{"rendered":"Apatin\u0117 virtuv\u0117s spintel\u0117 1D tiesus kampas Sorento D100N P\/L Puccini"},"content":{"rendered":"<p>Atraskite nepaprast\u0105 \u201eSorento D100N\u201c tiesios kampin\u0117s virtuv\u0117s spintel\u0117s \u017eaves\u012f ir elegancij\u0105 \u2013 ji puikiai tinka moderniam interjerui. Pagaminta i\u0161 auk\u0161tos kokyb\u0117s laminuotos plok\u0161t\u0117s su subtiliu Puccini atspalviu, \u0161i spintel\u0117 ne tik suteikia j\u016bs\u0173 virtuvei modernaus stiliaus, bet ir yra patvari bei atspari kasdieniam naudojimui. Minimalistinis dizainas su juodomis metalin\u0117mis rankenomis suteikia rafinuotumo, tod\u0117l ji yra esminis bet kurios funkcionalios virtuv\u0117s elementas. Kruop\u0161\u010diai apgalvota \u0161ios spintel\u0117s konstrukcija u\u017etikrina, kad kiekviena virtuv\u0117s erdv\u0117 b\u016bt\u0173 optimaliai i\u0161naudota. Tiesi kampin\u0117 spintel\u0117 yra puikus sprendimas tiems, kurie vertina funkcionalum\u0105 ir ergonomik\u0105. Su \u0161velniai u\u017esidaran\u010diomis durel\u0117mis ir \u201eClip-On\u201c vyriais \u0161i spintel\u0117 suteikia i\u0161skirtin\u012f komfort\u0105 kasdieniam naudojimui, pa\u0161alina nepageidaujam\u0105 triuk\u0161m\u0105 ir supaprastina kasdien\u012f darb\u0105 virtuv\u0117je. Virtuv\u0117s spintel\u0117 sukurta taip, kad j\u0105 b\u016bt\u0173 galima surinkti savaranki\u0161kai, tod\u0117l galite j\u0105 pritaikyti pagal savo poreikius ir pageidavimus. Reguliuojamos kojel\u0117s leid\u017eia reguliuoti auk\u0161t\u012f, kad puikiai papildyt\u0173 esamus baldus. D\u0117l to galite m\u0117gautis ne tik estetika, bet ir prakti\u0161kumu \u2013 stabilumas ir pritaikymas j\u016bs\u0173 erdvei garantuojamas.<\/p>","protected":false},"excerpt":{"rendered":"<p>Plotis (cm): 100<br \/>\n\u016agis (cm): 87<br \/>\nGylis (cm): 56<\/p>","protected":false},"featured_media":160484,"comment_status":"open","ping_status":"open","template":"","meta":[],"product_brand":[],"product_cat":[9436,4106],"product_tag":[],"class_list":{"0":"post-160483","1":"product","2":"type-product","3":"status-publish","4":"has-post-thumbnail","6":"product_cat-kitchen-system-sorento","7":"product_cat-gala-meble","9":"first","10":"instock","11":"purchasable","12":"product-type-simple"},"_links":{"self":[{"href":"https:\/\/baldumarket.lt\/lt\/wp-json\/wp\/v2\/product\/160483","targetHints":{"allow":["GET"]}}],"collection":[{"href":"https:\/\/baldumarket.lt\/lt\/wp-json\/wp\/v2\/product"}],"about":[{"href":"https:\/\/baldumarket.lt\/lt\/wp-json\/wp\/v2\/types\/product"}],"replies":[{"embeddable":true,"href":"https:\/\/baldumarket.lt\/lt\/wp-json\/wp\/v2\/comments?post=160483"}],"wp:featuredmedia":[{"embeddable":true,"href":"https:\/\/baldumarket.lt\/lt\/wp-json\/wp\/v2\/media\/160484"}],"wp:attachment":[{"href":"https:\/\/baldumarket.lt\/lt\/wp-json\/wp\/v2\/media?parent=160483"}],"wp:term":[{"taxonomy":"product_brand","embeddable":true,"href":"https:\/\/baldumarket.lt\/lt\/wp-json\/wp\/v2\/product_brand?post=160483"},{"taxonomy":"product_cat","embeddable":true,"href":"https:\/\/baldumarket.lt\/lt\/wp-json\/wp\/v2\/product_cat?post=160483"},{"taxonomy":"product_tag","embeddable":true,"href":"https:\/\/baldumarket.lt\/lt\/wp-json\/wp\/v2\/product_tag?post=160483"}],"curies":[{"name":"wp","href":"https:\/\/api.w.org\/{rel}","templated":true}]}}