{"id":160477,"date":"2025-12-19T01:12:10","date_gmt":"2025-12-18T22:12:10","guid":{"rendered":"https:\/\/baldumarket.lt\/product\/szafka-kuchenna-dolna-1d-sorento-d100n-p-l-naroznik-prosty-baltic-storm\/"},"modified":"2026-02-18T11:19:40","modified_gmt":"2026-02-18T08:19:40","slug":"szafka-kuchenna-dolna-1d-sorento-d100n-p-l-naroznik-prosty-baltic-storm","status":"publish","type":"product","link":"https:\/\/baldumarket.lt\/lt\/product\/szafka-kuchenna-dolna-1d-sorento-d100n-p-l-naroznik-prosty-baltic-storm\/","title":{"rendered":"Apatin\u0117 virtuv\u0117s spintel\u0117 1D Sorento D100N P\/L Tiesus kampas Baltic Storm"},"content":{"rendered":"<p>Atraskite nepaprast\u0105 elegancij\u0105 ir funkcionalum\u0105, kur\u012f si\u016blo \u201eSorento D100N 1-D\u201c apatin\u0117 virtuv\u0117s spintel\u0117 \u201eBaltic Storm\u201c spalvos. Tai puikus sprendimas tiems, kurie nori savo virtuvei suteikti modern\u0173 ir stiling\u0105 charakter\u012f. Minimalistinis dizainas kartu su sodriu pilkos spalvos atspalviu paver\u010dia j\u0105 ne tik prakti\u0161ku \u012frenginiu, bet ir ak\u012f traukian\u010dia bet kurios virtuv\u0117s puo\u0161mena. D\u0117l paprast\u0173 linij\u0173 spintel\u0117 puikiai der\u0117s prie \u012fvairi\u0173 interjer\u0173 \u2013 nuo skandinavi\u0161ko minimalizmo iki industrini\u0173 akcent\u0173. Didelis \u0161ios virtuv\u0117s spintel\u0117s privalumas \u2013 auk\u0161tos kokyb\u0117s med\u017eiagos, i\u0161 kuri\u0173 ji pagaminta. Spintel\u0117s korpusas ir priekin\u0117 dalis pagaminti i\u0161 laminuotos plok\u0161t\u0117s, u\u017etikrinan\u010dios atsparum\u0105 pa\u017eeidimams ir lengv\u0105 valym\u0105. Malonus liesti pavir\u0161ius kartu su juodomis metalin\u0117mis rankenomis suteikia visam baldui modern\u0173 ir eleganti\u0161k\u0105 vaizd\u0105. Spintel\u0117 suprojektuota kruop\u0161\u010diai, tod\u0117l \u012fvertins net ir i\u0161rankiausi klientai. Vienas i\u0161 \u201eSorento\u201c spintel\u0117s privalum\u0173 \u2013 jos funkcionalumas. D\u0117l 15 cm auk\u0161\u010dio reguliuojam\u0173 kojeli\u0173 galite j\u0105 pritaikyti prie savo individuali\u0173 poreiki\u0173. D\u0117l to ji puikiai tinka \u012fvairioms virtuv\u0117s erdv\u0117ms, nepriklausomai nuo grind\u0173 auk\u0161\u010dio ar pavir\u0161iaus ploto. Viduje erdvi lentyna leid\u017eia efektyviai laikyti indus, puodus ir prieskonius, tod\u0117l \u0161i spintel\u0117 yra ne\u012ftik\u0117tinai prakti\u0161kas sprendimas bet kurioje virtuv\u0117je.<\/p>","protected":false},"excerpt":{"rendered":"<p>Plotis (cm): 100<br \/>\n\u016agis (cm): 87<br \/>\nGylis (cm): 56<\/p>","protected":false},"featured_media":160478,"comment_status":"open","ping_status":"open","template":"","meta":[],"product_brand":[],"product_cat":[9436,4106],"product_tag":[],"class_list":{"0":"post-160477","1":"product","2":"type-product","3":"status-publish","4":"has-post-thumbnail","6":"product_cat-kitchen-system-sorento","7":"product_cat-gala-meble","9":"first","10":"instock","11":"purchasable","12":"product-type-simple"},"_links":{"self":[{"href":"https:\/\/baldumarket.lt\/lt\/wp-json\/wp\/v2\/product\/160477","targetHints":{"allow":["GET"]}}],"collection":[{"href":"https:\/\/baldumarket.lt\/lt\/wp-json\/wp\/v2\/product"}],"about":[{"href":"https:\/\/baldumarket.lt\/lt\/wp-json\/wp\/v2\/types\/product"}],"replies":[{"embeddable":true,"href":"https:\/\/baldumarket.lt\/lt\/wp-json\/wp\/v2\/comments?post=160477"}],"wp:featuredmedia":[{"embeddable":true,"href":"https:\/\/baldumarket.lt\/lt\/wp-json\/wp\/v2\/media\/160478"}],"wp:attachment":[{"href":"https:\/\/baldumarket.lt\/lt\/wp-json\/wp\/v2\/media?parent=160477"}],"wp:term":[{"taxonomy":"product_brand","embeddable":true,"href":"https:\/\/baldumarket.lt\/lt\/wp-json\/wp\/v2\/product_brand?post=160477"},{"taxonomy":"product_cat","embeddable":true,"href":"https:\/\/baldumarket.lt\/lt\/wp-json\/wp\/v2\/product_cat?post=160477"},{"taxonomy":"product_tag","embeddable":true,"href":"https:\/\/baldumarket.lt\/lt\/wp-json\/wp\/v2\/product_tag?post=160477"}],"curies":[{"name":"wp","href":"https:\/\/api.w.org\/{rel}","templated":true}]}}