{"id":160471,"date":"2025-12-19T01:11:55","date_gmt":"2025-12-18T22:11:55","guid":{"rendered":"https:\/\/baldumarket.lt\/product\/szafka-kuchenna-dolna-1d-sorento-d100n-p-l-naroznik-prosty-baltic-storm-bezowy-mat\/"},"modified":"2026-02-18T11:19:40","modified_gmt":"2026-02-18T08:19:40","slug":"szafka-kuchenna-dolna-1d-sorento-d100n-p-l-naroznik-prosty-baltic-storm-bezowy-mat","status":"publish","type":"product","link":"https:\/\/baldumarket.lt\/lt\/product\/szafka-kuchenna-dolna-1d-sorento-d100n-p-l-naroznik-prosty-baltic-storm-bezowy-mat\/","title":{"rendered":"Apatin\u0117 virtuv\u0117s spintel\u0117 1D Sorento D100N P\/L Tiesus kampas Baltic Storm matin\u0117s sm\u0117lio spalvos"},"content":{"rendered":"<p>Praskaidrinkite savo virtuv\u0117s erdv\u0119 eleganti\u0161ku \u201eSorento D100N\u201c apatin\u0117s virtuv\u0117s spintel\u0117s akcentu. Jos matin\u0117s sm\u0117lio spalvos priekin\u0117 dalis subtiliai papildo i\u0161skirtin\u012f \u201eBaltic Storm\u201c korpus\u0105, sukurdama stiling\u0105 harmonij\u0105. Ji puikiai papildys bet kokio interjero atmosfer\u0105, suteikdama modernumo ir klasikin\u0117s elegancijos viename. \u201eSorento D100N\u201c spintel\u0117s funkcionalumas yra toks pat \u012fsp\u016bdingas, kaip ir jos i\u0161vaizda. Ji pagaminta i\u0161 auk\u0161tos kokyb\u0117s laminuotos plok\u0161t\u0117s, u\u017etikrinan\u010dios jos ilgaam\u017ei\u0161kum\u0105. Unikaliai suprojektuoti, \u0161velniai u\u017esidarantys \u201eClip-On\u201c vyriai u\u017etikrina ne tik patog\u0173, bet ir tyl\u0173 valdym\u0105 \u2013 tai puikus privalumas kasdieniame naudojime. Auk\u0161tos, reguliuojamo auk\u0161\u010dio kojel\u0117s su juoda apdaila ne tik pabr\u0117\u017eia modern\u0173 dizain\u0105, bet ir suteikia visi\u0161k\u0105 stabilum\u0105 bei galimyb\u0119 reguliuoti auk\u0161t\u012f pagal individualius poreikius. \u0160i spintel\u0117 idealiai tinka virtuv\u0117ms, kurioms reikalingas ne tik estetinis patrauklumas, bet ir papildoma daikt\u0173 laikymo vieta.<\/p>","protected":false},"excerpt":{"rendered":"<p>Plotis (cm): 100<br \/>\n\u016agis (cm): 87<br \/>\nGylis (cm): 56<\/p>","protected":false},"featured_media":160472,"comment_status":"open","ping_status":"open","template":"","meta":[],"product_brand":[],"product_cat":[9436,4106],"product_tag":[],"class_list":{"0":"post-160471","1":"product","2":"type-product","3":"status-publish","4":"has-post-thumbnail","6":"product_cat-kitchen-system-sorento","7":"product_cat-gala-meble","9":"first","10":"instock","11":"purchasable","12":"product-type-simple"},"_links":{"self":[{"href":"https:\/\/baldumarket.lt\/lt\/wp-json\/wp\/v2\/product\/160471","targetHints":{"allow":["GET"]}}],"collection":[{"href":"https:\/\/baldumarket.lt\/lt\/wp-json\/wp\/v2\/product"}],"about":[{"href":"https:\/\/baldumarket.lt\/lt\/wp-json\/wp\/v2\/types\/product"}],"replies":[{"embeddable":true,"href":"https:\/\/baldumarket.lt\/lt\/wp-json\/wp\/v2\/comments?post=160471"}],"wp:featuredmedia":[{"embeddable":true,"href":"https:\/\/baldumarket.lt\/lt\/wp-json\/wp\/v2\/media\/160472"}],"wp:attachment":[{"href":"https:\/\/baldumarket.lt\/lt\/wp-json\/wp\/v2\/media?parent=160471"}],"wp:term":[{"taxonomy":"product_brand","embeddable":true,"href":"https:\/\/baldumarket.lt\/lt\/wp-json\/wp\/v2\/product_brand?post=160471"},{"taxonomy":"product_cat","embeddable":true,"href":"https:\/\/baldumarket.lt\/lt\/wp-json\/wp\/v2\/product_cat?post=160471"},{"taxonomy":"product_tag","embeddable":true,"href":"https:\/\/baldumarket.lt\/lt\/wp-json\/wp\/v2\/product_tag?post=160471"}],"curies":[{"name":"wp","href":"https:\/\/api.w.org\/{rel}","templated":true}]}}