{"id":160465,"date":"2025-12-19T01:11:43","date_gmt":"2025-12-18T22:11:43","guid":{"rendered":"https:\/\/baldumarket.lt\/product\/szafka-kuchenna-dolna-1d-sorento-d100n-p-l-naroznik-prosty-baltic-storm-green\/"},"modified":"2026-02-18T11:19:40","modified_gmt":"2026-02-18T08:19:40","slug":"szafka-kuchenna-dolna-1d-sorento-d100n-p-l-naroznik-prosty-baltic-storm-green","status":"publish","type":"product","link":"https:\/\/baldumarket.lt\/lt\/product\/szafka-kuchenna-dolna-1d-sorento-d100n-p-l-naroznik-prosty-baltic-storm-green\/","title":{"rendered":"Apatin\u0117 virtuv\u0117s spintel\u0117 1D Sorento D100N P\/L Tiesus kampas, Baltic Storm Green"},"content":{"rendered":"<p>Suteikite savo virtuvei prabangos su \u201eSorento D100N\u201c virtuv\u0117s spintele \u201eBaltic Storm Green\u201c spalvos. \u0160i eleganti\u0161ka ir moderni spintel\u0117 \u017eavi matiniu \u017ealiu priekiu, kuris puikiai kontrastuoja su \u201eBaltic Storm\u201c korpusu. \u0160is spalv\u0173 derinys ne tik suteikia interjerui gaivumo, bet ir pabr\u0117\u017eia unikal\u0173 j\u016bs\u0173 virtuv\u0117s erdv\u0117s stili\u0173. Pamir\u0161kite triuk\u0161mingas spinteles d\u0117ka \u201eClip-On\u201c vyri\u0173 su \u0161velnaus u\u017edarymo funkcija. I\u0161manus \u0161ios spintel\u0117s dizainas pasi\u017eymi i\u0161skirtiniu funkcionalumu, tod\u0117l ji yra nepakei\u010diama bet kurioje virtuv\u0117je. Juoda metalin\u0117 rankena subtiliai papildo bendr\u0105 dizain\u0105, suteikdama elegancijos ir modernumo. \u201eSorento\u201c spintel\u0117 ne tik atrodo stilingai, bet ir yra itin prakti\u0161ka bei patvari. Pagaminta i\u0161 atsparios pa\u017eeidimams laminuotos plok\u0161t\u0117s, ji garantuoja ilgalaik\u012f naudojim\u0105. Tvirta konstrukcija idealiai tinka kasdieniams virtuv\u0117s i\u0161\u0161\u016bkiams, nes si\u016blo daug vietos daiktams susid\u0117ti.<\/p>","protected":false},"excerpt":{"rendered":"<p>Plotis (cm): 100<br \/>\n\u016agis (cm): 87<br \/>\nGylis (cm): 56<\/p>","protected":false},"featured_media":160466,"comment_status":"open","ping_status":"open","template":"","meta":[],"product_brand":[],"product_cat":[9436,4106],"product_tag":[],"class_list":{"0":"post-160465","1":"product","2":"type-product","3":"status-publish","4":"has-post-thumbnail","6":"product_cat-kitchen-system-sorento","7":"product_cat-gala-meble","9":"first","10":"instock","11":"purchasable","12":"product-type-simple"},"_links":{"self":[{"href":"https:\/\/baldumarket.lt\/lt\/wp-json\/wp\/v2\/product\/160465","targetHints":{"allow":["GET"]}}],"collection":[{"href":"https:\/\/baldumarket.lt\/lt\/wp-json\/wp\/v2\/product"}],"about":[{"href":"https:\/\/baldumarket.lt\/lt\/wp-json\/wp\/v2\/types\/product"}],"replies":[{"embeddable":true,"href":"https:\/\/baldumarket.lt\/lt\/wp-json\/wp\/v2\/comments?post=160465"}],"wp:featuredmedia":[{"embeddable":true,"href":"https:\/\/baldumarket.lt\/lt\/wp-json\/wp\/v2\/media\/160466"}],"wp:attachment":[{"href":"https:\/\/baldumarket.lt\/lt\/wp-json\/wp\/v2\/media?parent=160465"}],"wp:term":[{"taxonomy":"product_brand","embeddable":true,"href":"https:\/\/baldumarket.lt\/lt\/wp-json\/wp\/v2\/product_brand?post=160465"},{"taxonomy":"product_cat","embeddable":true,"href":"https:\/\/baldumarket.lt\/lt\/wp-json\/wp\/v2\/product_cat?post=160465"},{"taxonomy":"product_tag","embeddable":true,"href":"https:\/\/baldumarket.lt\/lt\/wp-json\/wp\/v2\/product_tag?post=160465"}],"curies":[{"name":"wp","href":"https:\/\/api.w.org\/{rel}","templated":true}]}}