{"id":160453,"date":"2025-12-19T01:11:18","date_gmt":"2025-12-18T22:11:18","guid":{"rendered":"https:\/\/baldumarket.lt\/product\/szafka-kuchenna-dolna-1d-sorento-d100n-p-l-naroznik-prosty-bialy-mat-bezowy-mat\/"},"modified":"2026-02-18T11:19:25","modified_gmt":"2026-02-18T08:19:25","slug":"szafka-kuchenna-dolna-1d-sorento-d100n-p-l-naroznik-prosty-bialy-mat-bezowy-mat","status":"publish","type":"product","link":"https:\/\/baldumarket.lt\/lt\/product\/szafka-kuchenna-dolna-1d-sorento-d100n-p-l-naroznik-prosty-bialy-mat-bezowy-mat\/","title":{"rendered":"Apatin\u0117 virtuv\u0117s spintel\u0117 1D Sorento D100N P\/L Ties\u016bs kampai Balta Matin\u0117 Sm\u0117lio Spalva"},"content":{"rendered":"<p>Atraskite elegancij\u0105 ir prakti\u0161kum\u0105 su modernia \u201eSorento D100N\u201c virtuv\u0117s spintele. Jos nesenstantis stilius, derinantis gro\u017e\u012f ir funkcionalum\u0105, skland\u017eiai dera su \u012fvairiais interjero dizainais. Subtilus matin\u0117s sm\u0117lio spalvos priekis harmoningai papildo matin\u0117s baltos spalvos korpus\u0105, sukurdamas rami\u0105 ir jauki\u0105 atmosfer\u0105 j\u016bs\u0173 virtuv\u0117je. \u201eSorento\u201c spintel\u0117 yra \u0161iuolaikinio pra\u0161matnumo sinonimas, pagerinanti bet kurios erdv\u0117s estetik\u0105. Unikal\u0173 dizain\u0105 pabr\u0117\u017eia dr\u0105si juodo metalo rankena, suteikianti bendrai i\u0161vaizdai charakterio. Tokios detal\u0117s kaip rankenos daro \u0161i\u0105 spintel\u0119 unikali\u0105, o \u0161velnaus u\u017edarymo sistema ir u\u017esegami vyriai garantuoja patog\u0173 kasdien\u012f naudojim\u0105. Tai paver\u010dia kiekvien\u0105 virtuv\u0117je praleist\u0105 akimirk\u0105 malonumu, o modern\u016bs sprendimai u\u017etikrina tyl\u0173 ir skland\u0173 dureli\u0173 atidarym\u0105. \u201eSorento\u201c spintel\u0117 i\u0161siskiria ne tik savo dizainu, bet ir prakti\u0161kumu. Reguliuojamos 15 cm kojel\u0117s u\u017etikrina stabilum\u0105 ir palengvina reguliavim\u0105 prie grind\u0173. \u0160is sprendimas suteikia spintelei ergonomin\u0119 funkcij\u0105, puikiai prisitaikydama prie \u012fvairi\u0173 poreiki\u0173. Nepriklausomai nuo kambario dyd\u017eio, ji taps nepakei\u010diamu bet kurios virtuv\u0117s elementu.<\/p>","protected":false},"excerpt":{"rendered":"<p>Plotis (cm): 100<br \/>\n\u016agis (cm): 87<br \/>\nGylis (cm): 56<\/p>","protected":false},"featured_media":160454,"comment_status":"open","ping_status":"open","template":"","meta":[],"product_brand":[],"product_cat":[9436,4106],"product_tag":[],"class_list":{"0":"post-160453","1":"product","2":"type-product","3":"status-publish","4":"has-post-thumbnail","6":"product_cat-kitchen-system-sorento","7":"product_cat-gala-meble","9":"first","10":"instock","11":"purchasable","12":"product-type-simple"},"_links":{"self":[{"href":"https:\/\/baldumarket.lt\/lt\/wp-json\/wp\/v2\/product\/160453","targetHints":{"allow":["GET"]}}],"collection":[{"href":"https:\/\/baldumarket.lt\/lt\/wp-json\/wp\/v2\/product"}],"about":[{"href":"https:\/\/baldumarket.lt\/lt\/wp-json\/wp\/v2\/types\/product"}],"replies":[{"embeddable":true,"href":"https:\/\/baldumarket.lt\/lt\/wp-json\/wp\/v2\/comments?post=160453"}],"wp:featuredmedia":[{"embeddable":true,"href":"https:\/\/baldumarket.lt\/lt\/wp-json\/wp\/v2\/media\/160454"}],"wp:attachment":[{"href":"https:\/\/baldumarket.lt\/lt\/wp-json\/wp\/v2\/media?parent=160453"}],"wp:term":[{"taxonomy":"product_brand","embeddable":true,"href":"https:\/\/baldumarket.lt\/lt\/wp-json\/wp\/v2\/product_brand?post=160453"},{"taxonomy":"product_cat","embeddable":true,"href":"https:\/\/baldumarket.lt\/lt\/wp-json\/wp\/v2\/product_cat?post=160453"},{"taxonomy":"product_tag","embeddable":true,"href":"https:\/\/baldumarket.lt\/lt\/wp-json\/wp\/v2\/product_tag?post=160453"}],"curies":[{"name":"wp","href":"https:\/\/api.w.org\/{rel}","templated":true}]}}