{"id":160447,"date":"2025-12-19T01:11:05","date_gmt":"2025-12-18T22:11:05","guid":{"rendered":"https:\/\/baldumarket.lt\/product\/szafka-kuchenna-dolna-1d-sorento-d100n-p-l-naroznik-prosty-bialy-mat-puccini\/"},"modified":"2026-02-18T11:19:25","modified_gmt":"2026-02-18T08:19:25","slug":"szafka-kuchenna-dolna-1d-sorento-d100n-p-l-naroznik-prosty-bialy-mat-puccini","status":"publish","type":"product","link":"https:\/\/baldumarket.lt\/lt\/product\/szafka-kuchenna-dolna-1d-sorento-d100n-p-l-naroznik-prosty-bialy-mat-puccini\/","title":{"rendered":"Apatin\u0117 virtuv\u0117s spintel\u0117 1D Sorento D100N P\/L Ties\u016bs kampai Matin\u0117 balta Puccini spalva"},"content":{"rendered":"<p>Su \u201eSorento D100N\u201c apatine virtuv\u0117s spintele, pasi\u017eymin\u010dia nuostabiu Puccini atspalviu, suteikite savo virtuvei elegancijos ir modernumo. \u0160i virtuv\u0117 \u2013 tai daugiau nei funkcionalus baldas \u2013 tai tikras interjero dizaino meno k\u016brinys, derinantis stili\u0173 ir funkcionalum\u0105, sukuriantis j\u016bs\u0173 nam\u0173 visatos centr\u0105. I\u0161skirtinis matin\u0117s baltos spalvos korpusas puikiai papildo Puccini spalvos fasad\u0105, suteikdamas visam baldui rafinuot\u0105 i\u0161vaizd\u0105. D\u0117l auk\u0161tos kokyb\u0117s med\u017eiag\u0173, toki\u0173 kaip laminuota plok\u0161t\u0117, spintel\u0117 ne tik atrodo gra\u017eiai, bet ir yra atspari kasdieniams i\u0161\u0161\u016bkiams. Ji suteikia erdvei unikalaus \u017eavesio, tod\u0117l idealiai tinka moderniam ir stilingam interjerui. \u0160is modelis i\u0161siskiria savo prakti\u0161kumu \u2013 reguliuojamos 15 cm kojel\u0117s leid\u017eia reguliuoti spintel\u0117s auk\u0161t\u012f pagal individualius poreikius ir u\u017etikrina stabilum\u0105 ant bet kokio tipo grind\u0173. Patogum\u0105 didina juodos metalin\u0117s rankenos ir \u0161velniai u\u017esidarantys vyriai, kurie u\u017etikrina skland\u0173 ir tyl\u0173 u\u017edarym\u0105.<\/p>","protected":false},"excerpt":{"rendered":"<p>Plotis (cm): 100<br \/>\n\u016agis (cm): 87<br \/>\nGylis (cm): 56<\/p>","protected":false},"featured_media":160448,"comment_status":"open","ping_status":"open","template":"","meta":[],"product_brand":[],"product_cat":[9436,4106],"product_tag":[],"class_list":{"0":"post-160447","1":"product","2":"type-product","3":"status-publish","4":"has-post-thumbnail","6":"product_cat-kitchen-system-sorento","7":"product_cat-gala-meble","9":"first","10":"instock","11":"purchasable","12":"product-type-simple"},"_links":{"self":[{"href":"https:\/\/baldumarket.lt\/lt\/wp-json\/wp\/v2\/product\/160447","targetHints":{"allow":["GET"]}}],"collection":[{"href":"https:\/\/baldumarket.lt\/lt\/wp-json\/wp\/v2\/product"}],"about":[{"href":"https:\/\/baldumarket.lt\/lt\/wp-json\/wp\/v2\/types\/product"}],"replies":[{"embeddable":true,"href":"https:\/\/baldumarket.lt\/lt\/wp-json\/wp\/v2\/comments?post=160447"}],"wp:featuredmedia":[{"embeddable":true,"href":"https:\/\/baldumarket.lt\/lt\/wp-json\/wp\/v2\/media\/160448"}],"wp:attachment":[{"href":"https:\/\/baldumarket.lt\/lt\/wp-json\/wp\/v2\/media?parent=160447"}],"wp:term":[{"taxonomy":"product_brand","embeddable":true,"href":"https:\/\/baldumarket.lt\/lt\/wp-json\/wp\/v2\/product_brand?post=160447"},{"taxonomy":"product_cat","embeddable":true,"href":"https:\/\/baldumarket.lt\/lt\/wp-json\/wp\/v2\/product_cat?post=160447"},{"taxonomy":"product_tag","embeddable":true,"href":"https:\/\/baldumarket.lt\/lt\/wp-json\/wp\/v2\/product_tag?post=160447"}],"curies":[{"name":"wp","href":"https:\/\/api.w.org\/{rel}","templated":true}]}}