{"id":160441,"date":"2025-12-19T01:10:53","date_gmt":"2025-12-18T22:10:53","guid":{"rendered":"https:\/\/baldumarket.lt\/product\/szafka-kuchenna-dolna-1d-sorento-d100n-p-l-naroznik-prosty-puccini-bialy-mat-ramka\/"},"modified":"2026-02-18T11:19:25","modified_gmt":"2026-02-18T08:19:25","slug":"szafka-kuchenna-dolna-1d-sorento-d100n-p-l-naroznik-prosty-puccini-bialy-mat-ramka","status":"publish","type":"product","link":"https:\/\/baldumarket.lt\/lt\/product\/szafka-kuchenna-dolna-1d-sorento-d100n-p-l-naroznik-prosty-puccini-bialy-mat-ramka\/","title":{"rendered":"Apatin\u0117 virtuv\u0117s spintel\u0117 1D Sorento D100N P\/L tiesaus kampo Puccini matin\u0117s baltos spalvos r\u0117mas"},"content":{"rendered":"<p>Pakelkite savo virtuv\u0119 \u012f auk\u0161tesn\u012f elegancijos lyg\u012f su \u201eSorento D100N\u201c virtuv\u0117s spintele. Tai tobulas modernaus dizaino ir funkcionalumo derinys, suteikiantis j\u016bs\u0173 interjerui unikal\u0173 stili\u0173 ir harmonij\u0105. Esteti\u0161kai patrauklus matin\u0117s baltos spalvos fasadas kartu su egzoti\u0161ku Puccini atspalviu daro \u0161i\u0105 spintel\u0119 puikiai tinkan\u010di\u0105 \u012fvairiems virtuv\u0117s dizainams \u2013 nuo minimalistinio iki klasikinio. Jei vertinate subtilius ir eleganti\u0161kus akcentus, jums patiks auksin\u0117 metalin\u0117 rankena, kuri ne tik suteikia blizgesio, bet ir tampa prakti\u0161ku elementu kasdieniam naudojimui. \u201eClip-On\u201c vyriai su \u0161velnaus u\u017edarymo funkcija u\u017etikrina skland\u0173 ir be r\u016bpes\u010di\u0173 valdym\u0105, idealiai tinka perpildytose ir u\u017eimtose virtuv\u0117se, kartu u\u017etikrindami ilgalaik\u012f veikim\u0105. Ji taip pat i\u0161siskiria savo funkcionalumu. Reguliuojamos 15 cm kojel\u0117s leid\u017eia pritaikyti spintel\u0119 pagal individualius poreikius, o tai ne\u012fkainojama ant nelygi\u0173 pavir\u0161i\u0173. Be to, vidin\u0117 lentyna suteikia daug vietos, tod\u0117l galite lengvai laikyti visus b\u016btiniausius virtuv\u0117s reikmenis.<\/p>","protected":false},"excerpt":{"rendered":"<p>Plotis (cm): 100<br \/>\n\u016agis (cm): 87<br \/>\nGylis (cm): 56<\/p>","protected":false},"featured_media":160442,"comment_status":"open","ping_status":"open","template":"","meta":[],"product_brand":[],"product_cat":[9436,4106],"product_tag":[],"class_list":{"0":"post-160441","1":"product","2":"type-product","3":"status-publish","4":"has-post-thumbnail","6":"product_cat-kitchen-system-sorento","7":"product_cat-gala-meble","9":"first","10":"instock","11":"purchasable","12":"product-type-simple"},"_links":{"self":[{"href":"https:\/\/baldumarket.lt\/lt\/wp-json\/wp\/v2\/product\/160441","targetHints":{"allow":["GET"]}}],"collection":[{"href":"https:\/\/baldumarket.lt\/lt\/wp-json\/wp\/v2\/product"}],"about":[{"href":"https:\/\/baldumarket.lt\/lt\/wp-json\/wp\/v2\/types\/product"}],"replies":[{"embeddable":true,"href":"https:\/\/baldumarket.lt\/lt\/wp-json\/wp\/v2\/comments?post=160441"}],"wp:featuredmedia":[{"embeddable":true,"href":"https:\/\/baldumarket.lt\/lt\/wp-json\/wp\/v2\/media\/160442"}],"wp:attachment":[{"href":"https:\/\/baldumarket.lt\/lt\/wp-json\/wp\/v2\/media?parent=160441"}],"wp:term":[{"taxonomy":"product_brand","embeddable":true,"href":"https:\/\/baldumarket.lt\/lt\/wp-json\/wp\/v2\/product_brand?post=160441"},{"taxonomy":"product_cat","embeddable":true,"href":"https:\/\/baldumarket.lt\/lt\/wp-json\/wp\/v2\/product_cat?post=160441"},{"taxonomy":"product_tag","embeddable":true,"href":"https:\/\/baldumarket.lt\/lt\/wp-json\/wp\/v2\/product_tag?post=160441"}],"curies":[{"name":"wp","href":"https:\/\/api.w.org\/{rel}","templated":true}]}}