{"id":160436,"date":"2025-12-19T01:10:43","date_gmt":"2025-12-18T22:10:43","guid":{"rendered":"https:\/\/baldumarket.lt\/product\/szafka-kuchenna-dolna-1d-sorento-d30-p-l-baltic-storm\/"},"modified":"2026-02-18T11:19:25","modified_gmt":"2026-02-18T08:19:25","slug":"szafka-kuchenna-dolna-1d-sorento-d30-p-l-baltic-storm","status":"publish","type":"product","link":"https:\/\/baldumarket.lt\/lt\/product\/szafka-kuchenna-dolna-1d-sorento-d30-p-l-baltic-storm\/","title":{"rendered":"Apatin\u0117 virtuv\u0117s spintel\u0117 1D Sorento D30 P\/L Baltic Storm"},"content":{"rendered":"<p>Atraskite eleganti\u0161k\u0105 \u201eSorento D30 1-D\u201c apatin\u0119 virtuv\u0117s spintel\u0119 \u201eBaltic Storm\u201c spalvos, kuri suteiks j\u016bs\u0173 virtuvei modernumo. Sukurta atsi\u017evelgiant \u012f funkcionalum\u0105 ir stili\u0173, \u0161i spintel\u0117 puikiai derina paprastum\u0105 su i\u0161skirtiniu dizainu. Subtil\u016bs, laminuoti \u201eBaltic Storm\u201c fasadai sukuria harmoning\u0105 atmosfer\u0105 ir yra atspar\u016bs \u012fbr\u0117\u017eimams, idealiai tinkantys intensyviam naudojimui. Auk\u0161t\u0105 \u0161io spintel\u0117s estetik\u0105 \u012frodo ne tik gra\u017eios spalvos, bet ir kruop\u0161\u010diai suprojektuotos detal\u0117s. 15 cm juoda metalin\u0117 rankena suteikia modernumo, o \u0161velnaus u\u017edarymo mechanizmas \u201eClip-On\u201c leid\u017eia patogiai ir patogiai u\u017edaryti spintel\u0119. Auk\u0161tos, reguliuojamo auk\u0161\u010dio kojel\u0117s leid\u017eia pritaikyti spintel\u0119 pagal individualius poreikius, u\u017etikrinant stabilum\u0105 ir lengv\u0105 valym\u0105. 30 cm plo\u010dio ir 87 cm auk\u0161\u010dio spintel\u0117 puikiai tinka net ma\u017eoms virtuv\u0117ms, suteikdama daug vietos daiktams susid\u0117ti. Be to, 52 cm gylis rei\u0161kia, kad joje tilps visi reikalingi virtuv\u0117s reikmenys, o d\u0117l gerai apgalvoto dizaino gausite papildom\u0105 darbin\u012f pavir\u0161i\u0173, kuris palengvins kasdien\u012f maisto gaminim\u0105 ir organizavim\u0105.<\/p>","protected":false},"excerpt":{"rendered":"<p>Plotis (cm): 30<br \/>\n\u016agis (cm): 87<br \/>\nGylis (cm): 52<\/p>","protected":false},"featured_media":160437,"comment_status":"open","ping_status":"open","template":"","meta":[],"product_brand":[],"product_cat":[9436,4106],"product_tag":[],"class_list":{"0":"post-160436","1":"product","2":"type-product","3":"status-publish","4":"has-post-thumbnail","6":"product_cat-kitchen-system-sorento","7":"product_cat-gala-meble","9":"first","10":"instock","11":"purchasable","12":"product-type-simple"},"_links":{"self":[{"href":"https:\/\/baldumarket.lt\/lt\/wp-json\/wp\/v2\/product\/160436","targetHints":{"allow":["GET"]}}],"collection":[{"href":"https:\/\/baldumarket.lt\/lt\/wp-json\/wp\/v2\/product"}],"about":[{"href":"https:\/\/baldumarket.lt\/lt\/wp-json\/wp\/v2\/types\/product"}],"replies":[{"embeddable":true,"href":"https:\/\/baldumarket.lt\/lt\/wp-json\/wp\/v2\/comments?post=160436"}],"wp:featuredmedia":[{"embeddable":true,"href":"https:\/\/baldumarket.lt\/lt\/wp-json\/wp\/v2\/media\/160437"}],"wp:attachment":[{"href":"https:\/\/baldumarket.lt\/lt\/wp-json\/wp\/v2\/media?parent=160436"}],"wp:term":[{"taxonomy":"product_brand","embeddable":true,"href":"https:\/\/baldumarket.lt\/lt\/wp-json\/wp\/v2\/product_brand?post=160436"},{"taxonomy":"product_cat","embeddable":true,"href":"https:\/\/baldumarket.lt\/lt\/wp-json\/wp\/v2\/product_cat?post=160436"},{"taxonomy":"product_tag","embeddable":true,"href":"https:\/\/baldumarket.lt\/lt\/wp-json\/wp\/v2\/product_tag?post=160436"}],"curies":[{"name":"wp","href":"https:\/\/api.w.org\/{rel}","templated":true}]}}