{"id":160431,"date":"2025-12-19T01:10:32","date_gmt":"2025-12-18T22:10:32","guid":{"rendered":"https:\/\/baldumarket.lt\/product\/szafka-kuchenna-dolna-1d-sorento-d30-p-l-baltic-storm-bezowy-mat\/"},"modified":"2026-02-18T11:19:25","modified_gmt":"2026-02-18T08:19:25","slug":"szafka-kuchenna-dolna-1d-sorento-d30-p-l-baltic-storm-bezowy-mat","status":"publish","type":"product","link":"https:\/\/baldumarket.lt\/lt\/product\/szafka-kuchenna-dolna-1d-sorento-d30-p-l-baltic-storm-bezowy-mat\/","title":{"rendered":"Apatin\u0117 virtuv\u0117s spintel\u0117 1D Sorento D30 P\/L Baltic Storm Beige Matte"},"content":{"rendered":"<p>Moderni ir stilinga \u201eSorento D30 1-D\u201c apatin\u0117 virtuv\u0117s spintel\u0117, matin\u0117s sm\u0117lio spalvos \u201eBaltic Storm\u201c, yra puikus sprendimas tiems, kurie vertina estetik\u0105 ir funkcionalum\u0105 virtuv\u0117je. Minimalistinis dizainas suteikia interjerui lengvumo, o eleganti\u0161ka matin\u0117 sm\u0117lio spalvos fasad\u0173 apdaila harmoningai papildo spintel\u0117s j\u016brinius akcentus. Tai puikus pasirinkimas tiems, kurie vertina subtilias detales, kurios erdv\u0119 paver\u010dia unikalia ir jaukia. \u0160ioje spintel\u0117je susitinka funkcionalumas ir elegancija. D\u0117l auk\u0161tos kokyb\u0117s laminuotos plok\u0161t\u0117s naudojimo tiek priekin\u0117 dalis, tiek spintel\u0117 yra atsparios \u012fbr\u0117\u017eimams ir pa\u017eeidimams, tod\u0117l ji ilgaam\u017e\u0117 ir patraukliai atrodo ilgus metus. Kompakti\u0161ki spintel\u0117s matmenys (plotis 30 cm, auk\u0161tis 87 cm, gylis 52 cm) daro j\u0105 ne\u012ftik\u0117tinai prakti\u0161k\u0105 net ma\u017eesn\u0117se virtuv\u0117se, si\u016blant maksimali\u0105 daikt\u0173 saugojimo viet\u0105 ribotoje erdv\u0117je. \u201eSorento\u201c apatin\u0117 spintel\u0117 pasi\u017eymi i\u0161maniu dizainu su reguliuojamomis kojel\u0117mis, kurias galite reguliuoti pagal savo poreikius, u\u017etikrindamos stabilum\u0105 ir papildom\u0105 komfort\u0105. Eleganti\u0161ka juoda metalin\u0117 rankena suteikia modernumo, kartu u\u017etikrindama patvarum\u0105 ir ergonomik\u0105.<\/p>","protected":false},"excerpt":{"rendered":"<p>Plotis (cm): 30<br \/>\n\u016agis (cm): 87<br \/>\nGylis (cm): 52<\/p>","protected":false},"featured_media":160432,"comment_status":"open","ping_status":"open","template":"","meta":[],"product_brand":[],"product_cat":[9436,4106],"product_tag":[],"class_list":{"0":"post-160431","1":"product","2":"type-product","3":"status-publish","4":"has-post-thumbnail","6":"product_cat-kitchen-system-sorento","7":"product_cat-gala-meble","9":"first","10":"instock","11":"purchasable","12":"product-type-simple"},"_links":{"self":[{"href":"https:\/\/baldumarket.lt\/lt\/wp-json\/wp\/v2\/product\/160431","targetHints":{"allow":["GET"]}}],"collection":[{"href":"https:\/\/baldumarket.lt\/lt\/wp-json\/wp\/v2\/product"}],"about":[{"href":"https:\/\/baldumarket.lt\/lt\/wp-json\/wp\/v2\/types\/product"}],"replies":[{"embeddable":true,"href":"https:\/\/baldumarket.lt\/lt\/wp-json\/wp\/v2\/comments?post=160431"}],"wp:featuredmedia":[{"embeddable":true,"href":"https:\/\/baldumarket.lt\/lt\/wp-json\/wp\/v2\/media\/160432"}],"wp:attachment":[{"href":"https:\/\/baldumarket.lt\/lt\/wp-json\/wp\/v2\/media?parent=160431"}],"wp:term":[{"taxonomy":"product_brand","embeddable":true,"href":"https:\/\/baldumarket.lt\/lt\/wp-json\/wp\/v2\/product_brand?post=160431"},{"taxonomy":"product_cat","embeddable":true,"href":"https:\/\/baldumarket.lt\/lt\/wp-json\/wp\/v2\/product_cat?post=160431"},{"taxonomy":"product_tag","embeddable":true,"href":"https:\/\/baldumarket.lt\/lt\/wp-json\/wp\/v2\/product_tag?post=160431"}],"curies":[{"name":"wp","href":"https:\/\/api.w.org\/{rel}","templated":true}]}}