{"id":160426,"date":"2025-12-19T01:10:22","date_gmt":"2025-12-18T22:10:22","guid":{"rendered":"https:\/\/baldumarket.lt\/product\/szafka-kuchenna-dolna-1d-sorento-d30-p-l-baltic-storm-green\/"},"modified":"2026-02-18T11:19:25","modified_gmt":"2026-02-18T08:19:25","slug":"szafka-kuchenna-dolna-1d-sorento-d30-p-l-baltic-storm-green","status":"publish","type":"product","link":"https:\/\/baldumarket.lt\/lt\/product\/szafka-kuchenna-dolna-1d-sorento-d30-p-l-baltic-storm-green\/","title":{"rendered":"Apatin\u0117 virtuv\u0117s spintel\u0117 1D Sorento D30 P\/L Baltic Storm Green"},"content":{"rendered":"<p>Atraskite unikal\u0173 \u201eSorento D30\u201c virtuv\u0117s spintel\u0117s \u017eaves\u012f \u2013 ji puikiai papildys modern\u0173 interjer\u0105. \u0160is unikalus matin\u0117s \u017ealios spalvos priekio ir \u201eBaltic Storm\u201c korpuso derinys suteikia virtuvei gaivumo ir elegancijos. Gamtos \u012fkv\u0117ptas dizainas u\u017etikrina, kad net ir ma\u017eiausia detal\u0117 spinduliuoja subtil\u0173 stili\u0173, kuris su\u017eav\u0117s bet kur\u012f dizaino entuziast\u0105. \u0160i virtuv\u0117s spintel\u0117 ne tik maloni akiai, bet ir si\u016blo prakti\u0161kus sprendimus. Reguliuojamos 15 centimetr\u0173 kojel\u0117s leid\u017eia puikiai prisitaikyti prie bet koki\u0173 grind\u0173 nelygum\u0173, o juoda metalin\u0117 rankena suteikia rafinuotumo, palengvindama prieig\u0105 prie spintel\u0117s vidaus. Tai puikus pasirinkimas tiems, kurie vertina ir estetik\u0105, ir funkcionalum\u0105. \u201eClip-On\u201c vyri\u0173 sistema su \u0161velnaus u\u017edarymo funkcija yra nepakei\u010diama savyb\u0117, didinanti komfort\u0105. Pamir\u0161kite apie dur\u0173 trenksm\u0105 ir m\u0117gaukit\u0117s ramia atmosfera savo namuose. \u201eSorento D30\u201c spintel\u0117 \u2013 tai gerai apgalvotas dizainas, kuris j\u016bs\u0173 virtuv\u0119 papildys eleganti\u0161ku ir prakti\u0161ku elementu.<\/p>","protected":false},"excerpt":{"rendered":"<p>Plotis (cm): 30<br \/>\n\u016agis (cm): 87<br \/>\nGylis (cm): 52<\/p>","protected":false},"featured_media":160427,"comment_status":"open","ping_status":"open","template":"","meta":[],"product_brand":[],"product_cat":[9436,4106],"product_tag":[],"class_list":{"0":"post-160426","1":"product","2":"type-product","3":"status-publish","4":"has-post-thumbnail","6":"product_cat-kitchen-system-sorento","7":"product_cat-gala-meble","9":"first","10":"instock","11":"purchasable","12":"product-type-simple"},"_links":{"self":[{"href":"https:\/\/baldumarket.lt\/lt\/wp-json\/wp\/v2\/product\/160426","targetHints":{"allow":["GET"]}}],"collection":[{"href":"https:\/\/baldumarket.lt\/lt\/wp-json\/wp\/v2\/product"}],"about":[{"href":"https:\/\/baldumarket.lt\/lt\/wp-json\/wp\/v2\/types\/product"}],"replies":[{"embeddable":true,"href":"https:\/\/baldumarket.lt\/lt\/wp-json\/wp\/v2\/comments?post=160426"}],"wp:featuredmedia":[{"embeddable":true,"href":"https:\/\/baldumarket.lt\/lt\/wp-json\/wp\/v2\/media\/160427"}],"wp:attachment":[{"href":"https:\/\/baldumarket.lt\/lt\/wp-json\/wp\/v2\/media?parent=160426"}],"wp:term":[{"taxonomy":"product_brand","embeddable":true,"href":"https:\/\/baldumarket.lt\/lt\/wp-json\/wp\/v2\/product_brand?post=160426"},{"taxonomy":"product_cat","embeddable":true,"href":"https:\/\/baldumarket.lt\/lt\/wp-json\/wp\/v2\/product_cat?post=160426"},{"taxonomy":"product_tag","embeddable":true,"href":"https:\/\/baldumarket.lt\/lt\/wp-json\/wp\/v2\/product_tag?post=160426"}],"curies":[{"name":"wp","href":"https:\/\/api.w.org\/{rel}","templated":true}]}}