{"id":160420,"date":"2025-12-19T01:10:10","date_gmt":"2025-12-18T22:10:10","guid":{"rendered":"https:\/\/baldumarket.lt\/product\/szafka-kuchenna-dolna-1d-sorento-d30-p-l-bialy-mat\/"},"modified":"2026-02-18T11:19:25","modified_gmt":"2026-02-18T08:19:25","slug":"szafka-kuchenna-dolna-1d-sorento-d30-p-l-bialy-mat","status":"publish","type":"product","link":"https:\/\/baldumarket.lt\/lt\/product\/szafka-kuchenna-dolna-1d-sorento-d30-p-l-bialy-mat\/","title":{"rendered":"Apatin\u0117 virtuv\u0117s spintel\u0117 1D Sorento D30 P\/L matin\u0117 balta"},"content":{"rendered":"<p>Atgaivinkite savo virtuv\u0119 su eleganti\u0161ka matin\u0117s baltos spalvos \u201eSorento D30\u201c apatine spintele. \u0160is baldas yra modernios harmonijos \u012fsik\u016bnijimas, puikiai papildantis bet kok\u012f interjero stili\u0173 ir suteikiantis minimalistinio elegancijos. Subtilus, matin\u0117s baltos spalvos atspalvis suteikia visai erdvei gaivumo, erdvumo poj\u016bt\u012f, tod\u0117l tai ne tik prakti\u0161kas, bet ir esteti\u0161kai patrauklus j\u016bs\u0173 dekoro papildymas. \u0160ios spintel\u0117s dizainas pabr\u0117\u017eia funkcionalum\u0105 neprarandant elegancijos. Auksin\u0117 metalin\u0117 rankena suteikia prabang\u0173, ak\u012f traukiant\u012f akcent\u0105, kuris gra\u017eiai kontrastuoja su balta apdaila. \u0160velnus \u201eClip-On\u201c vyri\u0173 u\u017edarymas sukuria tobulai skland\u0173 jud\u0117jim\u0105, suma\u017eina triuk\u0161m\u0105 ir pailgina spintel\u0117s tarnavimo laik\u0105. Tai puikus sprendimas tiems, kurie vertina komfort\u0105 kartu su moderniu dizainu. Pagaminta i\u0161 auk\u0161tos kokyb\u0117s MDF ir laminato, spintel\u0117 yra atspari kasdieniam d\u0117v\u0117jimuisi ir lengvai valoma. D\u0117l reguliuojam\u0173 kojeli\u0173, kurias galima reguliuoti nuo 150 iki 170 mm, galite reguliuoti spintel\u0117s auk\u0161t\u012f pagal savo poreikius, u\u017etikrindami tobul\u0105 virtuv\u0117s i\u0161d\u0117stym\u0105. Tai apgalvotas sprendimas, prisitaikantis prie j\u016bs\u0173 gyvenimo b\u016bdo.<\/p>","protected":false},"excerpt":{"rendered":"<p>Plotis (cm): 30<br \/>\n\u016agis (cm): 87<br \/>\nGylis (cm): 52<\/p>","protected":false},"featured_media":160421,"comment_status":"open","ping_status":"open","template":"","meta":[],"product_brand":[],"product_cat":[9436,4106],"product_tag":[],"class_list":{"0":"post-160420","1":"product","2":"type-product","3":"status-publish","4":"has-post-thumbnail","6":"product_cat-kitchen-system-sorento","7":"product_cat-gala-meble","9":"first","10":"instock","11":"purchasable","12":"product-type-simple"},"_links":{"self":[{"href":"https:\/\/baldumarket.lt\/lt\/wp-json\/wp\/v2\/product\/160420","targetHints":{"allow":["GET"]}}],"collection":[{"href":"https:\/\/baldumarket.lt\/lt\/wp-json\/wp\/v2\/product"}],"about":[{"href":"https:\/\/baldumarket.lt\/lt\/wp-json\/wp\/v2\/types\/product"}],"replies":[{"embeddable":true,"href":"https:\/\/baldumarket.lt\/lt\/wp-json\/wp\/v2\/comments?post=160420"}],"wp:featuredmedia":[{"embeddable":true,"href":"https:\/\/baldumarket.lt\/lt\/wp-json\/wp\/v2\/media\/160421"}],"wp:attachment":[{"href":"https:\/\/baldumarket.lt\/lt\/wp-json\/wp\/v2\/media?parent=160420"}],"wp:term":[{"taxonomy":"product_brand","embeddable":true,"href":"https:\/\/baldumarket.lt\/lt\/wp-json\/wp\/v2\/product_brand?post=160420"},{"taxonomy":"product_cat","embeddable":true,"href":"https:\/\/baldumarket.lt\/lt\/wp-json\/wp\/v2\/product_cat?post=160420"},{"taxonomy":"product_tag","embeddable":true,"href":"https:\/\/baldumarket.lt\/lt\/wp-json\/wp\/v2\/product_tag?post=160420"}],"curies":[{"name":"wp","href":"https:\/\/api.w.org\/{rel}","templated":true}]}}