{"id":160415,"date":"2025-12-19T01:10:00","date_gmt":"2025-12-18T22:10:00","guid":{"rendered":"https:\/\/baldumarket.lt\/product\/szafka-kuchenna-dolna-1d-sorento-d30-p-l-bialy-mat-bezowy-mat\/"},"modified":"2026-02-18T11:19:09","modified_gmt":"2026-02-18T08:19:09","slug":"szafka-kuchenna-dolna-1d-sorento-d30-p-l-bialy-mat-bezowy-mat","status":"publish","type":"product","link":"https:\/\/baldumarket.lt\/lt\/product\/szafka-kuchenna-dolna-1d-sorento-d30-p-l-bialy-mat-bezowy-mat\/","title":{"rendered":"Apatin\u0117 virtuv\u0117s spintel\u0117 1D Sorento D30 P\/L matin\u0117 balta matin\u0117 sm\u0117lio spalvos"},"content":{"rendered":"<p>Atraskite moderni\u0105 elegancij\u0105 su \u201eSorento D30 1-D\u201c virtuv\u0117s spintele \u2013 rafinuotu baltos ir matin\u0117s sm\u0117lio spalvos deriniu. \u0160is unikalus spalv\u0173 derinys puikiai papildys bet kuri\u0105 virtuv\u0119, suteikdamas gaivumo ir stiliaus. Subtilus sm\u0117lio spalvos fasadas sukuria jauki\u0105 atmosfer\u0105, o baltas korpusas spinduliuoja grynumu, suteikdamas interjerui harmonijos. \u201eSorento D30\u201c spintel\u0117 yra ne tik esteti\u0161kai patraukli, bet ir prakti\u0161ka. D\u0117l tylaus u\u017edarymo funkcijos durys u\u017esidaro tyliai, u\u017etikrindamos komfort\u0105 kasdienio virtuv\u0117s \u0161urbulio metu. Juoda metalin\u0117 rankena suteikia modernumo, pabr\u0117\u017eiant industrin\u012f spintel\u0117s charakter\u012f. \u0160ios spintel\u0117s stabilumo pagrind\u0105 u\u017etikrina auk\u0161tos, reguliuojamos kojel\u0117s, leid\u017eian\u010dios jai prisitaikyti prie nelygi\u0173 grind\u0173. Tai suteikia spintelei lengvumo i\u0161vaizd\u0105, tuo pa\u010diu i\u0161laikant stabilum\u0105 vienoje vietoje. Tai ypa\u010d svarbu dinami\u0161koje virtuv\u0117s erdv\u0117je, kur funkcionalumas dera su dizainu.<\/p>","protected":false},"excerpt":{"rendered":"<p>Plotis (cm): 30<br \/>\n\u016agis (cm): 87<br \/>\nGylis (cm): 52<\/p>","protected":false},"featured_media":160416,"comment_status":"open","ping_status":"open","template":"","meta":[],"product_brand":[],"product_cat":[9436,4106],"product_tag":[],"class_list":{"0":"post-160415","1":"product","2":"type-product","3":"status-publish","4":"has-post-thumbnail","6":"product_cat-kitchen-system-sorento","7":"product_cat-gala-meble","9":"first","10":"instock","11":"purchasable","12":"product-type-simple"},"_links":{"self":[{"href":"https:\/\/baldumarket.lt\/lt\/wp-json\/wp\/v2\/product\/160415","targetHints":{"allow":["GET"]}}],"collection":[{"href":"https:\/\/baldumarket.lt\/lt\/wp-json\/wp\/v2\/product"}],"about":[{"href":"https:\/\/baldumarket.lt\/lt\/wp-json\/wp\/v2\/types\/product"}],"replies":[{"embeddable":true,"href":"https:\/\/baldumarket.lt\/lt\/wp-json\/wp\/v2\/comments?post=160415"}],"wp:featuredmedia":[{"embeddable":true,"href":"https:\/\/baldumarket.lt\/lt\/wp-json\/wp\/v2\/media\/160416"}],"wp:attachment":[{"href":"https:\/\/baldumarket.lt\/lt\/wp-json\/wp\/v2\/media?parent=160415"}],"wp:term":[{"taxonomy":"product_brand","embeddable":true,"href":"https:\/\/baldumarket.lt\/lt\/wp-json\/wp\/v2\/product_brand?post=160415"},{"taxonomy":"product_cat","embeddable":true,"href":"https:\/\/baldumarket.lt\/lt\/wp-json\/wp\/v2\/product_cat?post=160415"},{"taxonomy":"product_tag","embeddable":true,"href":"https:\/\/baldumarket.lt\/lt\/wp-json\/wp\/v2\/product_tag?post=160415"}],"curies":[{"name":"wp","href":"https:\/\/api.w.org\/{rel}","templated":true}]}}